{"id":1015721,"date":"2025-04-01T13:51:42","date_gmt":"2025-04-01T11:51:42","guid":{"rendered":"https:\/\/www.claret.cat\/llibre\/la-i-guerra-mundial-9788497946209\/"},"modified":"2025-04-01T13:52:41","modified_gmt":"2025-04-01T11:52:41","slug":"la-i-guerra-mundial-9788497946209","status":"publish","type":"product","link":"https:\/\/www.claret.cat\/es\/libro\/la-i-guerra-mundial-9788497946209\/","title":{"rendered":"LA I GUERRA MUNDIAL"},"content":{"rendered":"<p>Unas ochocientas fotograf\u00edas originales acompa\u00f1adas de una clara informaci\u00f3n. Hechos nuevos e ideas recientes. Cubre extensamente todos los aspectos de la I Guerra Mundial con textos e ilustraciones.<\/p>\n","protected":false},"excerpt":{"rendered":"<p>ANDRIESSEN, J.H.J.<\/p>\n","protected":false},"featured_media":1015722,"template":"","meta":{"_acf_changed":false,"om_disable_all_campaigns":false,"rs_blank_template":"","rs_page_bg_color":"","slide_template_v7":"","inline_featured_image":false,"_monsterinsights_skip_tracking":false,"_monsterinsights_sitenote_active":false,"_monsterinsights_sitenote_note":"","_monsterinsights_sitenote_category":0},"product_brand":[],"product_cat":[368,151],"product_tag":[],"class_list":{"0":"post-1015721","1":"product","2":"type-product","3":"status-publish","4":"has-post-thumbnail","6":"product_cat-contemporanea","7":"product_cat-contemporania","9":"first","10":"instock","11":"taxable","12":"shipping-taxable","13":"purchasable","14":"product-type-simple"},"acf":{"autor":"ANDRIESSEN, J.H.J.","codart":"849794620","libros-coleccion":"FORA DE COL.LECCI\u00d3","ediciones":"1","encuadernacion":"Carton\u00e9","fecha_de_publicacion":"01\/07\/2024","novedad":"1","paginas":"0","subtitulo":"","orden":"0","portada":"0","idioma":"spa","editorial":[{"ID":147902,"post_author":"3","post_date":"2022-10-14 11:54:06","post_date_gmt":"2022-10-14 09:54:06","post_content":"","post_title":"Edimat","post_excerpt":"","post_status":"publish","comment_status":"closed","ping_status":"closed","post_password":"","post_name":"edimat","to_ping":"","pinged":"","post_modified":"2022-10-14 11:54:06","post_modified_gmt":"2022-10-14 09:54:06","post_content_filtered":"","post_parent":0,"guid":"http:\/\/dev.claret.cat\/editorial\/edimat\/","menu_order":0,"post_type":"editorial","post_mime_type":"","comment_count":"0","filter":"raw"}]},"aioseo_notices":[],"_links":{"self":[{"href":"https:\/\/www.claret.cat\/es\/wp-json\/wp\/v2\/product\/1015721","targetHints":{"allow":["GET"]}}],"collection":[{"href":"https:\/\/www.claret.cat\/es\/wp-json\/wp\/v2\/product"}],"about":[{"href":"https:\/\/www.claret.cat\/es\/wp-json\/wp\/v2\/types\/product"}],"wp:featuredmedia":[{"embeddable":true,"href":"https:\/\/www.claret.cat\/es\/wp-json\/wp\/v2\/media\/1015722"}],"wp:attachment":[{"href":"https:\/\/www.claret.cat\/es\/wp-json\/wp\/v2\/media?parent=1015721"}],"wp:term":[{"taxonomy":"product_brand","embeddable":true,"href":"https:\/\/www.claret.cat\/es\/wp-json\/wp\/v2\/product_brand?post=1015721"},{"taxonomy":"product_cat","embeddable":true,"href":"https:\/\/www.claret.cat\/es\/wp-json\/wp\/v2\/product_cat?post=1015721"},{"taxonomy":"product_tag","embeddable":true,"href":"https:\/\/www.claret.cat\/es\/wp-json\/wp\/v2\/product_tag?post=1015721"}],"curies":[{"name":"wp","href":"https:\/\/api.w.org\/{rel}","templated":true}]}}