{"id":1016275,"date":"2025-04-02T16:45:02","date_gmt":"2025-04-02T14:45:02","guid":{"rendered":"https:\/\/www.claret.cat\/llibre\/breu-tractat-de-la-tranquillitat-de-lanima-9788487023941\/"},"modified":"2026-04-09T13:25:27","modified_gmt":"2026-04-09T11:25:27","slug":"breu-tractat-de-la-tranquillitat-de-lanima-9788487023941","status":"publish","type":"product","link":"https:\/\/www.claret.cat\/es\/libro\/breu-tractat-de-la-tranquillitat-de-lanima-9788487023941\/","title":{"rendered":"BREU TRACTAT DE LA TRANQUIL\u00b7LITAT DE L\u00b4\u00c0NIMA"},"content":{"rendered":"<p>Per primera vegada, <strong>aquest tresor de la m\u00edstica catalana i universal es presenta en llengua catalana<\/strong>, despr\u00e9s de romandre amagat durant quatre segles. En aquest llibre, <strong>Sant Miquel dels Sants (Vic, 1591 &#8211; Valladolid, 1625) comparteix el seu missatge de serenitat i plenitud,<\/strong> oferint un cam\u00ed per superar les inquietuds i les preocupacions mundanes, i per trobar l&#8217;<strong>equilibri personal i la pau interior.<\/strong><\/p>\n<p>En l\u00ednia amb altres <strong>grans m\u00edstics com Santa Teresa de Jes\u00fas i Sant Joan de la Creu<\/strong>, la figura de Sant Miquel dels Sants ha estat reivindicada per autors com Josep Torras i Bages com un referent de la tradici\u00f3 espiritual catalana, lloant la seva profunditat intel\u00b7lectual i espiritual.<\/p>\n<p>Aquesta rigorosa edici\u00f3 cr\u00edtica, preparada per <strong>Abel Mir\u00f3 i Comas<\/strong>, inclou un detallat estudi introductori, notes i comentaris que ajuden el lector a comprendre millor el missatge de Miquel dels Sants i situar-lo en el seu context hist\u00f2ric i filos\u00f2fic. <strong>La publicaci\u00f3 arriba en el 400\u00e8 aniversari de la seva mort<\/strong>, un moment perfecte per <strong>redescobrir la figura d\u2019un gran esperit catal\u00e0 i valorar la seva influ\u00e8ncia en l\u2019experi\u00e8ncia cristiana i la m\u00edstica universal.<\/strong><\/p>\n","protected":false},"excerpt":{"rendered":"<p>DELS SANTS, SANT MIQUEL\/MIRO I COMAS, ABEL<\/p>\n","protected":false},"featured_media":1018391,"template":"","meta":{"_acf_changed":false,"om_disable_all_campaigns":false,"rs_blank_template":"","rs_page_bg_color":"","slide_template_v7":"","inline_featured_image":false,"_monsterinsights_skip_tracking":false,"_monsterinsights_sitenote_active":false,"_monsterinsights_sitenote_note":"","_monsterinsights_sitenote_category":0},"product_brand":[],"product_cat":[307,486,233,392,231],"product_tag":[],"class_list":{"0":"post-1016275","1":"product","2":"type-product","3":"status-publish","4":"has-post-thumbnail","6":"product_cat-catala","7":"product_cat-mistica-espiritualidad-1_espiritualidad","8":"product_cat-mistica","9":"product_cat-obras-generales","10":"product_cat-obres-generals","12":"first","13":"instock","14":"taxable","15":"shipping-taxable","16":"purchasable","17":"product-type-simple"},"acf":{"autor":"DELS SANTS, SANT MIQUEL\/MIRO I COMAS, ABEL","codart":"848702394","libros-coleccion":"FORA DE COL.LECCI\u00d3","ediciones":"1","encuadernacion":"Carpeta","fecha_de_publicacion":"01\/04\/2025","novedad":"1","paginas":"269","subtitulo":"","orden":"9","portada":"1","idioma":"cat","editorial":[{"ID":963438,"post_author":"3","post_date":"2024-05-03 11:22:44","post_date_gmt":"2024-05-03 09:22:44","post_content":"","post_title":"EDITORIAL ALBADA","post_excerpt":"","post_status":"publish","comment_status":"closed","ping_status":"closed","post_password":"","post_name":"editorial-albada","to_ping":"","pinged":"","post_modified":"2024-05-03 11:22:44","post_modified_gmt":"2024-05-03 09:22:44","post_content_filtered":"","post_parent":0,"guid":"https:\/\/www.claret.cat\/editorial\/editorial-albada\/","menu_order":0,"post_type":"editorial","post_mime_type":"","comment_count":"0","filter":"raw"}],"booktrailer":"","resenas":"","linkebook":"","ficha":"","muestra":"","precioebook":"0","presentacion":""},"aioseo_notices":[],"_links":{"self":[{"href":"https:\/\/www.claret.cat\/es\/wp-json\/wp\/v2\/product\/1016275","targetHints":{"allow":["GET"]}}],"collection":[{"href":"https:\/\/www.claret.cat\/es\/wp-json\/wp\/v2\/product"}],"about":[{"href":"https:\/\/www.claret.cat\/es\/wp-json\/wp\/v2\/types\/product"}],"wp:featuredmedia":[{"embeddable":true,"href":"https:\/\/www.claret.cat\/es\/wp-json\/wp\/v2\/media\/1018391"}],"wp:attachment":[{"href":"https:\/\/www.claret.cat\/es\/wp-json\/wp\/v2\/media?parent=1016275"}],"wp:term":[{"taxonomy":"product_brand","embeddable":true,"href":"https:\/\/www.claret.cat\/es\/wp-json\/wp\/v2\/product_brand?post=1016275"},{"taxonomy":"product_cat","embeddable":true,"href":"https:\/\/www.claret.cat\/es\/wp-json\/wp\/v2\/product_cat?post=1016275"},{"taxonomy":"product_tag","embeddable":true,"href":"https:\/\/www.claret.cat\/es\/wp-json\/wp\/v2\/product_tag?post=1016275"}],"curies":[{"name":"wp","href":"https:\/\/api.w.org\/{rel}","templated":true}]}}