{"id":1016316,"date":"2025-04-02T17:15:09","date_gmt":"2025-04-02T15:15:09","guid":{"rendered":"https:\/\/www.claret.cat\/llibre\/dc-premiere-amanecer-de-dc-batman-01-mecanismo-de-seguridad-9788410519794\/"},"modified":"2025-04-02T17:15:20","modified_gmt":"2025-04-02T15:15:20","slug":"dc-premiere-amanecer-de-dc-batman-01-mecanismo-de-seguridad-9788410519794","status":"publish","type":"product","link":"https:\/\/www.claret.cat\/es\/libro\/dc-premiere-amanecer-de-dc-batman-01-mecanismo-de-seguridad-9788410519794\/","title":{"rendered":"DC PREMIERE. AMANECER DE DC. BATMAN 01: MECANISMO DE SEGURIDAD"},"content":{"rendered":"<p>Batman se une a DC Premiere con la etapa de la superestrella Chip Zdarsky, los incre\u00edbles artistas espa\u00f1oles Jorge Jim\u00e9nez y Bel\u00e9n Ortega y el aclamado dibujante Leonardo Romero! Bruce Wayne se encuentra en un punto de inflexi\u00f3n, acosado por sue\u00f1os de un futuro oscuro, mientras los multimillonarios de Gotham est\u00e1n siendo asesinados de forma espantosa. Despu\u00e9s de que Batman sea incriminado por asesinato, se activa un protocolo mortal. Asiste a la llegada de Failsafe.<\/p>\n","protected":false},"excerpt":{"rendered":"<p>CHIP ZDARSKY\/ LEONARDO ROMERO\/ JORGE JIM\u00c9NEZ\/ BEL\u00c9N ORTEGA<\/p>\n","protected":false},"featured_media":1016317,"template":"","meta":{"_acf_changed":false,"om_disable_all_campaigns":false,"rs_blank_template":"","rs_page_bg_color":"","slide_template_v7":"","inline_featured_image":false,"_monsterinsights_skip_tracking":false,"_monsterinsights_sitenote_active":false,"_monsterinsights_sitenote_note":"","_monsterinsights_sitenote_category":0},"product_brand":[],"product_cat":[108,558],"product_tag":[],"class_list":{"0":"post-1016316","1":"product","2":"type-product","3":"status-publish","4":"has-post-thumbnail","6":"product_cat-comic","7":"product_cat-comic-3_infantil-juvenil-spa-spa","9":"first","10":"instock","11":"taxable","12":"shipping-taxable","13":"purchasable","14":"product-type-simple"},"acf":{"autor":"CHIP ZDARSKY\/ LEONARDO ROMERO\/ JORGE JIM\u00c9NEZ\/ BEL\u00c9N ORTEGA","codart":"841051979","libros-coleccion":"FORA DE COL.LECCI\u00d3","ediciones":"1","encuadernacion":"Carpeta","fecha_de_publicacion":"01\/04\/2025","novedad":"1","paginas":"224","subtitulo":"DC PREMIERE V1 2","orden":"0","portada":"0","idioma":"spa","editorial":[{"ID":148636,"post_author":"3","post_date":"2022-10-14 11:59:48","post_date_gmt":"2022-10-14 09:59:48","post_content":"","post_title":"PANINI ESPA\u00d1A","post_excerpt":"","post_status":"publish","comment_status":"closed","ping_status":"closed","post_password":"","post_name":"panini-espana","to_ping":"","pinged":"","post_modified":"2022-10-14 11:59:48","post_modified_gmt":"2022-10-14 09:59:48","post_content_filtered":"","post_parent":0,"guid":"http:\/\/dev.claret.cat\/editorial\/panini-espana\/","menu_order":0,"post_type":"editorial","post_mime_type":"","comment_count":"0","filter":"raw"}]},"aioseo_notices":[],"_links":{"self":[{"href":"https:\/\/www.claret.cat\/es\/wp-json\/wp\/v2\/product\/1016316","targetHints":{"allow":["GET"]}}],"collection":[{"href":"https:\/\/www.claret.cat\/es\/wp-json\/wp\/v2\/product"}],"about":[{"href":"https:\/\/www.claret.cat\/es\/wp-json\/wp\/v2\/types\/product"}],"wp:featuredmedia":[{"embeddable":true,"href":"https:\/\/www.claret.cat\/es\/wp-json\/wp\/v2\/media\/1016317"}],"wp:attachment":[{"href":"https:\/\/www.claret.cat\/es\/wp-json\/wp\/v2\/media?parent=1016316"}],"wp:term":[{"taxonomy":"product_brand","embeddable":true,"href":"https:\/\/www.claret.cat\/es\/wp-json\/wp\/v2\/product_brand?post=1016316"},{"taxonomy":"product_cat","embeddable":true,"href":"https:\/\/www.claret.cat\/es\/wp-json\/wp\/v2\/product_cat?post=1016316"},{"taxonomy":"product_tag","embeddable":true,"href":"https:\/\/www.claret.cat\/es\/wp-json\/wp\/v2\/product_tag?post=1016316"}],"curies":[{"name":"wp","href":"https:\/\/api.w.org\/{rel}","templated":true}]}}