{"id":1016424,"date":"2025-04-03T11:25:18","date_gmt":"2025-04-03T09:25:18","guid":{"rendered":"https:\/\/www.claret.cat\/llibre\/messi-el-rei-leo-9788410131781\/"},"modified":"2025-04-25T19:56:03","modified_gmt":"2025-04-25T17:56:03","slug":"messi-el-rei-leo-9788410131781","status":"publish","type":"product","link":"https:\/\/www.claret.cat\/es\/libro\/messi-el-rei-leo-9788410131781\/","title":{"rendered":"MESSI. EL REI LEO"},"content":{"rendered":"<p>La hist\u00f2ria de Lionel Messi \u00e9s excepcional i, probablement, irrepetible. \u00c9s una seq\u00fc\u00e8ncia de pel\u00b7l\u00edcula interminable, com si la c\u00e0mera tingu\u00e9s una bateria eterna per seguir registrant les seves meravelloses jugades, m\u00e9s de 800 gols i els moments de gloria que superen tots els registres que coneixem fins al moment.<br \/> El Rei Leo \u00e9s una petita biografia realitzada pel periodista esportiu franc\u00e9s Florent Torchut (del diari L&#x2019;\u00c9quipe i la revista France Football) sobre l&#x2019;astre argent\u00ed, a qui va entrevistar diverses vegades. Actualitzada amb la consagraci\u00f3 de l&#x2019;astre argent\u00ed a Qatar, l&#8221;autor ens explica totes les etapes de creixement de Messi: els seus inicis a Grandoli i Newell&#8221;s, el seu viatge a Espanya, el debut i el recorregut magistral amb el FC Barcelona i la seva traject\u00f2ria en la selecci\u00f3 nacional fins a guanyar la Copa Am\u00e8rica i el Mundial. En aquestes entrevistes exclusives podem con\u00e8ixer en profunditat l&#x2019;evoluci\u00f3 de Leo que van dur-lo a convertir-se en el millor jugador de futbol d&#x2019;aquest segle.<\/p>\n","protected":false},"excerpt":{"rendered":"<p>TORCHUT, FLORENT<\/p>\n","protected":false},"featured_media":1016425,"template":"","meta":{"_acf_changed":false,"om_disable_all_campaigns":false,"rs_blank_template":"","rs_page_bg_color":"","slide_template_v7":"","inline_featured_image":false,"_monsterinsights_skip_tracking":false,"_monsterinsights_sitenote_active":false,"_monsterinsights_sitenote_note":"","_monsterinsights_sitenote_category":0},"product_brand":[],"product_cat":[549,99],"product_tag":[],"class_list":{"0":"post-1016424","1":"product","2":"type-product","3":"status-publish","4":"has-post-thumbnail","6":"product_cat-biografias","7":"product_cat-biografies","9":"first","10":"instock","11":"taxable","12":"shipping-taxable","13":"purchasable","14":"product-type-simple"},"acf":{"autor":"TORCHUT, FLORENT","codart":"841013178","libros-coleccion":"Base Esport","ediciones":"1","encuadernacion":"R\u00fastica","fecha_de_publicacion":"01\/04\/2025","novedad":"1","paginas":"210","subtitulo":"","orden":"0","portada":"0","idioma":"cat","editorial":[{"ID":147931,"post_author":"3","post_date":"2022-10-14 11:54:20","post_date_gmt":"2022-10-14 09:54:20","post_content":"","post_title":"EDITORIAL BASE (CAT)","post_excerpt":"","post_status":"publish","comment_status":"closed","ping_status":"closed","post_password":"","post_name":"editorial-base-cat","to_ping":"","pinged":"","post_modified":"2022-10-14 11:54:20","post_modified_gmt":"2022-10-14 09:54:20","post_content_filtered":"","post_parent":0,"guid":"http:\/\/dev.claret.cat\/editorial\/editorial-base-cat\/","menu_order":0,"post_type":"editorial","post_mime_type":"","comment_count":"0","filter":"raw"}],"booktrailer":"","resenas":""},"aioseo_notices":[],"_links":{"self":[{"href":"https:\/\/www.claret.cat\/es\/wp-json\/wp\/v2\/product\/1016424","targetHints":{"allow":["GET"]}}],"collection":[{"href":"https:\/\/www.claret.cat\/es\/wp-json\/wp\/v2\/product"}],"about":[{"href":"https:\/\/www.claret.cat\/es\/wp-json\/wp\/v2\/types\/product"}],"wp:featuredmedia":[{"embeddable":true,"href":"https:\/\/www.claret.cat\/es\/wp-json\/wp\/v2\/media\/1016425"}],"wp:attachment":[{"href":"https:\/\/www.claret.cat\/es\/wp-json\/wp\/v2\/media?parent=1016424"}],"wp:term":[{"taxonomy":"product_brand","embeddable":true,"href":"https:\/\/www.claret.cat\/es\/wp-json\/wp\/v2\/product_brand?post=1016424"},{"taxonomy":"product_cat","embeddable":true,"href":"https:\/\/www.claret.cat\/es\/wp-json\/wp\/v2\/product_cat?post=1016424"},{"taxonomy":"product_tag","embeddable":true,"href":"https:\/\/www.claret.cat\/es\/wp-json\/wp\/v2\/product_tag?post=1016424"}],"curies":[{"name":"wp","href":"https:\/\/api.w.org\/{rel}","templated":true}]}}