{"id":1016517,"date":"2025-04-03T13:10:22","date_gmt":"2025-04-03T11:10:22","guid":{"rendered":"https:\/\/www.claret.cat\/llibre\/los-privilegios-del-olvido-9788437508399\/"},"modified":"2025-04-03T13:17:11","modified_gmt":"2025-04-03T11:17:11","slug":"los-privilegios-del-olvido-9788437508399","status":"publish","type":"product","link":"https:\/\/www.claret.cat\/es\/libro\/los-privilegios-del-olvido-9788437508399\/","title":{"rendered":"LOS PRIVILEGIOS DEL OLVIDO"},"content":{"rendered":"<p>Seg\u00fan Piedad Bonnett, cuando el poeta muere \u201cla poes\u00eda, que es inmortal, lo mira desde arriba, \/ ciega de luz y ajena como una estrella antigua\u201d. \u00bfPreguntar\u00e1 la poes\u00eda qu\u00e9 hicimos con ella cuando nos visitaba? Piedad Bonnett, que tan sabiamente se mueve en el justo l\u00edmite de su propuesta, que no va in\u00fatilmente m\u00e1s all\u00e1 del material que desde un inicio aparece en su poderosa intuici\u00f3n po\u00e9tica como trabajable, que \u201cno abusa del lector\u201d encubriendo con artificios y manierismos ideas inconsistentes, que mantiene la transparencia de su palabra emocionada lejos de las estridencias, hace tiempo que tiene una respuesta. Dir\u00e1, junto con la gran poeta norteamericana Marianne Moore, que en la poes\u00eda encontr\u00f3 \u201cun lugar para lo genuino\u201d.<br \/> Jos\u00e9 Watanabe<\/p>\n","protected":false},"excerpt":{"rendered":"<p>BONNETT, PIEDAD<\/p>\n","protected":false},"featured_media":1016518,"template":"","meta":{"_acf_changed":false,"om_disable_all_campaigns":false,"rs_blank_template":"","rs_page_bg_color":"","slide_template_v7":"","inline_featured_image":false,"_monsterinsights_skip_tracking":false,"_monsterinsights_sitenote_active":false,"_monsterinsights_sitenote_note":"","_monsterinsights_sitenote_category":0},"product_brand":[],"product_cat":[121,340],"product_tag":[],"class_list":{"0":"post-1016517","1":"product","2":"type-product","3":"status-publish","4":"has-post-thumbnail","6":"product_cat-poesia","7":"product_cat-poesia-5_otras","9":"first","10":"instock","11":"taxable","12":"shipping-taxable","13":"purchasable","14":"product-type-simple"},"acf":{"autor":"BONNETT, PIEDAD","codart":"843750839","libros-coleccion":"Tierra Firme","ediciones":"1","encuadernacion":"R\u00fastica","fecha_de_publicacion":"01\/04\/2025","novedad":"1","paginas":"194","subtitulo":"ANTOLOG\u00cdA PERSONAL","orden":"0","portada":"0","idioma":"spa","editorial":[{"ID":148655,"post_author":"3","post_date":"2022-10-14 11:59:57","post_date_gmt":"2022-10-14 09:59:57","post_content":"","post_title":"PENGUIN BOOKS","post_excerpt":"","post_status":"publish","comment_status":"closed","ping_status":"closed","post_password":"","post_name":"penguin-books","to_ping":"","pinged":"","post_modified":"2022-10-14 11:59:57","post_modified_gmt":"2022-10-14 09:59:57","post_content_filtered":"","post_parent":0,"guid":"http:\/\/dev.claret.cat\/editorial\/penguin-books\/","menu_order":0,"post_type":"editorial","post_mime_type":"","comment_count":"0","filter":"raw"}]},"aioseo_notices":[],"_links":{"self":[{"href":"https:\/\/www.claret.cat\/es\/wp-json\/wp\/v2\/product\/1016517","targetHints":{"allow":["GET"]}}],"collection":[{"href":"https:\/\/www.claret.cat\/es\/wp-json\/wp\/v2\/product"}],"about":[{"href":"https:\/\/www.claret.cat\/es\/wp-json\/wp\/v2\/types\/product"}],"wp:featuredmedia":[{"embeddable":true,"href":"https:\/\/www.claret.cat\/es\/wp-json\/wp\/v2\/media\/1016518"}],"wp:attachment":[{"href":"https:\/\/www.claret.cat\/es\/wp-json\/wp\/v2\/media?parent=1016517"}],"wp:term":[{"taxonomy":"product_brand","embeddable":true,"href":"https:\/\/www.claret.cat\/es\/wp-json\/wp\/v2\/product_brand?post=1016517"},{"taxonomy":"product_cat","embeddable":true,"href":"https:\/\/www.claret.cat\/es\/wp-json\/wp\/v2\/product_cat?post=1016517"},{"taxonomy":"product_tag","embeddable":true,"href":"https:\/\/www.claret.cat\/es\/wp-json\/wp\/v2\/product_tag?post=1016517"}],"curies":[{"name":"wp","href":"https:\/\/api.w.org\/{rel}","templated":true}]}}