{"id":1016537,"date":"2025-04-03T13:25:02","date_gmt":"2025-04-03T11:25:02","guid":{"rendered":"https:\/\/www.claret.cat\/llibre\/joguines-dabans-9788418096891\/"},"modified":"2025-04-03T13:45:20","modified_gmt":"2025-04-03T11:45:20","slug":"joguines-dabans-9788418096891","status":"publish","type":"product","link":"https:\/\/www.claret.cat\/es\/libro\/joguines-dabans-9788418096891\/","title":{"rendered":"JOGUINES D&#8217;ABANS"},"content":{"rendered":"<p>Hi ha res m\u00e9s entranyable que rememorar els nostres joguets d&#x2019;infantesa? Aquest ja pot ser un bon motiu per gaudir d&#x2019;aquest llibre, per\u00f2 no \u00e9s pas l&#x2019;\u00fanic. El treball de Maria del Agua Cort\u00e9s no es limita a presentar un munt d&#x2019;objectes carregats de fantasia que ens han distret i ajudat a cr\u00e9ixer, sin\u00f3 que dibuixa una hist\u00f2ria molt rica que posa l&#x2019;accent sobre la pr\u00f2spera ind\u00fastria de la joguina a Catalunya i Val\u00e8ncia durant el segle XX.<br \/> De la nina de fang d&#x2019;Emp\u00faries a l&#x2019;escal\u00e8xtric, passant per les cuinetes i els soldats de plom, l&#x2019;obra analitza tot un m\u00f3n d&#x2019;artesania i disseny apassionant amb la millor de les finalitats, desvetllar la imaginaci\u00f3 i l&#x2019;enginy dels m\u00e9s petits i dels que no ho s\u00f3n tant.<\/p>\n","protected":false},"excerpt":{"rendered":"<p>CORT\u00c9S EL\u00cdA, M. DEL AGUA<\/p>\n","protected":false},"featured_media":1016568,"template":"","meta":{"_acf_changed":false,"om_disable_all_campaigns":false,"rs_blank_template":"","rs_page_bg_color":"","slide_template_v7":"","inline_featured_image":false,"_monsterinsights_skip_tracking":false,"_monsterinsights_sitenote_active":false,"_monsterinsights_sitenote_note":"","_monsterinsights_sitenote_category":0},"product_brand":[],"product_cat":[90,540,105,555],"product_tag":[],"class_list":{"0":"post-1016537","1":"product","2":"type-product","3":"status-publish","4":"has-post-thumbnail","6":"product_cat-altres","7":"product_cat-otros","8":"product_cat-regal","9":"product_cat-regalo","11":"first","12":"instock","13":"taxable","14":"shipping-taxable","15":"purchasable","16":"product-type-simple"},"acf":{"autor":"CORT\u00c9S EL\u00cdA, M. DEL AGUA","codart":"841809689","libros-coleccion":"Eines i feines","ediciones":"1","encuadernacion":"R\u00fastica","fecha_de_publicacion":"01\/12\/2024","novedad":"1","paginas":"192","subtitulo":"","orden":"0","portada":"0","idioma":"cat","editorial":[{"ID":147565,"post_author":"3","post_date":"2022-10-14 11:51:33","post_date_gmt":"2022-10-14 09:51:33","post_content":"","post_title":"BRAU EDICIONS S L","post_excerpt":"","post_status":"publish","comment_status":"closed","ping_status":"closed","post_password":"","post_name":"brau-edicions-s-l","to_ping":"","pinged":"","post_modified":"2022-10-14 11:51:33","post_modified_gmt":"2022-10-14 09:51:33","post_content_filtered":"","post_parent":0,"guid":"http:\/\/dev.claret.cat\/editorial\/brau-edicions-s-l\/","menu_order":0,"post_type":"editorial","post_mime_type":"","comment_count":"0","filter":"raw"}]},"aioseo_notices":[],"_links":{"self":[{"href":"https:\/\/www.claret.cat\/es\/wp-json\/wp\/v2\/product\/1016537","targetHints":{"allow":["GET"]}}],"collection":[{"href":"https:\/\/www.claret.cat\/es\/wp-json\/wp\/v2\/product"}],"about":[{"href":"https:\/\/www.claret.cat\/es\/wp-json\/wp\/v2\/types\/product"}],"wp:featuredmedia":[{"embeddable":true,"href":"https:\/\/www.claret.cat\/es\/wp-json\/wp\/v2\/media\/1016568"}],"wp:attachment":[{"href":"https:\/\/www.claret.cat\/es\/wp-json\/wp\/v2\/media?parent=1016537"}],"wp:term":[{"taxonomy":"product_brand","embeddable":true,"href":"https:\/\/www.claret.cat\/es\/wp-json\/wp\/v2\/product_brand?post=1016537"},{"taxonomy":"product_cat","embeddable":true,"href":"https:\/\/www.claret.cat\/es\/wp-json\/wp\/v2\/product_cat?post=1016537"},{"taxonomy":"product_tag","embeddable":true,"href":"https:\/\/www.claret.cat\/es\/wp-json\/wp\/v2\/product_tag?post=1016537"}],"curies":[{"name":"wp","href":"https:\/\/api.w.org\/{rel}","templated":true}]}}