{"id":1016626,"date":"2025-04-03T16:30:25","date_gmt":"2025-04-03T14:30:25","guid":{"rendered":"https:\/\/www.claret.cat\/llibre\/no-es-este-el-carpintero-9788428842655\/"},"modified":"2025-04-08T15:25:34","modified_gmt":"2025-04-08T13:25:34","slug":"no-es-este-el-carpintero-9788428842655","status":"publish","type":"product","link":"https:\/\/www.claret.cat\/es\/libro\/no-es-este-el-carpintero-9788428842655\/","title":{"rendered":"\u00bfNO ES ESTE EL CARPINTERO?"},"content":{"rendered":"<p><em>\u00bfNo es este el carpintero?<\/em> nos invita a <strong>redescubrir el mensaje del Evangelio<\/strong> a trav\u00e9s de relatos y poemas que iluminan nuestra experiencia cotidiana con una profundidad espiritual sorprendente. En estas p\u00e1ginas, <strong>Luis Arturo Gim\u00e9nez Alam\u00e1n<\/strong> entrelaza <strong>nueve historias y varios poemas<\/strong> cargados de simbolismo e im\u00e1genes b\u00edblicas, que nos conducen hasta <strong>la figura del Nazareno<\/strong> y nos ayudan a <strong>valorar los momentos clave de nuestra vida a la luz de la fe<\/strong>.<\/p>\n<p>Desde la mirada de los que se encontraron con Jes\u00fas, el lector es conducido a hacerse preguntas esenciales:<\/p>\n<p> <strong>\u00bfNo ard\u00eda acaso nuestro coraz\u00f3n?<\/strong><\/p>\n<p><strong><em> <\/em>\u00bfNo ha estado siempre \u00c9l, incluso cuando no lo vimos?<\/strong><\/p>\n<p><strong><em> <\/em>\u00bfNo es este el carpintero?<\/strong><\/p>\n<p class='ql-align-justify'><strong><em>Un libro para quienes desean profundizar en el <\/em>misterio de la presencia de Cristo<\/strong>, meditar desde la <strong>palabra y la poes\u00eda<\/strong>, y renovar su fe desde el coraz\u00f3n.<\/p>\n","protected":false},"excerpt":{"rendered":"<p>GIM\u00c9NEZ ALAM\u00c1N, LUIS ARTURO<\/p>\n","protected":false},"featured_media":1017422,"template":"","meta":{"_acf_changed":false,"om_disable_all_campaigns":false,"rs_blank_template":"","rs_page_bg_color":"","slide_template_v7":"","inline_featured_image":false,"_monsterinsights_skip_tracking":false,"_monsterinsights_sitenote_active":false,"_monsterinsights_sitenote_note":"","_monsterinsights_sitenote_category":0},"product_brand":[],"product_cat":[392,231,396,247],"product_tag":[],"class_list":{"0":"post-1016626","1":"product","2":"type-product","3":"status-publish","4":"has-post-thumbnail","6":"product_cat-obras-generales","7":"product_cat-obres-generals","8":"product_cat-oracion","9":"product_cat-pregaria","11":"first","12":"instock","13":"taxable","14":"shipping-taxable","15":"purchasable","16":"product-type-simple"},"acf":{"autor":"GIM\u00c9NEZ ALAM\u00c1N, LUIS ARTURO","codart":"842884265","libros-coleccion":"","ediciones":"1","encuadernacion":"R\u00fastica","fecha_de_publicacion":"03\/04\/2025","novedad":"1","paginas":"136","subtitulo":"","orden":"0","portada":"0","idioma":"spa","editorial":[{"ID":6335,"post_author":"3","post_date":"2022-07-28 17:49:59","post_date_gmt":"2022-07-28 15:49:59","post_content":"","post_title":"PPC altres","post_excerpt":"","post_status":"publish","comment_status":"closed","ping_status":"closed","post_password":"","post_name":"ppc-altres","to_ping":"","pinged":"","post_modified":"2022-07-28 17:49:59","post_modified_gmt":"2022-07-28 15:49:59","post_content_filtered":"","post_parent":0,"guid":"http:\/\/dev.claret.cat\/editorial\/ppc-altres\/","menu_order":0,"post_type":"editorial","post_mime_type":"","comment_count":"0","filter":"raw"}]},"aioseo_notices":[],"_links":{"self":[{"href":"https:\/\/www.claret.cat\/es\/wp-json\/wp\/v2\/product\/1016626","targetHints":{"allow":["GET"]}}],"collection":[{"href":"https:\/\/www.claret.cat\/es\/wp-json\/wp\/v2\/product"}],"about":[{"href":"https:\/\/www.claret.cat\/es\/wp-json\/wp\/v2\/types\/product"}],"wp:featuredmedia":[{"embeddable":true,"href":"https:\/\/www.claret.cat\/es\/wp-json\/wp\/v2\/media\/1017422"}],"wp:attachment":[{"href":"https:\/\/www.claret.cat\/es\/wp-json\/wp\/v2\/media?parent=1016626"}],"wp:term":[{"taxonomy":"product_brand","embeddable":true,"href":"https:\/\/www.claret.cat\/es\/wp-json\/wp\/v2\/product_brand?post=1016626"},{"taxonomy":"product_cat","embeddable":true,"href":"https:\/\/www.claret.cat\/es\/wp-json\/wp\/v2\/product_cat?post=1016626"},{"taxonomy":"product_tag","embeddable":true,"href":"https:\/\/www.claret.cat\/es\/wp-json\/wp\/v2\/product_tag?post=1016626"}],"curies":[{"name":"wp","href":"https:\/\/api.w.org\/{rel}","templated":true}]}}