{"id":1016697,"date":"2025-04-04T12:55:21","date_gmt":"2025-04-04T10:55:21","guid":{"rendered":"https:\/\/www.claret.cat\/llibre\/dunkirchen-1940-9788412856163\/"},"modified":"2025-09-13T13:00:17","modified_gmt":"2025-09-13T11:00:17","slug":"dunkirchen-1940-9788412856163","status":"publish","type":"product","link":"https:\/\/www.claret.cat\/es\/libro\/dunkirchen-1940-9788412856163\/","title":{"rendered":"D\u00dcNKIRCHEN 1940"},"content":{"rendered":"<p>La evacuaci\u00f3n brit\u00e1nica de las playas de la peque\u00f1a ciudad portuaria francesa de Dunkerque se alza como uno de los momentos emblem\u00e1ticos de la historia militar. Esta batalla ha cautivado al imaginario colectivo a trav\u00e9s de los reportajes fotogr\u00e1ficos de la revista LIFE, de la ficci\u00f3n de Ian McEwan y, por supuesto, de Hollywood, con el \u00e9xito de taquilla de Christopher Nolan. Pero, \u00bfcu\u00e1l es la visi\u00f3n alemana de esta asombrosa retirada aliada? Buceando en entrevistas a veteranos alemanes, diarios e informes de post-misi\u00f3n de diversas unidades y formaciones, Robert Kershaw crea una historia cautivadora de una batalla que cre\u00edamos conocer.<\/p>\n","protected":false},"excerpt":{"rendered":"<p>KERSHAW, ROBERT<\/p>\n","protected":false},"featured_media":1018278,"template":"","meta":{"_acf_changed":false,"om_disable_all_campaigns":false,"rs_blank_template":"","rs_page_bg_color":"","slide_template_v7":"","inline_featured_image":false,"_monsterinsights_skip_tracking":false,"_monsterinsights_sitenote_active":false,"_monsterinsights_sitenote_note":"","_monsterinsights_sitenote_category":0},"product_brand":[],"product_cat":[152,429],"product_tag":[],"class_list":{"0":"post-1016697","1":"product","2":"type-product","3":"status-publish","4":"has-post-thumbnail","6":"product_cat-el-mon-actual","7":"product_cat-el-mundo-actual","9":"first","10":"instock","11":"taxable","12":"shipping-taxable","13":"purchasable","14":"product-type-simple"},"acf":{"autor":"KERSHAW, ROBERT","codart":"841285616","libros-coleccion":"","ediciones":"1","encuadernacion":"R\u00fastica","fecha_de_publicacion":"01\/03\/2025","novedad":"1","paginas":"400","subtitulo":"LA VISI\u00d3N ALEMANA DE DUNKERQUE","orden":"0","portada":"0","idioma":"spa","editorial":[{"ID":147847,"post_author":"3","post_date":"2022-10-14 11:53:40","post_date_gmt":"2022-10-14 09:53:40","post_content":"","post_title":"Ediciones Salamina","post_excerpt":"","post_status":"publish","comment_status":"closed","ping_status":"closed","post_password":"","post_name":"ediciones-salamina","to_ping":"","pinged":"","post_modified":"2022-10-14 11:53:40","post_modified_gmt":"2022-10-14 09:53:40","post_content_filtered":"","post_parent":0,"guid":"http:\/\/dev.claret.cat\/editorial\/ediciones-salamina\/","menu_order":0,"post_type":"editorial","post_mime_type":"","comment_count":"0","filter":"raw"}],"booktrailer":"","resenas":""},"aioseo_notices":[],"_links":{"self":[{"href":"https:\/\/www.claret.cat\/es\/wp-json\/wp\/v2\/product\/1016697","targetHints":{"allow":["GET"]}}],"collection":[{"href":"https:\/\/www.claret.cat\/es\/wp-json\/wp\/v2\/product"}],"about":[{"href":"https:\/\/www.claret.cat\/es\/wp-json\/wp\/v2\/types\/product"}],"wp:featuredmedia":[{"embeddable":true,"href":"https:\/\/www.claret.cat\/es\/wp-json\/wp\/v2\/media\/1018278"}],"wp:attachment":[{"href":"https:\/\/www.claret.cat\/es\/wp-json\/wp\/v2\/media?parent=1016697"}],"wp:term":[{"taxonomy":"product_brand","embeddable":true,"href":"https:\/\/www.claret.cat\/es\/wp-json\/wp\/v2\/product_brand?post=1016697"},{"taxonomy":"product_cat","embeddable":true,"href":"https:\/\/www.claret.cat\/es\/wp-json\/wp\/v2\/product_cat?post=1016697"},{"taxonomy":"product_tag","embeddable":true,"href":"https:\/\/www.claret.cat\/es\/wp-json\/wp\/v2\/product_tag?post=1016697"}],"curies":[{"name":"wp","href":"https:\/\/api.w.org\/{rel}","templated":true}]}}