{"id":1016737,"date":"2025-04-04T17:01:27","date_gmt":"2025-04-04T15:01:27","guid":{"rendered":"https:\/\/www.claret.cat\/llibre\/dinosaurios-planeta-alucinante-9788428558501\/"},"modified":"2025-04-05T12:31:07","modified_gmt":"2025-04-05T10:31:07","slug":"dinosaurios-planeta-alucinante-9788428558501","status":"publish","type":"product","link":"https:\/\/www.claret.cat\/es\/libro\/dinosaurios-planeta-alucinante-9788428558501\/","title":{"rendered":"DINOSAURIOS. PLANETA ALUCINANTE"},"content":{"rendered":"<p><span>Descubre datos curiosos e interesantes sobre los dinosaurios de los periodos tri\u00e1sico, jur\u00e1sico y cret\u00e1cico y si\u00e9ntete atra\u00eddo por una \u00e9poca incre\u00edble. El mundo de los dinosaurios te llevar\u00e1 al ascenso y la ca\u00edda de estas gigantescas bestias hist\u00f3ricas. En sus p\u00e1ginas encontrar\u00e1s im\u00e1genes de alta calidad, con los nombres de estos animales prehist\u00f3ricos, la \u00e9poca a la que pertenecen, su tama\u00f1o y su peso, as\u00ed como datos curiosos sobre su alimentaci\u00f3n, su velocidad, el color de su piel&#8230; Dispones adem\u00e1s de las maquetas del Tyrannosaurus Rex, el Triceratops, el Pasasaurolophus, el Argentinosaurus y el Quetzalcoatlus para montarlas con un instructivo, preciso y muy sencillo troquel en 3D.<\/span><\/p>\n","protected":false},"excerpt":{"rendered":"<p>DICKMANN, NANCY<\/p>\n","protected":false},"featured_media":1016798,"template":"","meta":{"_acf_changed":false,"om_disable_all_campaigns":false,"rs_blank_template":"","rs_page_bg_color":"","slide_template_v7":"","inline_featured_image":false,"_monsterinsights_skip_tracking":false,"_monsterinsights_sitenote_active":false,"_monsterinsights_sitenote_note":"","_monsterinsights_sitenote_category":0},"product_brand":[],"product_cat":[131,361],"product_tag":[],"class_list":{"0":"post-1016737","1":"product","2":"type-product","3":"status-publish","4":"has-post-thumbnail","6":"product_cat-contes-per-infants-0-6-anys","7":"product_cat-cuentos-para-ninos-0-6-anos","9":"first","10":"instock","11":"taxable","12":"shipping-taxable","13":"purchasable","14":"product-type-simple"},"acf":{"autor":"DICKMANN, NANCY","codart":"842855850","libros-coleccion":"APRENDER, JUGAR Y DESCUBRIR","ediciones":"1","encuadernacion":"Carton\u00e9","fecha_de_publicacion":"04\/04\/2025","novedad":"1","paginas":"24","subtitulo":"","orden":"0","portada":"0","idioma":"spa","editorial":[{"ID":6356,"post_author":"3","post_date":"2022-07-28 17:50:26","post_date_gmt":"2022-07-28 15:50:26","post_content":"","post_title":"SAN PABLO COMUNICACI\u00d3N","post_excerpt":"","post_status":"publish","comment_status":"closed","ping_status":"closed","post_password":"","post_name":"san-pablo-comunicacion","to_ping":"","pinged":"","post_modified":"2022-07-28 17:50:26","post_modified_gmt":"2022-07-28 15:50:26","post_content_filtered":"","post_parent":0,"guid":"http:\/\/dev.claret.cat\/editorial\/san-pablo-comunicacion\/","menu_order":0,"post_type":"editorial","post_mime_type":"","comment_count":"0","filter":"raw"}]},"aioseo_notices":[],"_links":{"self":[{"href":"https:\/\/www.claret.cat\/es\/wp-json\/wp\/v2\/product\/1016737","targetHints":{"allow":["GET"]}}],"collection":[{"href":"https:\/\/www.claret.cat\/es\/wp-json\/wp\/v2\/product"}],"about":[{"href":"https:\/\/www.claret.cat\/es\/wp-json\/wp\/v2\/types\/product"}],"wp:featuredmedia":[{"embeddable":true,"href":"https:\/\/www.claret.cat\/es\/wp-json\/wp\/v2\/media\/1016798"}],"wp:attachment":[{"href":"https:\/\/www.claret.cat\/es\/wp-json\/wp\/v2\/media?parent=1016737"}],"wp:term":[{"taxonomy":"product_brand","embeddable":true,"href":"https:\/\/www.claret.cat\/es\/wp-json\/wp\/v2\/product_brand?post=1016737"},{"taxonomy":"product_cat","embeddable":true,"href":"https:\/\/www.claret.cat\/es\/wp-json\/wp\/v2\/product_cat?post=1016737"},{"taxonomy":"product_tag","embeddable":true,"href":"https:\/\/www.claret.cat\/es\/wp-json\/wp\/v2\/product_tag?post=1016737"}],"curies":[{"name":"wp","href":"https:\/\/api.w.org\/{rel}","templated":true}]}}