{"id":1016828,"date":"2025-04-07T10:35:02","date_gmt":"2025-04-07T08:35:02","guid":{"rendered":"https:\/\/www.claret.cat\/llibre\/reconocer-facilmente-los-animales-9788428217798\/"},"modified":"2025-04-07T16:35:58","modified_gmt":"2025-04-07T14:35:58","slug":"reconocer-facilmente-los-animales-9788428217798","status":"publish","type":"product","link":"https:\/\/www.claret.cat\/es\/libro\/reconocer-facilmente-los-animales-9788428217798\/","title":{"rendered":"RECONOCER FACILMENTE LOS ANIMALES"},"content":{"rendered":"<p>La primera gu\u00eda de animales \u00a1PARA TODOS! \u00bfQui\u00e9n sabe diferenciar una rana de un sapo,dar nombre a nuestras mariposas m\u00e1s familiares o reconocer la edad de una gaviota? Esta gu\u00eda introductoria, que es sencilla y accesible, ideal para los principiantes, le permitir\u00e1 identificar f\u00e1cilmente los animales salvajes. De un simple vistazo podr\u00e1 distinguir los principales insectos, anfibios, aves o mam\u00edferos de Espa\u00f1a peninsular, \u00a1e incluso sus huellas! \u00a1Este libro funciona incluso en lugares salvajes sin cobertura de internet! No s\u00f3lo le proporciona instrucciones inmediatas, sino que le ense\u00f1a a aprender. Gracias a los consejos de los profesionales que abundan en esta obra, Vd. tardar\u00e1 muy poco en convertirse en un naturalista aut\u00f3nomo en el campo.<\/p>\n","protected":false},"excerpt":{"rendered":"<p>GIRAUD, MARC\/DELLERIE, FLORENCE<\/p>\n","protected":false},"featured_media":1017202,"template":"","meta":{"_acf_changed":false,"om_disable_all_campaigns":false,"rs_blank_template":"","rs_page_bg_color":"","slide_template_v7":"","inline_featured_image":false,"_monsterinsights_skip_tracking":false,"_monsterinsights_sitenote_active":false,"_monsterinsights_sitenote_note":"","_monsterinsights_sitenote_category":0},"product_brand":[],"product_cat":[90,540],"product_tag":[],"class_list":{"0":"post-1016828","1":"product","2":"type-product","3":"status-publish","4":"has-post-thumbnail","6":"product_cat-altres","7":"product_cat-otros","9":"first","10":"instock","11":"taxable","12":"shipping-taxable","13":"purchasable","14":"product-type-simple"},"acf":{"autor":"GIRAUD, MARC\/DELLERIE, FLORENCE","codart":"842821779","libros-coleccion":"GUIAS DEL NATURALISTA","ediciones":"1","encuadernacion":"R\u00fastica","fecha_de_publicacion":"01\/03\/2025","novedad":"1","paginas":"80","subtitulo":"","orden":"0","portada":"0","idioma":"spa","editorial":[{"ID":147841,"post_author":"3","post_date":"2022-10-14 11:53:37","post_date_gmt":"2022-10-14 09:53:37","post_content":"","post_title":"EDICIONES OMEGA","post_excerpt":"","post_status":"publish","comment_status":"closed","ping_status":"closed","post_password":"","post_name":"ediciones-omega","to_ping":"","pinged":"","post_modified":"2022-10-14 11:53:37","post_modified_gmt":"2022-10-14 09:53:37","post_content_filtered":"","post_parent":0,"guid":"http:\/\/dev.claret.cat\/editorial\/ediciones-omega\/","menu_order":0,"post_type":"editorial","post_mime_type":"","comment_count":"0","filter":"raw"}]},"aioseo_notices":[],"_links":{"self":[{"href":"https:\/\/www.claret.cat\/es\/wp-json\/wp\/v2\/product\/1016828","targetHints":{"allow":["GET"]}}],"collection":[{"href":"https:\/\/www.claret.cat\/es\/wp-json\/wp\/v2\/product"}],"about":[{"href":"https:\/\/www.claret.cat\/es\/wp-json\/wp\/v2\/types\/product"}],"wp:featuredmedia":[{"embeddable":true,"href":"https:\/\/www.claret.cat\/es\/wp-json\/wp\/v2\/media\/1017202"}],"wp:attachment":[{"href":"https:\/\/www.claret.cat\/es\/wp-json\/wp\/v2\/media?parent=1016828"}],"wp:term":[{"taxonomy":"product_brand","embeddable":true,"href":"https:\/\/www.claret.cat\/es\/wp-json\/wp\/v2\/product_brand?post=1016828"},{"taxonomy":"product_cat","embeddable":true,"href":"https:\/\/www.claret.cat\/es\/wp-json\/wp\/v2\/product_cat?post=1016828"},{"taxonomy":"product_tag","embeddable":true,"href":"https:\/\/www.claret.cat\/es\/wp-json\/wp\/v2\/product_tag?post=1016828"}],"curies":[{"name":"wp","href":"https:\/\/api.w.org\/{rel}","templated":true}]}}