{"id":101684,"date":"2022-10-12T08:10:35","date_gmt":"2022-10-12T06:10:35","guid":{"rendered":"http:\/\/dev.claret.cat\/producte\/camino-a-macondo\/"},"modified":"2023-01-28T13:47:39","modified_gmt":"2023-01-28T12:47:39","slug":"camino-a-macondo-9788439737834","status":"publish","type":"product","link":"https:\/\/www.claret.cat\/es\/libro\/camino-a-macondo-9788439737834\/","title":{"rendered":"CAMINO A MACONDO"},"content":{"rendered":"<p>Un fascinante recorrido literario a trav\u00e9s de las ficciones que contribuyeron a la construcci\u00f3n del  espacio m\u00edtico de Cien a\u00f1os de soledad. \u00ab&#8230;lo que hay entre La hojarasca y Cien a\u00f1os de soledad son  unos quince a\u00f1os de fastidiarse mucho, de vivir mucho y de estar  pendiente de esto todos los d\u00edas, tratando de ver c\u00f3mo eran las cosas.\u00bb Gabriel Garc\u00eda M\u00e1rquez Garc\u00eda M\u00e1rquez sostuvo en diversas oportunidades que para escribir un  libro primero hab\u00eda que aprender a escribirlo y, solo entonces,  enfrentarse a la m\u00e1quina de escribir. A \u00e9l le tom\u00f3 casi veinte a\u00f1os  &#8216;vivir&#8217; en Macondo, para aprender a escribir ese portento de la literatura de todos los tiempos que es Cien a\u00f1os de soledad. Esta  antolog\u00eda, realizada con el \u00e1nimo de rastrear la andadura del escritor,  compila todos los textos publicados en los que ese universo m\u00edtico fue  tomando forma. Desde sus apuntes para una novela de 1950 y primeros relatos, hasta La hojarasca, El coronel no tiene quien le  escriba y La mala hora en 1966, en lo que supone la efervescente antesala a la creaci\u00f3n de Cien a\u00f1os de soledad. Bienvenido, lector, a este Camino a Macondo. Rese\u00f1as:<br \/>\u00abMe tranquiliza saber que alguien me recordar\u00e1 en Macondo.\u00bb<br \/>Gabriel Garc\u00eda M\u00e1rquez \u00abEl imaginario del novelista se ha convertido en un lugar m\u00edtico de las letras universales.\u00bb<br \/>La Raz\u00f3n<\/p>\n","protected":false},"excerpt":{"rendered":"<p>GARC\u00cdA M\u00c1RQUEZ, GABRIEL<\/p>\n","protected":false},"featured_media":101685,"template":"","meta":{"_acf_changed":false,"om_disable_all_campaigns":false,"rs_blank_template":"","rs_page_bg_color":"","slide_template_v7":"","inline_featured_image":false,"_monsterinsights_skip_tracking":false,"_monsterinsights_sitenote_active":false,"_monsterinsights_sitenote_note":"","_monsterinsights_sitenote_category":0},"product_brand":[],"product_cat":[127],"product_tag":[],"class_list":{"0":"post-101684","1":"product","2":"type-product","3":"status-publish","4":"has-post-thumbnail","6":"product_cat-novella-contemporania","8":"first","9":"instock","10":"taxable","11":"shipping-taxable","12":"purchasable","13":"product-type-simple"},"acf":{"editorial":[{"ID":6290,"post_author":"3","post_date":"2022-07-28 17:49:01","post_date_gmt":"2022-07-28 15:49:01","post_content":"","post_title":"LITERATURA RANDOM HOUSE","post_excerpt":"","post_status":"publish","comment_status":"closed","ping_status":"closed","post_password":"","post_name":"literatura-random-house","to_ping":"","pinged":"","post_modified":"2022-07-28 17:49:01","post_modified_gmt":"2022-07-28 15:49:01","post_content_filtered":"","post_parent":0,"guid":"http:\/\/dev.claret.cat\/editorial\/literatura-random-house\/","menu_order":0,"post_type":"editorial","post_mime_type":"","comment_count":"0","filter":"raw"}],"autor":"GARC\u00cdA M\u00c1RQUEZ, GABRIEL","codart":"843973783","libros-coleccion":"Literatura","ediciones":"1","encuadernacion":"Carton\u00e9","fecha_de_publicacion":"01\/11\/2020","novedad":"1","paginas":"440","subtitulo":"","orden":"0","portada":"0","idioma":"spa","autores-libros":[{"ID":156520,"post_author":"3","post_date":"2022-10-14 15:21:28","post_date_gmt":"2022-10-14 13:21:28","post_content":"","post_title":"GABRIEL GARCIA MARQUEZ","post_excerpt":"","post_status":"publish","comment_status":"closed","ping_status":"closed","post_password":"","post_name":"gabriel-garcia-marquez","to_ping":"","pinged":"","post_modified":"2022-10-14 15:21:28","post_modified_gmt":"2022-10-14 13:21:28","post_content_filtered":"","post_parent":0,"guid":"http:\/\/dev.claret.cat\/autor\/gabriel-garcia-marquez\/","menu_order":0,"post_type":"autor","post_mime_type":"","comment_count":"0","filter":"raw"}]},"aioseo_notices":[],"_links":{"self":[{"href":"https:\/\/www.claret.cat\/es\/wp-json\/wp\/v2\/product\/101684","targetHints":{"allow":["GET"]}}],"collection":[{"href":"https:\/\/www.claret.cat\/es\/wp-json\/wp\/v2\/product"}],"about":[{"href":"https:\/\/www.claret.cat\/es\/wp-json\/wp\/v2\/types\/product"}],"wp:featuredmedia":[{"embeddable":true,"href":"https:\/\/www.claret.cat\/es\/wp-json\/wp\/v2\/media\/101685"}],"wp:attachment":[{"href":"https:\/\/www.claret.cat\/es\/wp-json\/wp\/v2\/media?parent=101684"}],"wp:term":[{"taxonomy":"product_brand","embeddable":true,"href":"https:\/\/www.claret.cat\/es\/wp-json\/wp\/v2\/product_brand?post=101684"},{"taxonomy":"product_cat","embeddable":true,"href":"https:\/\/www.claret.cat\/es\/wp-json\/wp\/v2\/product_cat?post=101684"},{"taxonomy":"product_tag","embeddable":true,"href":"https:\/\/www.claret.cat\/es\/wp-json\/wp\/v2\/product_tag?post=101684"}],"curies":[{"name":"wp","href":"https:\/\/api.w.org\/{rel}","templated":true}]}}