{"id":101702,"date":"2022-10-12T08:10:50","date_gmt":"2022-10-12T06:10:50","guid":{"rendered":"http:\/\/dev.claret.cat\/producte\/el-hijo-del-chofer\/"},"modified":"2023-01-28T21:10:09","modified_gmt":"2023-01-28T20:10:09","slug":"el-hijo-del-chofer-9788490668719","status":"publish","type":"product","link":"https:\/\/www.claret.cat\/es\/libro\/el-hijo-del-chofer-9788490668719\/","title":{"rendered":"EL HIJO DEL CH\u00d3FER"},"content":{"rendered":"<p>En la Catalu\u00f1a donde Jordi Pujol ganaba una tras otra las elecciones\u00a0y los medios constru\u00edan la imagen de un oasis libre de corruptelas, la trayectoria del periodista y abogado Alfons Quint\u00e0 (1943-2016) \u2014literariamente reconstruida aqu\u00ed por Jordi Amat\u2014 refleja\u00a0una perversa encrucijada de asedio y poder, dinero y tr\u00e1fico de\u00a0influencias. Crecido a la sombra de Josep Pla y periodista de gran\u00a0prestigio durante la Transici\u00f3n, a lo largo de los a\u00f1os, gracias a su conocimiento de las cloacas del poder pol\u00edtico y financiero, Quint\u00e0\u00a0\u2014artista consumado del chantaje, el acoso y la manipulaci\u00f3n\u2014 desarroll\u00f3\u00a0una prestigiosa carrera medi\u00e1tica, llena, a la vez, de claroscuros\u00a0inquietantes. Fue el primer delegado en Catalu\u00f1a del diario<br \/>El Pa\u00eds, desde donde destap\u00f3 el caso Banca Catalana; fue el primer<br \/>director de la televisi\u00f3n auton\u00f3mica catalana (nombrado por cuanto<br \/>sab\u00eda de la trastienda del poder, seg\u00fan propia confesi\u00f3n); cre\u00f3 asimismo El Observador, un medio af\u00edn al gobierno convergente,\u00a0cuya hegemon\u00eda termin\u00f3 despreciando profundamente; y acab\u00f3 sus d\u00edas, sin apenas ser le\u00eddo, denunciando los recortes en sanidad y la deriva del Proc\u00e9s. El tr\u00e1gico colof\u00f3n a esta trayectoria se produc\u00eda en diciembre de 2016: Alfons Quint\u00e0, enfermo, asesinaba\u00a0de un disparo a su expareja y a continuaci\u00f3n se suicidaba.<\/p>\n","protected":false},"excerpt":{"rendered":"<p>AMAT, JORDI<\/p>\n","protected":false},"featured_media":101703,"template":"","meta":{"_acf_changed":false,"om_disable_all_campaigns":false,"rs_blank_template":"","rs_page_bg_color":"","slide_template_v7":"","inline_featured_image":false,"_monsterinsights_skip_tracking":false,"_monsterinsights_sitenote_active":false,"_monsterinsights_sitenote_note":"","_monsterinsights_sitenote_category":0},"product_brand":[],"product_cat":[16],"product_tag":[],"class_list":{"0":"post-101702","1":"product","2":"type-product","3":"status-publish","4":"has-post-thumbnail","6":"product_cat-sense-categoria","8":"first","9":"instock","10":"taxable","11":"shipping-taxable","12":"purchasable","13":"product-type-simple"},"acf":{"editorial":[{"ID":148913,"post_author":"3","post_date":"2022-10-14 12:01:58","post_date_gmt":"2022-10-14 10:01:58","post_content":"","post_title":"Tusquets Editores S.A.","post_excerpt":"","post_status":"publish","comment_status":"closed","ping_status":"closed","post_password":"","post_name":"tusquets-editores-s-a","to_ping":"","pinged":"","post_modified":"2022-10-14 12:01:58","post_modified_gmt":"2022-10-14 10:01:58","post_content_filtered":"","post_parent":0,"guid":"http:\/\/dev.claret.cat\/editorial\/tusquets-editores-s-a\/","menu_order":0,"post_type":"editorial","post_mime_type":"","comment_count":"0","filter":"raw"}],"autor":"AMAT, JORDI","codart":"849066871","libros-coleccion":"Andanzas","ediciones":"1","encuadernacion":"R\u00fastica","fecha_de_publicacion":"01\/11\/2020","novedad":"1","paginas":"256","subtitulo":"","orden":"0","portada":"0","idioma":"spa","autores-libros":[{"ID":159813,"post_author":"3","post_date":"2022-10-14 15:47:56","post_date_gmt":"2022-10-14 13:47:56","post_content":"","post_title":"JORDI AMAT","post_excerpt":"","post_status":"publish","comment_status":"closed","ping_status":"closed","post_password":"","post_name":"jordi-amat","to_ping":"","pinged":"","post_modified":"2022-10-14 15:47:56","post_modified_gmt":"2022-10-14 13:47:56","post_content_filtered":"","post_parent":0,"guid":"http:\/\/dev.claret.cat\/autor\/jordi-amat\/","menu_order":0,"post_type":"autor","post_mime_type":"","comment_count":"0","filter":"raw"}]},"aioseo_notices":[],"_links":{"self":[{"href":"https:\/\/www.claret.cat\/es\/wp-json\/wp\/v2\/product\/101702","targetHints":{"allow":["GET"]}}],"collection":[{"href":"https:\/\/www.claret.cat\/es\/wp-json\/wp\/v2\/product"}],"about":[{"href":"https:\/\/www.claret.cat\/es\/wp-json\/wp\/v2\/types\/product"}],"wp:featuredmedia":[{"embeddable":true,"href":"https:\/\/www.claret.cat\/es\/wp-json\/wp\/v2\/media\/101703"}],"wp:attachment":[{"href":"https:\/\/www.claret.cat\/es\/wp-json\/wp\/v2\/media?parent=101702"}],"wp:term":[{"taxonomy":"product_brand","embeddable":true,"href":"https:\/\/www.claret.cat\/es\/wp-json\/wp\/v2\/product_brand?post=101702"},{"taxonomy":"product_cat","embeddable":true,"href":"https:\/\/www.claret.cat\/es\/wp-json\/wp\/v2\/product_cat?post=101702"},{"taxonomy":"product_tag","embeddable":true,"href":"https:\/\/www.claret.cat\/es\/wp-json\/wp\/v2\/product_tag?post=101702"}],"curies":[{"name":"wp","href":"https:\/\/api.w.org\/{rel}","templated":true}]}}