{"id":1017309,"date":"2025-04-08T13:20:18","date_gmt":"2025-04-08T11:20:18","guid":{"rendered":"https:\/\/www.claret.cat\/llibre\/la-fugida-9788466433655\/"},"modified":"2025-05-20T12:05:24","modified_gmt":"2025-05-20T10:05:24","slug":"la-fugida-9788466433655","status":"publish","type":"product","link":"https:\/\/www.claret.cat\/es\/libro\/la-fugida-9788466433655\/","title":{"rendered":"LA FUGIDA"},"content":{"rendered":"<p><strong>La fugida de Carles Puigdemont: la veritat sobre l\u2019operaci\u00f3 que va desconcertar un Estat.<\/strong><\/p>\n<p><em>La fugida<\/em> \u00e9s una cr\u00f2nica rigorosa i impactant sobre un dels episodis m\u00e9s enigm\u00e0tics de la pol\u00edtica catalana contempor\u00e0nia: el retorn i la posterior desaparici\u00f3 del 130\u00e8 president de la Generalitat de Catalunya, <strong>Carles Puigdemont<\/strong>, el 8 d\u2019agost a Barcelona. Una operaci\u00f3 que va deixar perplexos els cossos de seguretat i l\u2019opini\u00f3 p\u00fablica, i que va sacsejar l\u2019escenari pol\u00edtic i judicial espanyol.<\/p>\n<p>Amb un estil period\u00edstic vibrant i documentat, <strong>Mayka Navarro i Paco Marco<\/strong> reconstrueixen aquest moment clau de la hist\u00f2ria recent de Catalunya. El llibre revela els <strong>detalls in\u00e8dits de la fugida de Puigdemont<\/strong>, les estrat\u00e8gies d\u2019intel\u00b7lig\u00e8ncia, els conflictes entre institucions de seguretat i les tensions pol\u00edtiques i legals que encara avui perduren.<\/p>\n<p>A trav\u00e9s de testimonis privilegiats i una investigaci\u00f3 exhaustiva, <em>La fugida<\/em> descobreix el paper fonamental dels <strong>mitjans de comunicaci\u00f3<\/strong>, les <strong>xarxes socials<\/strong> i la guerra de relats dins el marc del <strong>proc\u00e9s independentista catal\u00e0<\/strong>.<\/p>\n<p>Aquest llibre \u00e9s m\u00e9s que una cr\u00f2nica pol\u00edtica: \u00e9s una reflexi\u00f3 cr\u00edtica sobre el poder, la societat dividida i els l\u00edmits de la democr\u00e0cia en temps de polaritzaci\u00f3.<\/p>\n","protected":false},"excerpt":{"rendered":"<p>NAVARRO, MAYKA \/ MARCO FERN\u00c1NDEZ, FRANCISCO<\/p>\n","protected":false},"featured_media":1018307,"template":"","meta":{"_acf_changed":false,"om_disable_all_campaigns":false,"rs_blank_template":"","rs_page_bg_color":"","slide_template_v7":"","inline_featured_image":false,"_monsterinsights_skip_tracking":false,"_monsterinsights_sitenote_active":false,"_monsterinsights_sitenote_note":"","_monsterinsights_sitenote_category":0},"product_brand":[],"product_cat":[430,153],"product_tag":[],"class_list":{"0":"post-1017309","1":"product","2":"type-product","3":"status-publish","4":"has-post-thumbnail","6":"product_cat-cataluna","7":"product_cat-catalunya","9":"first","10":"instock","11":"taxable","12":"shipping-taxable","13":"purchasable","14":"product-type-simple"},"acf":{"autor":"NAVARRO, MAYKA \/ MARCO FERN\u00c1NDEZ, FRANCISCO","codart":"846643365","libros-coleccion":"NO FICCI\u00d3 COLUMNA","ediciones":"1","encuadernacion":"R\u00fastica","fecha_de_publicacion":"01\/04\/2025","novedad":"1","paginas":"362","subtitulo":"","orden":"0","portada":"0","idioma":"cat","editorial":[{"ID":6166,"post_author":"3","post_date":"2022-07-28 17:46:19","post_date_gmt":"2022-07-28 15:46:19","post_content":"","post_title":"Columna CAT","post_excerpt":"","post_status":"publish","comment_status":"closed","ping_status":"closed","post_password":"","post_name":"columna-cat","to_ping":"","pinged":"","post_modified":"2022-07-28 17:46:19","post_modified_gmt":"2022-07-28 15:46:19","post_content_filtered":"","post_parent":0,"guid":"http:\/\/dev.claret.cat\/editorial\/columna-cat\/","menu_order":0,"post_type":"editorial","post_mime_type":"","comment_count":"0","filter":"raw"}],"booktrailer":"","resenas":""},"aioseo_notices":[],"_links":{"self":[{"href":"https:\/\/www.claret.cat\/es\/wp-json\/wp\/v2\/product\/1017309","targetHints":{"allow":["GET"]}}],"collection":[{"href":"https:\/\/www.claret.cat\/es\/wp-json\/wp\/v2\/product"}],"about":[{"href":"https:\/\/www.claret.cat\/es\/wp-json\/wp\/v2\/types\/product"}],"wp:featuredmedia":[{"embeddable":true,"href":"https:\/\/www.claret.cat\/es\/wp-json\/wp\/v2\/media\/1018307"}],"wp:attachment":[{"href":"https:\/\/www.claret.cat\/es\/wp-json\/wp\/v2\/media?parent=1017309"}],"wp:term":[{"taxonomy":"product_brand","embeddable":true,"href":"https:\/\/www.claret.cat\/es\/wp-json\/wp\/v2\/product_brand?post=1017309"},{"taxonomy":"product_cat","embeddable":true,"href":"https:\/\/www.claret.cat\/es\/wp-json\/wp\/v2\/product_cat?post=1017309"},{"taxonomy":"product_tag","embeddable":true,"href":"https:\/\/www.claret.cat\/es\/wp-json\/wp\/v2\/product_tag?post=1017309"}],"curies":[{"name":"wp","href":"https:\/\/api.w.org\/{rel}","templated":true}]}}