{"id":1017318,"date":"2025-04-08T13:25:17","date_gmt":"2025-04-08T11:25:17","guid":{"rendered":"https:\/\/www.claret.cat\/llibre\/la-princesa-encantada-serie-everfall-1-edicion-especial-con-cantos-tintados-9788408302148\/"},"modified":"2025-04-09T16:35:49","modified_gmt":"2025-04-09T14:35:49","slug":"la-princesa-encantada-serie-everfall-1-edicion-especial-con-cantos-tintados-9788408302148","status":"publish","type":"product","link":"https:\/\/www.claret.cat\/es\/libro\/la-princesa-encantada-serie-everfall-1-edicion-especial-con-cantos-tintados-9788408302148\/","title":{"rendered":"LA PRINCESA ENCANTADA (SERIE EVERFALL 1) EDICI\u00d3N ESPECIAL CON CANTOS TINTADOS"},"content":{"rendered":"<p>La nueva y adictiva duolog\u00eda romantasy de Mona Kasten, autora de <br \/> Maxton Hall, el \u00e9xito mundial de Amazon Prime Video.Bienvenidos al colegio Everfall. Tu vida est\u00e1 a punto de cambiar.<br \/> La vida de Zoey King acaba de dar un vuelco: a sus diecisiete a\u00f1os, acaba de prever la muerte de un compa\u00f1ero de clase en el prestigioso colegio de magia Everfall. La noticia es un tremendo jarro de agua fr\u00eda, ya que Zoey cre\u00eda que heredar\u00eda el poder de curar, por el que es c\u00e9lebre su poderosa madre. Pero ahora que se ha convertido en bangshee, su vida en el colegio Everfall ser\u00e1 radicalmente distinta: para empezar, tendr\u00e1 como tutor a Dylan Dae Park, quien puede arrebatar las almas con un simple roce y que ahora, se supone, debe ayudar a Zoey con su reci\u00e9n despertada magia.<br \/> Pero la muerte de su compa\u00f1ero de aula no la tranquiliza. Cuando decide examinar m\u00e1s de cerca el caso, poco a poco descubre que varias personas del colegio guardan oscuros secretos.<\/p>\n","protected":false},"excerpt":{"rendered":"<p>KASTEN, MONA<\/p>\n","protected":false},"featured_media":1017682,"template":"","meta":{"_acf_changed":false,"om_disable_all_campaigns":false,"rs_blank_template":"","rs_page_bg_color":"","slide_template_v7":"","inline_featured_image":false,"_monsterinsights_skip_tracking":false,"_monsterinsights_sitenote_active":false,"_monsterinsights_sitenote_note":"","_monsterinsights_sitenote_category":0},"product_brand":[],"product_cat":[133,566,117,363],"product_tag":[],"class_list":{"0":"post-1017318","1":"product","2":"type-product","3":"status-publish","4":"has-post-thumbnail","6":"product_cat-lectures-per-adolescents-12-18-anys","7":"product_cat-juvenil-3_infantil-juvenil-spa-spa","8":"product_cat-juvenil","9":"product_cat-lecturas-por-adolescentes-12-18-anos","11":"first","12":"instock","13":"taxable","14":"shipping-taxable","15":"purchasable","16":"product-type-simple"},"acf":{"autor":"KASTEN, MONA","codart":"840830214","libros-coleccion":"Planeta Internacional","ediciones":"1","encuadernacion":"Carton\u00e9","fecha_de_publicacion":"01\/04\/2025","novedad":"1","paginas":"458","subtitulo":"","orden":"0","portada":"0","idioma":"spa","editorial":[{"ID":6233,"post_author":"3","post_date":"2022-07-28 17:47:48","post_date_gmt":"2022-07-28 15:47:48","post_content":"","post_title":"EDITORIAL PLANETA","post_excerpt":"","post_status":"publish","comment_status":"closed","ping_status":"closed","post_password":"","post_name":"editorial-planeta","to_ping":"","pinged":"","post_modified":"2022-07-28 17:47:48","post_modified_gmt":"2022-07-28 15:47:48","post_content_filtered":"","post_parent":0,"guid":"http:\/\/dev.claret.cat\/editorial\/editorial-planeta\/","menu_order":0,"post_type":"editorial","post_mime_type":"","comment_count":"0","filter":"raw"}],"booktrailer":"","resenas":""},"aioseo_notices":[],"_links":{"self":[{"href":"https:\/\/www.claret.cat\/es\/wp-json\/wp\/v2\/product\/1017318","targetHints":{"allow":["GET"]}}],"collection":[{"href":"https:\/\/www.claret.cat\/es\/wp-json\/wp\/v2\/product"}],"about":[{"href":"https:\/\/www.claret.cat\/es\/wp-json\/wp\/v2\/types\/product"}],"wp:featuredmedia":[{"embeddable":true,"href":"https:\/\/www.claret.cat\/es\/wp-json\/wp\/v2\/media\/1017682"}],"wp:attachment":[{"href":"https:\/\/www.claret.cat\/es\/wp-json\/wp\/v2\/media?parent=1017318"}],"wp:term":[{"taxonomy":"product_brand","embeddable":true,"href":"https:\/\/www.claret.cat\/es\/wp-json\/wp\/v2\/product_brand?post=1017318"},{"taxonomy":"product_cat","embeddable":true,"href":"https:\/\/www.claret.cat\/es\/wp-json\/wp\/v2\/product_cat?post=1017318"},{"taxonomy":"product_tag","embeddable":true,"href":"https:\/\/www.claret.cat\/es\/wp-json\/wp\/v2\/product_tag?post=1017318"}],"curies":[{"name":"wp","href":"https:\/\/api.w.org\/{rel}","templated":true}]}}