{"id":1017366,"date":"2025-04-08T13:45:55","date_gmt":"2025-04-08T11:45:55","guid":{"rendered":"https:\/\/www.claret.cat\/llibre\/todo-lo-que-quise-decir-pero-nunca-dije-9788408300793\/"},"modified":"2025-04-08T14:21:08","modified_gmt":"2025-04-08T12:21:08","slug":"todo-lo-que-quise-decir-pero-nunca-dije-9788408300793","status":"publish","type":"product","link":"https:\/\/www.claret.cat\/es\/libro\/todo-lo-que-quise-decir-pero-nunca-dije-9788408300793\/","title":{"rendered":"TODO LO QUE QUISE DECIR, PERO NUNCA DIJE"},"content":{"rendered":"<p>Contin\u00faa la serie Lancaster, el \u00faltimo fen\u00f3meno de BookTok.Hay deseos que no se pueden reprimir y secretos que no se pueden ocultar.<br \/> \u00c9l siempre obtuvo lo que quiso, hasta que la conoci\u00f3.<br \/> Whit Lancaster lleg\u00f3 a mi vida como una tormenta que arras\u00f3 con todo. A pesar de que muchos le temen, nadie puede negar que es tan atractivo como las estatuas griegas que adornan los jardines de nuestra escuela, la misma que fund\u00f3 su familia.<br \/> Aunque intent\u00e9 mantenerme lejos de \u00e9l, todo cambi\u00f3 la noche que lo golpearon por defenderme. Mi instinto gritaba que deb\u00eda abandonarlo a su suerte, pero decid\u00ed ayudarlo. Al ?nal, ca\u00ed en sus mentiras: me sedujo con sus fr\u00edos ojos azules y, cuando se fue de mi cuarto, se llev\u00f3 mi diario.<br \/> Ahora sabe todos mis secretos y promete usarlos en mi contra. Si los dem\u00e1s se enteran de lo que he escrito en esas p\u00e1ginas, mi vida quedar\u00e1 arruinada para siempre. La \u00fanica opci\u00f3n es hacer un pacto con el diablo y, a cambio de su silencio, acceder a todo lo que Whit me pida.<\/p>\n","protected":false},"excerpt":{"rendered":"<p>MURPHY, MONICA<\/p>\n","protected":false},"featured_media":1017367,"template":"","meta":{"_acf_changed":false,"om_disable_all_campaigns":false,"rs_blank_template":"","rs_page_bg_color":"","slide_template_v7":"","inline_featured_image":false,"_monsterinsights_skip_tracking":false,"_monsterinsights_sitenote_active":false,"_monsterinsights_sitenote_note":"","_monsterinsights_sitenote_category":0},"product_brand":[],"product_cat":[133,566,117,363],"product_tag":[],"class_list":{"0":"post-1017366","1":"product","2":"type-product","3":"status-publish","4":"has-post-thumbnail","6":"product_cat-lectures-per-adolescents-12-18-anys","7":"product_cat-juvenil-3_infantil-juvenil-spa-spa","8":"product_cat-juvenil","9":"product_cat-lecturas-por-adolescentes-12-18-anos","11":"first","12":"instock","13":"taxable","14":"shipping-taxable","15":"purchasable","16":"product-type-simple"},"acf":{"autor":"MURPHY, MONICA","codart":"840830079","libros-coleccion":"","ediciones":"1","encuadernacion":"R\u00fastica","fecha_de_publicacion":"01\/04\/2025","novedad":"1","paginas":"520","subtitulo":"","orden":"0","portada":"0","idioma":"spa","editorial":[{"ID":6233,"post_author":"3","post_date":"2022-07-28 17:47:48","post_date_gmt":"2022-07-28 15:47:48","post_content":"","post_title":"EDITORIAL PLANETA","post_excerpt":"","post_status":"publish","comment_status":"closed","ping_status":"closed","post_password":"","post_name":"editorial-planeta","to_ping":"","pinged":"","post_modified":"2022-07-28 17:47:48","post_modified_gmt":"2022-07-28 15:47:48","post_content_filtered":"","post_parent":0,"guid":"http:\/\/dev.claret.cat\/editorial\/editorial-planeta\/","menu_order":0,"post_type":"editorial","post_mime_type":"","comment_count":"0","filter":"raw"}]},"aioseo_notices":[],"_links":{"self":[{"href":"https:\/\/www.claret.cat\/es\/wp-json\/wp\/v2\/product\/1017366","targetHints":{"allow":["GET"]}}],"collection":[{"href":"https:\/\/www.claret.cat\/es\/wp-json\/wp\/v2\/product"}],"about":[{"href":"https:\/\/www.claret.cat\/es\/wp-json\/wp\/v2\/types\/product"}],"wp:featuredmedia":[{"embeddable":true,"href":"https:\/\/www.claret.cat\/es\/wp-json\/wp\/v2\/media\/1017367"}],"wp:attachment":[{"href":"https:\/\/www.claret.cat\/es\/wp-json\/wp\/v2\/media?parent=1017366"}],"wp:term":[{"taxonomy":"product_brand","embeddable":true,"href":"https:\/\/www.claret.cat\/es\/wp-json\/wp\/v2\/product_brand?post=1017366"},{"taxonomy":"product_cat","embeddable":true,"href":"https:\/\/www.claret.cat\/es\/wp-json\/wp\/v2\/product_cat?post=1017366"},{"taxonomy":"product_tag","embeddable":true,"href":"https:\/\/www.claret.cat\/es\/wp-json\/wp\/v2\/product_tag?post=1017366"}],"curies":[{"name":"wp","href":"https:\/\/api.w.org\/{rel}","templated":true}]}}