{"id":1017387,"date":"2025-04-08T13:55:37","date_gmt":"2025-04-08T11:55:37","guid":{"rendered":"https:\/\/www.claret.cat\/llibre\/la-novia-de-la-paz-9788408304296\/"},"modified":"2025-04-08T14:21:40","modified_gmt":"2025-04-08T12:21:40","slug":"la-novia-de-la-paz-9788408304296","status":"publish","type":"product","link":"https:\/\/www.claret.cat\/es\/libro\/la-novia-de-la-paz-9788408304296\/","title":{"rendered":"LA NOVIA DE LA PAZ"},"content":{"rendered":"<p>Sur de \u00c1frica, 1901.<br \/> Una mujer rompe sus cadenas y desaf\u00eda a un imperio.<br \/> Una historia sobre segundas oportunidades que te robar\u00e1 el coraz\u00f3n.Shayna Orliens llega al sur de \u00c1frica en 1901 huyendo de un esc\u00e1ndalo que ha sacudido a la alta sociedad londinense. Mientras lucha por reconstruirse y esquiva la investigaci\u00f3n de Scotland Yard, que la considera sospechosa de la desaparici\u00f3n de su marido, conoce a un misterioso escultor escoc\u00e9s que guarda un grave secreto.<br \/> En su nuevo y ex\u00f3tico mundo, Shayna encuentra refugio en las palabras de Emily Hobhouse, quien, desde la prensa, denuncia con valent\u00eda los abusos del imperio brit\u00e1nico en la guerra anglo-b\u00f3er.<br \/> La novia de la paz es una poderosa historia sobre segundas oportunidades con unas protagonistas arrebatadoras \u2014una an\u00f3nima, la otra c\u00e9lebre\u2014 que se atreven a poner en riesgo su libertad por desafiar el orden establecido. Ambas mudar\u00e1n de piel y descubrir\u00e1n que, tras una traici\u00f3n, no hay mejor venganza que la felicidad.<\/p>\n","protected":false},"excerpt":{"rendered":"<p>RARO, ROSARIO<\/p>\n","protected":false},"featured_media":1017388,"template":"","meta":{"_acf_changed":false,"om_disable_all_campaigns":false,"rs_blank_template":"","rs_page_bg_color":"","slide_template_v7":"","inline_featured_image":false,"_monsterinsights_skip_tracking":false,"_monsterinsights_sitenote_active":false,"_monsterinsights_sitenote_note":"","_monsterinsights_sitenote_category":0},"product_brand":[],"product_cat":[127,357],"product_tag":[],"class_list":{"0":"post-1017387","1":"product","2":"type-product","3":"status-publish","4":"has-post-thumbnail","6":"product_cat-novella-contemporania","7":"product_cat-novela-contemporanea","9":"first","10":"instock","11":"taxable","12":"shipping-taxable","13":"purchasable","14":"product-type-simple"},"acf":{"autor":"RARO, ROSARIO","codart":"840830429","libros-coleccion":"Autores Espa\u00f1oles e Iberoamericanos","ediciones":"1","encuadernacion":"Carton\u00e9","fecha_de_publicacion":"01\/04\/2025","novedad":"1","paginas":"360","subtitulo":"PREMIO AZOR\u00cdN DE NOVELA 2025","orden":"0","portada":"0","idioma":"spa","editorial":[{"ID":6233,"post_author":"3","post_date":"2022-07-28 17:47:48","post_date_gmt":"2022-07-28 15:47:48","post_content":"","post_title":"EDITORIAL PLANETA","post_excerpt":"","post_status":"publish","comment_status":"closed","ping_status":"closed","post_password":"","post_name":"editorial-planeta","to_ping":"","pinged":"","post_modified":"2022-07-28 17:47:48","post_modified_gmt":"2022-07-28 15:47:48","post_content_filtered":"","post_parent":0,"guid":"http:\/\/dev.claret.cat\/editorial\/editorial-planeta\/","menu_order":0,"post_type":"editorial","post_mime_type":"","comment_count":"0","filter":"raw"}]},"aioseo_notices":[],"_links":{"self":[{"href":"https:\/\/www.claret.cat\/es\/wp-json\/wp\/v2\/product\/1017387","targetHints":{"allow":["GET"]}}],"collection":[{"href":"https:\/\/www.claret.cat\/es\/wp-json\/wp\/v2\/product"}],"about":[{"href":"https:\/\/www.claret.cat\/es\/wp-json\/wp\/v2\/types\/product"}],"wp:featuredmedia":[{"embeddable":true,"href":"https:\/\/www.claret.cat\/es\/wp-json\/wp\/v2\/media\/1017388"}],"wp:attachment":[{"href":"https:\/\/www.claret.cat\/es\/wp-json\/wp\/v2\/media?parent=1017387"}],"wp:term":[{"taxonomy":"product_brand","embeddable":true,"href":"https:\/\/www.claret.cat\/es\/wp-json\/wp\/v2\/product_brand?post=1017387"},{"taxonomy":"product_cat","embeddable":true,"href":"https:\/\/www.claret.cat\/es\/wp-json\/wp\/v2\/product_cat?post=1017387"},{"taxonomy":"product_tag","embeddable":true,"href":"https:\/\/www.claret.cat\/es\/wp-json\/wp\/v2\/product_tag?post=1017387"}],"curies":[{"name":"wp","href":"https:\/\/api.w.org\/{rel}","templated":true}]}}