{"id":1017428,"date":"2025-04-08T15:50:02","date_gmt":"2025-04-08T13:50:02","guid":{"rendered":"https:\/\/www.claret.cat\/llibre\/la-biblioteca-desaparecida-9788410415607\/"},"modified":"2025-04-15T12:55:21","modified_gmt":"2025-04-15T10:55:21","slug":"la-biblioteca-desaparecida-9788410415607","status":"publish","type":"product","link":"https:\/\/www.claret.cat\/es\/libro\/la-biblioteca-desaparecida-9788410415607\/","title":{"rendered":"LA BIBLIOTECA DESAPARECIDA"},"content":{"rendered":"<p><strong>La Biblioteca de Alejandr\u00eda: mito, esplendor y destrucci\u00f3n de la cuna del saber universal.<\/strong><\/p>\n<p>La <strong>Biblioteca de Alejandr\u00eda<\/strong>, s\u00edmbolo eterno del conocimiento, fue uno de los proyectos culturales m\u00e1s ambiciosos de la Antig\u00fcedad. Con m\u00e1s de <strong>700.000 rollos de papiro<\/strong>, su objetivo era reunir todo el saber del mundo antiguo: desde la <strong>literatura griega<\/strong> hasta la <strong>ciencia egipcia<\/strong>, pasando por la filosof\u00eda, la religi\u00f3n y las obras extranjeras traducidas al griego.<\/p>\n<p>En este libro apasionante, el historiador y fil\u00f3logo <strong>Luciano Canfora<\/strong> desvela los misterios de esta instituci\u00f3n legendaria, abordando sus or\u00edgenes, su impacto cultural y las controvertidas teor\u00edas sobre su destrucci\u00f3n: \u00bffue <strong>Julio C\u00e9sar<\/strong>, en el a\u00f1o 47 a.C., quien la incendi\u00f3? \u00bfO el <strong>califa Omar<\/strong>, durante la conquista isl\u00e1mica en el 640?<\/p>\n<p>Con rigor hist\u00f3rico y estilo narrativo, Canfora combina <strong>investigaci\u00f3n acad\u00e9mica<\/strong> y relato detectivesco para reconstruir uno de los grandes enigmas del mundo antiguo. Una obra imprescindible para <strong>amantes de los libros, la historia cl\u00e1sica y el legado cultural de la humanidad<\/strong>.<\/p>\n<p>Un <strong>cl\u00e1sico moderno<\/strong> que invita a reflexionar sobre el valor del conocimiento, su fragilidad y el eterno deseo humano de conservar la memoria del saber.<\/p>\n","protected":false},"excerpt":{"rendered":"<p>CANFORA, LUCIANO<\/p>\n","protected":false},"featured_media":1018330,"template":"","meta":{"_acf_changed":false,"om_disable_all_campaigns":false,"rs_blank_template":"","rs_page_bg_color":"","slide_template_v7":"","inline_featured_image":false,"_monsterinsights_skip_tracking":false,"_monsterinsights_sitenote_active":false,"_monsterinsights_sitenote_note":"","_monsterinsights_sitenote_category":0},"product_brand":[],"product_cat":[148,367],"product_tag":[],"class_list":{"0":"post-1017428","1":"product","2":"type-product","3":"status-publish","4":"has-post-thumbnail","6":"product_cat-antiga","7":"product_cat-antigua","9":"first","10":"instock","11":"taxable","12":"shipping-taxable","13":"purchasable","14":"product-type-simple"},"acf":{"autor":"CANFORA, LUCIANO","codart":"841041560","libros-coleccion":"Biblioteca de Ensayo \/ Serie mayor","ediciones":"1","encuadernacion":"R\u00fastica","fecha_de_publicacion":"01\/04\/2025","novedad":"1","paginas":"188","subtitulo":"","orden":"0","portada":"1","idioma":"spa","editorial":[{"ID":6365,"post_author":"3","post_date":"2022-07-28 17:50:37","post_date_gmt":"2022-07-28 15:50:37","post_content":"","post_title":"Siruela","post_excerpt":"","post_status":"publish","comment_status":"closed","ping_status":"closed","post_password":"","post_name":"siruela","to_ping":"","pinged":"","post_modified":"2022-07-28 17:50:37","post_modified_gmt":"2022-07-28 15:50:37","post_content_filtered":"","post_parent":0,"guid":"http:\/\/dev.claret.cat\/editorial\/siruela\/","menu_order":0,"post_type":"editorial","post_mime_type":"","comment_count":"0","filter":"raw"}],"booktrailer":"","resenas":""},"aioseo_notices":[],"_links":{"self":[{"href":"https:\/\/www.claret.cat\/es\/wp-json\/wp\/v2\/product\/1017428","targetHints":{"allow":["GET"]}}],"collection":[{"href":"https:\/\/www.claret.cat\/es\/wp-json\/wp\/v2\/product"}],"about":[{"href":"https:\/\/www.claret.cat\/es\/wp-json\/wp\/v2\/types\/product"}],"wp:featuredmedia":[{"embeddable":true,"href":"https:\/\/www.claret.cat\/es\/wp-json\/wp\/v2\/media\/1018330"}],"wp:attachment":[{"href":"https:\/\/www.claret.cat\/es\/wp-json\/wp\/v2\/media?parent=1017428"}],"wp:term":[{"taxonomy":"product_brand","embeddable":true,"href":"https:\/\/www.claret.cat\/es\/wp-json\/wp\/v2\/product_brand?post=1017428"},{"taxonomy":"product_cat","embeddable":true,"href":"https:\/\/www.claret.cat\/es\/wp-json\/wp\/v2\/product_cat?post=1017428"},{"taxonomy":"product_tag","embeddable":true,"href":"https:\/\/www.claret.cat\/es\/wp-json\/wp\/v2\/product_tag?post=1017428"}],"curies":[{"name":"wp","href":"https:\/\/api.w.org\/{rel}","templated":true}]}}