{"id":1017522,"date":"2025-04-08T18:10:46","date_gmt":"2025-04-08T16:10:46","guid":{"rendered":"https:\/\/www.claret.cat\/llibre\/guarde-el-anochecer-en-el-cajon-9788426432599\/"},"modified":"2025-04-09T11:10:57","modified_gmt":"2025-04-09T09:10:57","slug":"guarde-el-anochecer-en-el-cajon-9788426432599","status":"publish","type":"product","link":"https:\/\/www.claret.cat\/es\/libro\/guarde-el-anochecer-en-el-cajon-9788426432599\/","title":{"rendered":"GUARD\u00c9 EL ANOCHECER EN EL CAJ\u00d3N"},"content":{"rendered":"<p>PREMIO NOBEL DE LITERATURA 2024  La autora que ha cautivado a millones de lectores en el mundo con novelas como La vegetariana y La clase de griego nos sorprende y deslumbra tambi\u00e9n como poeta.  \u00abUna de las escritoras m\u00e1s sublimes que pueblan el escenario contempor\u00e1neo\u00bb. Berna Gonz\u00e1lez Harbour, El Pa\u00eds Premio Nobel de Literatura en 2024, Han Kang se revela en Guard\u00e9 el anochecer en el caj\u00f3n como la gran poeta que alienta tras sus muy celebradas ficciones. El \u00abanochecer\u00bb, ese espacio ambiguo entre dos luces, se convierte en el escenario en el que una voz dolida e inteligente nos habla de la soledad, la enfermedad, el encuentro entre muertos y vivos, la fuerza fr\u00e1gil de la palabra, la necesidad del arte. Sin conocer en detalle la an\u00e9cdota que genera el poema, el lector ingresa sin embargo en un \u00e1mbito de inmediata y poderosa intimidad que acaba haci\u00e9ndole part\u00edcipe de una especial trascendencia cotidiana. Se trata de una poes\u00eda delicada, oscura, inquietante y tremendamente visceral, que pone el cuerpo y las emociones en su mismo centro. Como ha dicho la autora en The New Yorker, \u00abel lenguaje es como una flecha que siempre falla el blanco por un margen estrecho y es tambi\u00e9n algo que transmite emociones y sensaciones que producen dolor\u00bb.La cr\u00edtica ha dicho:<br \/>\u00abSinuosa y extraordinaria [ ]. Han Kang es una escritora incomparable. Con unas pocas l\u00edneas atraviesa la experiencia humana en su totalidad\u00bb.<br \/>Katie Kitamura \u00abKang posee una voz seria, comprometida con la literatura y la historia, sin otra agenda que la investigaci\u00f3n de la forma literaria, la exploraci\u00f3n de las contradicciones del lenguaje, la indignaci\u00f3n serena ante la barbarie y el azoro ante el milagro cotidiano de la vida\u00bb.<br \/>Juvenal Acosta, Letras Libres\u00abEn los poemas de Han Kang el dolor sangra lenguaje y silencio [ ]. Una voz de la desolaci\u00f3n humana y un espejo ante nuestro ser vulnerable para que se mire arder y al mirarse, en su dolor despierte\u00bb.<br \/>Roberto Am\u00e9zquita, C\u00edrculo de Poes\u00eda\u00abLos libros de Han Kang dan fe de una atrocidad concreta a la vez que plantean cuestiones universales sobre lo que significa ser humano, con todo el potencial de ternura y crueldad que eso conlleva\u00bb.<br \/>The Times Literary Supplement \u00abLa literatura de Han Kang es un g\u00e9nero en s\u00ed mismo\u00bb.<br \/>Eun-Gwi Chung, World Literature Today\u00abHan Kang transforma la manida idea de la desconexi\u00f3n entre cuerpo y mente en algo nuevo y significativo\u00bb. Michele Filgate, Los Angeles Times  \u00abHan Kang siempre ha sido una de las escritoras m\u00e1s l\u00facidas: ensancha el cielo de los sentimientos\u00bb.<br \/>Max Porter<\/p>\n","protected":false},"excerpt":{"rendered":"<p>KANG, HAN<\/p>\n","protected":false},"featured_media":1017585,"template":"","meta":{"_acf_changed":false,"om_disable_all_campaigns":false,"rs_blank_template":"","rs_page_bg_color":"","slide_template_v7":"","inline_featured_image":false,"_monsterinsights_skip_tracking":false,"_monsterinsights_sitenote_active":false,"_monsterinsights_sitenote_note":"","_monsterinsights_sitenote_category":0},"product_brand":[],"product_cat":[121,340,358,128],"product_tag":[],"class_list":{"0":"post-1017522","1":"product","2":"type-product","3":"status-publish","4":"has-post-thumbnail","6":"product_cat-poesia","7":"product_cat-poesia-5_otras","8":"product_cat-poesia-contemporanea","9":"product_cat-poesia-contemporania","11":"first","12":"instock","13":"taxable","14":"shipping-taxable","15":"purchasable","16":"product-type-simple"},"acf":{"autor":"KANG, HAN","codart":"842643259","libros-coleccion":"Poesia","ediciones":"1","encuadernacion":"R\u00fastica","fecha_de_publicacion":"01\/04\/2025","novedad":"1","paginas":"192","subtitulo":"","orden":"0","portada":"0","idioma":"spa","editorial":[{"ID":6296,"post_author":"3","post_date":"2022-07-28 17:49:09","post_date_gmt":"2022-07-28 15:49:09","post_content":"","post_title":"LUMEN","post_excerpt":"","post_status":"publish","comment_status":"closed","ping_status":"closed","post_password":"","post_name":"lumen","to_ping":"","pinged":"","post_modified":"2022-07-28 17:49:09","post_modified_gmt":"2022-07-28 15:49:09","post_content_filtered":"","post_parent":0,"guid":"http:\/\/dev.claret.cat\/editorial\/lumen\/","menu_order":0,"post_type":"editorial","post_mime_type":"","comment_count":"0","filter":"raw"}],"booktrailer":"","resenas":""},"aioseo_notices":[],"_links":{"self":[{"href":"https:\/\/www.claret.cat\/es\/wp-json\/wp\/v2\/product\/1017522","targetHints":{"allow":["GET"]}}],"collection":[{"href":"https:\/\/www.claret.cat\/es\/wp-json\/wp\/v2\/product"}],"about":[{"href":"https:\/\/www.claret.cat\/es\/wp-json\/wp\/v2\/types\/product"}],"wp:featuredmedia":[{"embeddable":true,"href":"https:\/\/www.claret.cat\/es\/wp-json\/wp\/v2\/media\/1017585"}],"wp:attachment":[{"href":"https:\/\/www.claret.cat\/es\/wp-json\/wp\/v2\/media?parent=1017522"}],"wp:term":[{"taxonomy":"product_brand","embeddable":true,"href":"https:\/\/www.claret.cat\/es\/wp-json\/wp\/v2\/product_brand?post=1017522"},{"taxonomy":"product_cat","embeddable":true,"href":"https:\/\/www.claret.cat\/es\/wp-json\/wp\/v2\/product_cat?post=1017522"},{"taxonomy":"product_tag","embeddable":true,"href":"https:\/\/www.claret.cat\/es\/wp-json\/wp\/v2\/product_tag?post=1017522"}],"curies":[{"name":"wp","href":"https:\/\/api.w.org\/{rel}","templated":true}]}}