{"id":1017555,"date":"2025-04-08T18:40:02","date_gmt":"2025-04-08T16:40:02","guid":{"rendered":"https:\/\/www.claret.cat\/llibre\/las-tinieblas-del-corazon-9788410496460\/"},"modified":"2025-09-09T19:10:48","modified_gmt":"2025-09-09T17:10:48","slug":"las-tinieblas-del-corazon-9788410496460","status":"publish","type":"product","link":"https:\/\/www.claret.cat\/es\/libro\/las-tinieblas-del-corazon-9788410496460\/","title":{"rendered":"LAS TINIEBLAS DEL CORAZ\u00d3N"},"content":{"rendered":"<p>El autor de La piel fr\u00eda, traducido a m\u00e1s de 30 idiomas, vuelve con una historia real sobre el miedo y la fascinaci\u00f3n por lo desconocido. \u00abDefiende la literatura con may\u00fasculas: la que a\u00fan es capaz de atrapar al lector desde la primera l\u00ednea\u00bb.<br \/>Care Santos, El Cultural Ser\u00eda dif\u00edcil encontrar un grupo humano m\u00e1s alejado de nuestra fisonom\u00eda y de nuestros patrones culturales que los habitantes de la selva africana mal conocidos como \u00abpigmeos\u00bb. Est\u00e1n lejos de nosotros y de todo el mundo. Son los ex\u00f3ticos de los ex\u00f3ticos. Homero les da ese nombre a unos seres en la Il\u00edada, y de sus versos nace uno de los malentendidos m\u00e1s rid\u00edculos y perdurables de la historia cient\u00edfica. El poeta se refer\u00eda a unas criaturas tan fabulosas como nuestros duendes. Sin embargo, el mito sigui\u00f3 vivo, y, a partir del siglo XIX, contra todo pron\u00f3stico y empujados por la ciencia, la literatura y la fantas\u00eda, muchos exploradores han ido en su busca al coraz\u00f3n de \u00c1frica. Las tinieblas del coraz\u00f3n narra las aventuras de algunos de ellos: el extravagante y seductor Paul Du Chaillu, el arrogante bot\u00e1nico alem\u00e1n Georg Schweinfurth, el injustamente olvidado etn\u00f3grafo Paul Schebesta, la pintora Anne Eisner y su marido Patrick Putnam, el antrop\u00f3logo Colin Turnbull e, incluso, el propio Albert S\u00e1nchez Pi\u00f1ol. Todos se embarcan en este viaje en pos de algo important\u00edsimo para ellos, y todos dan con lo que deseaban. Y, sin embargo, se produce una tremenda paradoja: lo que encuentran no existe.La cr\u00edtica ha dicho:<br \/>\u00abUn escritor que se revela en el siglo XXI\u00bb.<br \/>Carme Riera \u00abDefiende la literatura con may\u00fasculas: la que a\u00fan es capaz de atrapar al lector desde la primera l\u00ednea\u00bb.<br \/>Care Santos, El Cultural \u00abAvanzaa pasos agigantados hacia el pedestal de los escritores catalanes m\u00e1s le\u00eddos de todos los tiempos\u00bb.<br \/>El Peri\u00f3dico Sobre La piel fr\u00eda:<br \/>\u00abMe persigue despu\u00e9s de haberlo le\u00eddo. Un libro espl\u00e9ndido\u00bb.<br \/>Enrique Vila-Matas \u00abUna especiede Robinson Crusoe visto a trav\u00e9s de un cristal oscuro. Fascinante. Sorprende su impacto emocional\u00bb.<br \/>Kirkus Reviews Sobre El monstruo de Santa Elena:<br \/>\u00abArrastra al lector hasta la \u00faltima p\u00e1gina\u00bb.<br \/>L\u00eddia Penelo, P\u00fablico \u00abUna novela [que] se va hasta el fin del mundo para poner a prueba el amor y los ideales, transformando lo hist\u00f3rico en fant\u00e1stico\u00bb.<br \/>The New Barcelona Post<\/p>\n","protected":false},"excerpt":{"rendered":"<p>S\u00c1NCHEZ PI\u00d1OL, ALBERT<\/p>\n","protected":false},"featured_media":1051352,"template":"","meta":{"_acf_changed":false,"om_disable_all_campaigns":false,"rs_blank_template":"","rs_page_bg_color":"","slide_template_v7":"","inline_featured_image":false,"_monsterinsights_skip_tracking":false,"_monsterinsights_sitenote_active":false,"_monsterinsights_sitenote_note":"","_monsterinsights_sitenote_category":0},"product_brand":[],"product_cat":[90,127,357,540],"product_tag":[],"class_list":{"0":"post-1017555","1":"product","2":"type-product","3":"status-publish","4":"has-post-thumbnail","6":"product_cat-altres","7":"product_cat-novella-contemporania","8":"product_cat-novela-contemporanea","9":"product_cat-otros","11":"first","12":"instock","13":"taxable","14":"shipping-taxable","15":"purchasable","16":"product-type-simple"},"acf":{"autor":"S\u00c1NCHEZ PI\u00d1OL, ALBERT","codart":"841049646","libros-coleccion":"FORA DE COL.LECCI\u00d3","ediciones":"1","encuadernacion":"R\u00fastica","fecha_de_publicacion":"01\/04\/2025","novedad":"1","paginas":"376","subtitulo":"","orden":"0","portada":"0","idioma":"spa","editorial":[{"ID":6118,"post_author":"3","post_date":"2022-07-28 17:45:17","post_date_gmt":"2022-07-28 15:45:17","post_content":"","post_title":"ALFAGUARA","post_excerpt":"","post_status":"publish","comment_status":"closed","ping_status":"closed","post_password":"","post_name":"alfaguara","to_ping":"","pinged":"","post_modified":"2022-07-28 17:45:17","post_modified_gmt":"2022-07-28 15:45:17","post_content_filtered":"","post_parent":0,"guid":"http:\/\/dev.claret.cat\/editorial\/alfaguara\/","menu_order":0,"post_type":"editorial","post_mime_type":"","comment_count":"0","filter":"raw"}],"booktrailer":"","resenas":""},"aioseo_notices":[],"_links":{"self":[{"href":"https:\/\/www.claret.cat\/es\/wp-json\/wp\/v2\/product\/1017555","targetHints":{"allow":["GET"]}}],"collection":[{"href":"https:\/\/www.claret.cat\/es\/wp-json\/wp\/v2\/product"}],"about":[{"href":"https:\/\/www.claret.cat\/es\/wp-json\/wp\/v2\/types\/product"}],"wp:featuredmedia":[{"embeddable":true,"href":"https:\/\/www.claret.cat\/es\/wp-json\/wp\/v2\/media\/1051352"}],"wp:attachment":[{"href":"https:\/\/www.claret.cat\/es\/wp-json\/wp\/v2\/media?parent=1017555"}],"wp:term":[{"taxonomy":"product_brand","embeddable":true,"href":"https:\/\/www.claret.cat\/es\/wp-json\/wp\/v2\/product_brand?post=1017555"},{"taxonomy":"product_cat","embeddable":true,"href":"https:\/\/www.claret.cat\/es\/wp-json\/wp\/v2\/product_cat?post=1017555"},{"taxonomy":"product_tag","embeddable":true,"href":"https:\/\/www.claret.cat\/es\/wp-json\/wp\/v2\/product_tag?post=1017555"}],"curies":[{"name":"wp","href":"https:\/\/api.w.org\/{rel}","templated":true}]}}