{"id":1017677,"date":"2025-04-09T16:20:01","date_gmt":"2025-04-09T14:20:01","guid":{"rendered":"https:\/\/www.claret.cat\/llibre\/por-que-soy-asi-9788419873903\/"},"modified":"2025-04-09T16:20:24","modified_gmt":"2025-04-09T14:20:24","slug":"por-que-soy-asi-9788419873903","status":"publish","type":"product","link":"https:\/\/www.claret.cat\/es\/libro\/por-que-soy-asi-9788419873903\/","title":{"rendered":"\u00bfPOR QU\u00c9 SOY AS\u00cd?"},"content":{"rendered":"<p>Este libro es una hoja de ruta reveladora y tranquilizadora para navegar sobre las presiones y ansiedades de la vida actual: una gu\u00eda de hermana mayor para la generaci\u00f3n (predominantemente) femenina de Instagram. Gemma describe esto como \u00abno un libro sobre m\u00ed, sino un libro sobre nosotros\u00bb. Al poner en primer plano su voz y sus experiencias personales, explora los desaf\u00edos de salud mental y las luchas que ha enfrentado (espec\u00edficamente, la depresi\u00f3n y la ansiedad) como una forma de apoyar a otras personas que atraviesan momentos dif\u00edciles. La Generaci\u00f3n Z se enfrenta a una crisis temprana de la mediana edad; en este libro, Gemma habla directamente a esa generaci\u00f3n y ayuda a sus millones de seguidores a comprender por qu\u00e9 se sienten abrumados por las presiones constantes de la vida moderna y c\u00f3mo pueden hacer para sentirse mejor y ser m\u00e1s felices.<\/p>\n","protected":false},"excerpt":{"rendered":"<p>STYLES, GEMMA<\/p>\n","protected":false},"featured_media":1017678,"template":"","meta":{"_acf_changed":false,"om_disable_all_campaigns":false,"rs_blank_template":"","rs_page_bg_color":"","slide_template_v7":"","inline_featured_image":false,"_monsterinsights_skip_tracking":false,"_monsterinsights_sitenote_active":false,"_monsterinsights_sitenote_note":"","_monsterinsights_sitenote_category":0},"product_brand":[],"product_cat":[179,377],"product_tag":[],"class_list":{"0":"post-1017677","1":"product","2":"type-product","3":"status-publish","4":"has-post-thumbnail","6":"product_cat-autoajuda-i-salut-mental","7":"product_cat-autoayuda-y-salud-mental","9":"first","10":"instock","11":"taxable","12":"shipping-taxable","13":"purchasable","14":"product-type-simple"},"acf":{"autor":"STYLES, GEMMA","codart":"841987390","libros-coleccion":"","ediciones":"1","encuadernacion":"R\u00fastica","fecha_de_publicacion":"01\/04\/2025","novedad":"1","paginas":"368","subtitulo":"","orden":"0","portada":"0","idioma":"spa","booktrailer":"","resenas":"","editorial":[{"ID":6395,"post_author":"3","post_date":"2022-07-28 17:51:14","post_date_gmt":"2022-07-28 15:51:14","post_content":"","post_title":"VR EUROPA","post_excerpt":"","post_status":"publish","comment_status":"closed","ping_status":"closed","post_password":"","post_name":"vr-europa","to_ping":"","pinged":"","post_modified":"2022-07-28 17:51:14","post_modified_gmt":"2022-07-28 15:51:14","post_content_filtered":"","post_parent":0,"guid":"http:\/\/dev.claret.cat\/editorial\/vr-europa\/","menu_order":0,"post_type":"editorial","post_mime_type":"","comment_count":"0","filter":"raw"}]},"aioseo_notices":[],"_links":{"self":[{"href":"https:\/\/www.claret.cat\/es\/wp-json\/wp\/v2\/product\/1017677","targetHints":{"allow":["GET"]}}],"collection":[{"href":"https:\/\/www.claret.cat\/es\/wp-json\/wp\/v2\/product"}],"about":[{"href":"https:\/\/www.claret.cat\/es\/wp-json\/wp\/v2\/types\/product"}],"wp:featuredmedia":[{"embeddable":true,"href":"https:\/\/www.claret.cat\/es\/wp-json\/wp\/v2\/media\/1017678"}],"wp:attachment":[{"href":"https:\/\/www.claret.cat\/es\/wp-json\/wp\/v2\/media?parent=1017677"}],"wp:term":[{"taxonomy":"product_brand","embeddable":true,"href":"https:\/\/www.claret.cat\/es\/wp-json\/wp\/v2\/product_brand?post=1017677"},{"taxonomy":"product_cat","embeddable":true,"href":"https:\/\/www.claret.cat\/es\/wp-json\/wp\/v2\/product_cat?post=1017677"},{"taxonomy":"product_tag","embeddable":true,"href":"https:\/\/www.claret.cat\/es\/wp-json\/wp\/v2\/product_tag?post=1017677"}],"curies":[{"name":"wp","href":"https:\/\/api.w.org\/{rel}","templated":true}]}}