{"id":1017705,"date":"2025-04-09T16:45:02","date_gmt":"2025-04-09T14:45:02","guid":{"rendered":"https:\/\/www.claret.cat\/llibre\/1493-9788412953244\/"},"modified":"2025-04-15T12:47:05","modified_gmt":"2025-04-15T10:47:05","slug":"1493-9788412953244","status":"publish","type":"product","link":"https:\/\/www.claret.cat\/es\/libro\/1493-9788412953244\/","title":{"rendered":"1493"},"content":{"rendered":"<p><strong>1493: El nacimiento del primer comercio global y el nuevo orden econ\u00f3mico mundial.<\/strong><\/p>\n<p>Ocho d\u00e9cadas despu\u00e9s de Col\u00f3n, <strong>Miguel L\u00f3pez de Legazpi<\/strong> logr\u00f3 lo que el almirante genov\u00e9s no pudo: establecer una ruta de comercio directa con <strong>China<\/strong>, la potencia m\u00e1s rica del siglo XVI. Desde la reci\u00e9n fundada <strong>Manila<\/strong>, la <strong>plata de Am\u00e9rica<\/strong>, extra\u00edda por esclavos africanos e ind\u00edgenas, se enviaba a Asia a cambio de <strong>seda y especias<\/strong>, que luego llegaban a Europa. As\u00ed naci\u00f3 el <strong>primer sistema de comercio global<\/strong>, donde por primera vez en la historia <strong>bienes, personas e ideas<\/strong> de todo el planeta estaban conectados.<\/p>\n<p>En <em>1493<\/em>, el prestigioso autor <strong>Charles C. Mann<\/strong> revela c\u00f3mo esta red comercial impulsada por el <strong>imperio espa\u00f1ol<\/strong> sent\u00f3 las bases del mundo moderno. A trav\u00e9s de una mirada cient\u00edfica e hist\u00f3rica, explora los or\u00edgenes de <strong>temas cruciales contempor\u00e1neos<\/strong> como la inmigraci\u00f3n, la globalizaci\u00f3n econ\u00f3mica, el impacto ecol\u00f3gico de los intercambios coloniales y las actuales <strong>guerras culturales<\/strong>.<\/p>\n<p>Este libro fascinante y documentado es una lectura esencial para entender c\u00f3mo el pasado molde\u00f3 el sistema global que habitamos hoy. <em>1493<\/em> es mucho m\u00e1s que historia: es una clave para leer el presente con una nueva perspectiva.<\/p>\n","protected":false},"excerpt":{"rendered":"<p>MANN, CHARLES C.<\/p>\n","protected":false},"featured_media":1018318,"template":"","meta":{"_acf_changed":false,"om_disable_all_campaigns":false,"rs_blank_template":"","rs_page_bg_color":"","slide_template_v7":"","inline_featured_image":false,"_monsterinsights_skip_tracking":false,"_monsterinsights_sitenote_active":false,"_monsterinsights_sitenote_note":"","_monsterinsights_sitenote_category":0},"product_brand":[],"product_cat":[431,154,157,370,428,150],"product_tag":[],"class_list":{"0":"post-1017705","1":"product","2":"type-product","3":"status-publish","4":"has-post-thumbnail","6":"product_cat-espana","7":"product_cat-espanaya","8":"product_cat-investigacio-i-corrents","9":"product_cat-investigacion-y-corrientes","10":"product_cat-moderna-historia-2_humanidades","11":"product_cat-moderna","13":"first","14":"instock","15":"taxable","16":"shipping-taxable","17":"purchasable","18":"product-type-simple"},"acf":{"autor":"MANN, CHARLES C.","codart":"841295324","libros-coleccion":"Ensayo","ediciones":"1","encuadernacion":"R\u00fastica","fecha_de_publicacion":"01\/04\/2025","novedad":"1","paginas":"744","subtitulo":"","orden":"0","portada":"1","idioma":"spa","booktrailer":"","resenas":"","editorial":[{"ID":6153,"post_author":"3","post_date":"2022-07-28 17:46:01","post_date_gmt":"2022-07-28 15:46:01","post_content":"","post_title":"CAPITAN SWING LIBROS","post_excerpt":"","post_status":"publish","comment_status":"closed","ping_status":"closed","post_password":"","post_name":"capitan-swing-libros","to_ping":"","pinged":"","post_modified":"2022-07-28 17:46:01","post_modified_gmt":"2022-07-28 15:46:01","post_content_filtered":"","post_parent":0,"guid":"http:\/\/dev.claret.cat\/editorial\/capitan-swing-libros\/","menu_order":0,"post_type":"editorial","post_mime_type":"","comment_count":"0","filter":"raw"}]},"aioseo_notices":[],"_links":{"self":[{"href":"https:\/\/www.claret.cat\/es\/wp-json\/wp\/v2\/product\/1017705","targetHints":{"allow":["GET"]}}],"collection":[{"href":"https:\/\/www.claret.cat\/es\/wp-json\/wp\/v2\/product"}],"about":[{"href":"https:\/\/www.claret.cat\/es\/wp-json\/wp\/v2\/types\/product"}],"wp:featuredmedia":[{"embeddable":true,"href":"https:\/\/www.claret.cat\/es\/wp-json\/wp\/v2\/media\/1018318"}],"wp:attachment":[{"href":"https:\/\/www.claret.cat\/es\/wp-json\/wp\/v2\/media?parent=1017705"}],"wp:term":[{"taxonomy":"product_brand","embeddable":true,"href":"https:\/\/www.claret.cat\/es\/wp-json\/wp\/v2\/product_brand?post=1017705"},{"taxonomy":"product_cat","embeddable":true,"href":"https:\/\/www.claret.cat\/es\/wp-json\/wp\/v2\/product_cat?post=1017705"},{"taxonomy":"product_tag","embeddable":true,"href":"https:\/\/www.claret.cat\/es\/wp-json\/wp\/v2\/product_tag?post=1017705"}],"curies":[{"name":"wp","href":"https:\/\/api.w.org\/{rel}","templated":true}]}}