{"id":1017711,"date":"2025-04-09T17:05:01","date_gmt":"2025-04-09T15:05:01","guid":{"rendered":"https:\/\/www.claret.cat\/llibre\/la-saga-de-los-intelectuales-franceses-19441989-9788446053385\/"},"modified":"2025-04-14T12:57:31","modified_gmt":"2025-04-14T10:57:31","slug":"la-saga-de-los-intelectuales-franceses-19441989-9788446053385","status":"publish","type":"product","link":"https:\/\/www.claret.cat\/es\/libro\/la-saga-de-los-intelectuales-franceses-19441989-9788446053385\/","title":{"rendered":"LA SAGA DE LOS INTELECTUALES FRANCESES, 1944-1989"},"content":{"rendered":"<p>Nadie mejor que Fran\u00e7ois Dosse para asumir semejante reto: escribir una narrativa, panor\u00e1mica y sistem\u00e1tica, de la aventura hist\u00f3rica y creativa de los intelectuales franceses en su momento de hegemon\u00eda mundial. El primer volumen de 1944 a 1968- abarca los a\u00f1os de Sartre y Beauvoir y sus refutaciones, las relaciones contrastadas con el comunismo, la conmoci\u00f3n de 1956, la Guerra de Argelia, los inicios del Tercermundismo, la irrupci\u00f3n del momento gaullista y su impugnaci\u00f3n: una \u00e9poca dominada por la prueba de la historia, la influencia del comunismo y la desilusi\u00f3n gradual que le sigui\u00f3. El segundo volumen -de 1968 a 1989- abarca desde el utopismo de izquierdas, Solzhenitsyn y la lucha contra el totalitarismo, hasta los nuevos fil\u00f3sofos, el advenimiento de la conciencia ecol\u00f3gica y la desorientaci\u00f3n de los a\u00f1os ochenta: una \u00e9poca marcada por la crisis del futuro y que vio afianzarse la hegemon\u00eda de las ciencias humanas. Estos son algunos de los hitos de esta saga, que abarca uno de los periodos m\u00e1s efervescentes y creativos de la historia intelectual francesa y global, de Sartre a L\u00e9vi-Strauss, de Foucault a<\/p>\n","protected":false},"excerpt":{"rendered":"<p>DOSSE, FRAN\u00c7OISE<\/p>\n","protected":false},"featured_media":1017720,"template":"","meta":{"_acf_changed":false,"om_disable_all_campaigns":false,"rs_blank_template":"","rs_page_bg_color":"","slide_template_v7":"","inline_featured_image":false,"_monsterinsights_skip_tracking":false,"_monsterinsights_sitenote_active":false,"_monsterinsights_sitenote_note":"","_monsterinsights_sitenote_category":0},"product_brand":[],"product_cat":[373,166],"product_tag":[],"class_list":{"0":"post-1017711","1":"product","2":"type-product","3":"status-publish","4":"has-post-thumbnail","6":"product_cat-autores","7":"product_cat-autors-filosofia","9":"first","10":"instock","11":"taxable","12":"shipping-taxable","13":"purchasable","14":"product-type-simple"},"acf":{"autor":"DOSSE, FRAN\u00c7OISE","codart":"844605338","libros-coleccion":"ANVERSO","ediciones":"1","encuadernacion":"Carton\u00e9","fecha_de_publicacion":"01\/11\/2023","novedad":"0","paginas":"712","subtitulo":"II. EL PORVENIR EN MIGAJAS (1968-1989)","orden":"0","portada":"0","idioma":"spa","booktrailer":"","resenas":"","editorial":[{"ID":6115,"post_author":"3","post_date":"2022-07-28 17:45:13","post_date_gmt":"2022-07-28 15:45:13","post_content":"","post_title":"AKAL, EDICIONES S.A.","post_excerpt":"","post_status":"publish","comment_status":"closed","ping_status":"closed","post_password":"","post_name":"akal-ediciones-s-a","to_ping":"","pinged":"","post_modified":"2022-07-28 17:45:13","post_modified_gmt":"2022-07-28 15:45:13","post_content_filtered":"","post_parent":0,"guid":"http:\/\/dev.claret.cat\/editorial\/akal-ediciones-s-a\/","menu_order":0,"post_type":"editorial","post_mime_type":"","comment_count":"0","filter":"raw"}]},"aioseo_notices":[],"_links":{"self":[{"href":"https:\/\/www.claret.cat\/es\/wp-json\/wp\/v2\/product\/1017711","targetHints":{"allow":["GET"]}}],"collection":[{"href":"https:\/\/www.claret.cat\/es\/wp-json\/wp\/v2\/product"}],"about":[{"href":"https:\/\/www.claret.cat\/es\/wp-json\/wp\/v2\/types\/product"}],"wp:featuredmedia":[{"embeddable":true,"href":"https:\/\/www.claret.cat\/es\/wp-json\/wp\/v2\/media\/1017720"}],"wp:attachment":[{"href":"https:\/\/www.claret.cat\/es\/wp-json\/wp\/v2\/media?parent=1017711"}],"wp:term":[{"taxonomy":"product_brand","embeddable":true,"href":"https:\/\/www.claret.cat\/es\/wp-json\/wp\/v2\/product_brand?post=1017711"},{"taxonomy":"product_cat","embeddable":true,"href":"https:\/\/www.claret.cat\/es\/wp-json\/wp\/v2\/product_cat?post=1017711"},{"taxonomy":"product_tag","embeddable":true,"href":"https:\/\/www.claret.cat\/es\/wp-json\/wp\/v2\/product_tag?post=1017711"}],"curies":[{"name":"wp","href":"https:\/\/api.w.org\/{rel}","templated":true}]}}