{"id":1017764,"date":"2025-04-10T10:15:02","date_gmt":"2025-04-10T08:15:02","guid":{"rendered":"https:\/\/www.claret.cat\/llibre\/la-filosofia-de-santo-tomas-de-aquino-9788413392295\/"},"modified":"2026-03-28T13:10:31","modified_gmt":"2026-03-28T12:10:31","slug":"la-filosofia-de-santo-tomas-de-aquino-9788413392295","status":"publish","type":"product","link":"https:\/\/www.claret.cat\/es\/libro\/la-filosofia-de-santo-tomas-de-aquino-9788413392295\/","title":{"rendered":"LA FILOSOF\u00cdA DE SANTO TOM\u00c1S DE AQUINO"},"content":{"rendered":"<p><strong>Redescubrir a Santo Tom\u00e1s de Aquino: una introducci\u00f3n accesible y actual a su pensamiento filos\u00f3fico y teol\u00f3gico.<\/strong><\/p>\n<p>Santo Tom\u00e1s de Aquino sigue siendo una figura clave en la historia del pensamiento, no solo por su aportaci\u00f3n teol\u00f3gica, sino por la <strong>profundidad y vigencia de su metaf\u00edsica<\/strong>. Aunque a veces se le percibe como un autor del pasado, su visi\u00f3n del mundo, del conocimiento y de Dios <strong>sigue desafiando las certezas contempor\u00e1neas<\/strong>, con una lucidez que sorprende al lector actual.<\/p>\n<p>Este libro propone una <strong>puerta de entrada clara y amena<\/strong> al pensamiento de Tom\u00e1s de Aquino para quienes no son expertos, destacando <strong>aspectos poco explorados de su obra<\/strong>. M\u00e1s all\u00e1 de buscar respuestas a problemas modernos, invita a <strong>replantear las preguntas esenciales<\/strong>: \u00bfqu\u00e9 es la realidad?, \u00bfc\u00f3mo conocemos?, \u00bfqu\u00e9 es el alma?, \u00bfc\u00f3mo se fundamenta la moral?<\/p>\n<p>Una obra que recupera el valor provocador y transformador del pensamiento tomista, y demuestra que, lejos de ser una pieza de museo, <strong>su filosof\u00eda puede sacudirnos hoy con fuerza renovada<\/strong>.<\/p>\n","protected":false},"excerpt":{"rendered":"<p>BROCK, STEPHEN L.<\/p>\n","protected":false},"featured_media":1081132,"template":"","meta":{"_acf_changed":false,"om_disable_all_campaigns":false,"rs_blank_template":"","rs_page_bg_color":"","slide_template_v7":"","inline_featured_image":false,"_monsterinsights_skip_tracking":false,"_monsterinsights_sitenote_active":false,"_monsterinsights_sitenote_note":"","_monsterinsights_sitenote_category":0},"product_brand":[],"product_cat":[549,99,277,415,275,413,92,542],"product_tag":[],"class_list":{"0":"post-1017764","1":"product","2":"type-product","3":"status-publish","4":"has-post-thumbnail","6":"product_cat-biografias","7":"product_cat-biografies","8":"product_cat-dogmatica","9":"product_cat-dogmatica-teologia-1_espiritualidad","10":"product_cat-fonamental","11":"product_cat-fundamental","12":"product_cat-vida-religiosa","13":"product_cat-vida-religiosa-1_espiritualidad-spa","15":"first","16":"instock","17":"taxable","18":"shipping-taxable","19":"purchasable","20":"product-type-simple"},"acf":{"autor":"BROCK, STEPHEN L.","codart":"841339229","libros-coleccion":"Nuevo Ensayo","ediciones":"1","encuadernacion":"R\u00fastica","fecha_de_publicacion":"01\/03\/2025","novedad":"1","paginas":"292","subtitulo":"UN ESBOZO","orden":"0","portada":"1","idioma":"spa","booktrailer":"","resenas":"","editorial":[{"ID":6201,"post_author":"3","post_date":"2022-07-28 17:47:01","post_date_gmt":"2022-07-28 15:47:01","post_content":"","post_title":"Ediciones Encuentro","post_excerpt":"","post_status":"publish","comment_status":"closed","ping_status":"closed","post_password":"","post_name":"ediciones-encuentro","to_ping":"","pinged":"","post_modified":"2022-07-28 17:47:01","post_modified_gmt":"2022-07-28 15:47:01","post_content_filtered":"","post_parent":0,"guid":"http:\/\/dev.claret.cat\/editorial\/ediciones-encuentro\/","menu_order":0,"post_type":"editorial","post_mime_type":"","comment_count":"0","filter":"raw"}]},"aioseo_notices":[],"_links":{"self":[{"href":"https:\/\/www.claret.cat\/es\/wp-json\/wp\/v2\/product\/1017764","targetHints":{"allow":["GET"]}}],"collection":[{"href":"https:\/\/www.claret.cat\/es\/wp-json\/wp\/v2\/product"}],"about":[{"href":"https:\/\/www.claret.cat\/es\/wp-json\/wp\/v2\/types\/product"}],"wp:featuredmedia":[{"embeddable":true,"href":"https:\/\/www.claret.cat\/es\/wp-json\/wp\/v2\/media\/1081132"}],"wp:attachment":[{"href":"https:\/\/www.claret.cat\/es\/wp-json\/wp\/v2\/media?parent=1017764"}],"wp:term":[{"taxonomy":"product_brand","embeddable":true,"href":"https:\/\/www.claret.cat\/es\/wp-json\/wp\/v2\/product_brand?post=1017764"},{"taxonomy":"product_cat","embeddable":true,"href":"https:\/\/www.claret.cat\/es\/wp-json\/wp\/v2\/product_cat?post=1017764"},{"taxonomy":"product_tag","embeddable":true,"href":"https:\/\/www.claret.cat\/es\/wp-json\/wp\/v2\/product_tag?post=1017764"}],"curies":[{"name":"wp","href":"https:\/\/api.w.org\/{rel}","templated":true}]}}