{"id":1017907,"date":"2025-04-11T12:45:03","date_gmt":"2025-04-11T10:45:03","guid":{"rendered":"https:\/\/www.claret.cat\/llibre\/el-bosque-de-los-pigmeos-9788466357579\/"},"modified":"2025-04-15T11:10:07","modified_gmt":"2025-04-15T09:10:07","slug":"el-bosque-de-los-pigmeos-9788466357579","status":"publish","type":"product","link":"https:\/\/www.claret.cat\/es\/libro\/el-bosque-de-los-pigmeos-9788466357579\/","title":{"rendered":"EL BOSQUE DE LOS PIGMEOS"},"content":{"rendered":"<p>Con El Bosque de los Pigmeos, Isabel Allende cierra la trilog\u00eda \u00abMemorias del \u00c1guila y el Jaguar\u00bb.   Esta vez Alexander y Nadia acompa\u00f1an a Kate al coraz\u00f3n de \u00c1frica. \u00c1frica Ecuatorial. Hasta all\u00ed se han trasladado Nadia, Alexander y su abuela Kate para disfrutar del primer safari en elefante. Kenia es una fiesta de color: bella y sensual, una mezcla de sabores, olores y sonidos inunda cada rinc\u00f3n de esta tierra. Sin embargo, este para\u00edso tambi\u00e9n esconde sus sombras. Y la primera se\u00f1al llegar\u00e1 con las enigm\u00e1ticas palabras de una sacerdotisa vud\u00fa: les espera una dur\u00edsima prueba, la que les enfrentar\u00e1 al temible monstruo de tres cabezas. Isabel Allende, una de las voces m\u00e1s representativas de la literatura contempor\u00e1nea, pone con esta novela un broche de oro a la trilog\u00eda \u00abMemorias del \u00c1guila y el Jaguar\u00bb, que inici\u00f3 con La Ciudad de las Bestias y El Reino del Drag\u00f3n de Oro. A trav\u00e9s de los ojos de Nadia y Alexander hemos descubierto que el hombre puede ser codicioso, corrupto, malvado y siniestro, pero tambi\u00e9n hemos conocido a almas que saben escuchar con el coraz\u00f3n, que entienden que el respeto y la solidaridad son la \u00fanica forma de caminar y que apuestan por un mundo definitivamente mejor. Una novela espl\u00e9ndida para lectores de todas las edades.La cr\u00edtica ha dicho&#8230;<br \/>\u00abPlagado de acci\u00f3n y enrevesada trama, El Bosque de los Pigmeos es una monta\u00f1a rusa de aventuras.\u00bb<br \/>Newsweek<\/p>\n","protected":false},"excerpt":{"rendered":"<p>ALLENDE, ISABEL<\/p>\n","protected":false},"featured_media":1017918,"template":"","meta":{"_acf_changed":false,"om_disable_all_campaigns":false,"rs_blank_template":"","rs_page_bg_color":"","slide_template_v7":"","inline_featured_image":false,"_monsterinsights_skip_tracking":false,"_monsterinsights_sitenote_active":false,"_monsterinsights_sitenote_note":"","_monsterinsights_sitenote_category":0},"product_brand":[],"product_cat":[127,357],"product_tag":[605,603,604],"class_list":{"0":"post-1017907","1":"product","2":"type-product","3":"status-publish","4":"has-post-thumbnail","6":"product_cat-novella-contemporania","7":"product_cat-novela-contemporanea","8":"product_tag-aventuras","9":"product_tag-isabel-allende","10":"product_tag-libro-infantil","12":"first","13":"instock","14":"taxable","15":"shipping-taxable","16":"purchasable","17":"product-type-simple"},"acf":{"autor":"ALLENDE, ISABEL","codart":"846635757","libros-coleccion":"BEST SELLER","ediciones":"1","encuadernacion":"R\u00fastica","fecha_de_publicacion":"01\/07\/2021","novedad":"1","paginas":"224","subtitulo":"","orden":"0","portada":"0","idioma":"spa","booktrailer":"","resenas":"","editorial":[{"ID":6178,"post_author":"3","post_date":"2022-07-28 17:46:34","post_date_gmt":"2022-07-28 15:46:34","post_content":"","post_title":"DEBOLSILLO","post_excerpt":"","post_status":"publish","comment_status":"closed","ping_status":"closed","post_password":"","post_name":"debolsillo","to_ping":"","pinged":"","post_modified":"2022-07-28 17:46:34","post_modified_gmt":"2022-07-28 15:46:34","post_content_filtered":"","post_parent":0,"guid":"http:\/\/dev.claret.cat\/editorial\/debolsillo\/","menu_order":0,"post_type":"editorial","post_mime_type":"","comment_count":"0","filter":"raw"}],"autores-libros":[{"ID":158046,"post_author":"3","post_date":"2022-10-14 15:33:43","post_date_gmt":"2022-10-14 13:33:43","post_content":"","post_title":"ISABEL ALLENDE","post_excerpt":"","post_status":"publish","comment_status":"closed","ping_status":"closed","post_password":"","post_name":"isabel-allende","to_ping":"","pinged":"","post_modified":"2022-10-14 15:33:43","post_modified_gmt":"2022-10-14 13:33:43","post_content_filtered":"","post_parent":0,"guid":"http:\/\/dev.claret.cat\/autor\/isabel-allende\/","menu_order":0,"post_type":"autor","post_mime_type":"","comment_count":"0","filter":"raw"}],"traductores-libros":"","ilustradores-libros":"","formato":"","linkebook":"","precioebook":"","ebookportada":false,"ficha":"","muestra":"","presentacion":"","recomendamos":"","mas_vendido":""},"aioseo_notices":[],"_links":{"self":[{"href":"https:\/\/www.claret.cat\/es\/wp-json\/wp\/v2\/product\/1017907","targetHints":{"allow":["GET"]}}],"collection":[{"href":"https:\/\/www.claret.cat\/es\/wp-json\/wp\/v2\/product"}],"about":[{"href":"https:\/\/www.claret.cat\/es\/wp-json\/wp\/v2\/types\/product"}],"wp:featuredmedia":[{"embeddable":true,"href":"https:\/\/www.claret.cat\/es\/wp-json\/wp\/v2\/media\/1017918"}],"wp:attachment":[{"href":"https:\/\/www.claret.cat\/es\/wp-json\/wp\/v2\/media?parent=1017907"}],"wp:term":[{"taxonomy":"product_brand","embeddable":true,"href":"https:\/\/www.claret.cat\/es\/wp-json\/wp\/v2\/product_brand?post=1017907"},{"taxonomy":"product_cat","embeddable":true,"href":"https:\/\/www.claret.cat\/es\/wp-json\/wp\/v2\/product_cat?post=1017907"},{"taxonomy":"product_tag","embeddable":true,"href":"https:\/\/www.claret.cat\/es\/wp-json\/wp\/v2\/product_tag?post=1017907"}],"curies":[{"name":"wp","href":"https:\/\/api.w.org\/{rel}","templated":true}]}}