{"id":1017941,"date":"2025-04-11T16:05:45","date_gmt":"2025-04-11T14:05:45","guid":{"rendered":"https:\/\/www.claret.cat\/llibre\/signos-de-esperanza-eucaristia-no-52025-9788410630741\/"},"modified":"2025-04-15T13:15:41","modified_gmt":"2025-04-15T11:15:41","slug":"signos-de-esperanza-eucaristia-no-52025-9788410630741","status":"publish","type":"product","link":"https:\/\/www.claret.cat\/es\/libro\/signos-de-esperanza-eucaristia-no-52025-9788410630741\/","title":{"rendered":"SIGNOS DE ESPERANZA (EUCARIST\u00cdA N\u00ba 5\/2025)"},"content":{"rendered":"<p><strong>Materiales para la preparaci\u00f3n de las celebraciones eucar\u00edsticas del Tiempo Ordinario (Ciclo C).<\/strong><\/p>\n<p><span>Este recurso est\u00e1 dise\u00f1ado para facilitar la preparaci\u00f3n de las celebraciones eucar\u00edsticas durante el <\/span><strong>Tiempo Ordinario<\/strong> (Ciclo C), espec\u00edficamente desde el <strong>29 de junio hasta el 7 de septiembre<\/strong>. Incluye una amplia gama de materiales \u00fatiles para la <strong>reflexi\u00f3n lit\u00fargica<\/strong> y la <strong>vivencia de la fe<\/strong> en la comunidad cristiana.<\/p>\n<p>Entre los contenidos destacados, se incluyen:<\/p>\n<p><strong>Lecturas y ex\u00e9gesis<\/strong> detalladas: An\u00e1lisis profundo de las lecturas b\u00edblicas del <strong>Tiempo Ordinario<\/strong> para comprender su mensaje y contexto.<\/p>\n<p><strong>Homil\u00edas<\/strong> sugeridas: Ideas y enfoques para la predicaci\u00f3n, que ayudan a interpretar y aplicar los textos lit\u00fargicos a la vida diaria.<\/p>\n<p><strong>Lectura familiar del Evangelio<\/strong>: Propuestas accesibles y significativas para leer y reflexionar en familia sobre el Evangelio de cada domingo.<\/p>\n<p><strong>Moniciones y oraciones<\/strong>: Recursos para acompa\u00f1ar las celebraciones, facilitando la participaci\u00f3n activa de la comunidad.<\/p>\n<p>Este material busca proporcionar una <strong>formaci\u00f3n lit\u00fargica integral<\/strong> que enriquezca la <strong>celebraci\u00f3n eucar\u00edstica<\/strong> y ayude a cada fiel a profundizar su relaci\u00f3n con Dios durante este tiempo del a\u00f1o lit\u00fargico.<\/p>\n","protected":false},"excerpt":{"rendered":"<p>EQUIPO EUCARIST\u00cdA<\/p>\n","protected":false},"featured_media":1018371,"template":"","meta":{"_acf_changed":false,"om_disable_all_campaigns":false,"rs_blank_template":"","rs_page_bg_color":"","slide_template_v7":"","inline_featured_image":false,"_monsterinsights_skip_tracking":false,"_monsterinsights_sitenote_active":false,"_monsterinsights_sitenote_note":"","_monsterinsights_sitenote_category":0},"product_brand":[],"product_cat":[252,399,253,502,257,398],"product_tag":[],"class_list":{"0":"post-1017941","1":"product","2":"type-product","3":"status-publish","4":"has-post-thumbnail","6":"product_cat-altres-rituals","7":"product_cat-any-liturgic-liturgia-1_espiritualidad","8":"product_cat-any-liturgic","9":"product_cat-obras-generales-liturgia-1_espiritualidad","10":"product_cat-obres-generals-liturgia-1_espiritualitat","11":"product_cat-otros-rituales","13":"first","14":"instock","15":"taxable","16":"shipping-taxable","17":"purchasable","18":"product-type-simple"},"acf":{"autor":"EQUIPO EUCARIST\u00cdA","codart":"841063074","libros-coleccion":"","ediciones":"1","encuadernacion":"R\u00fastica","fecha_de_publicacion":"11\/04\/2025","novedad":"1","paginas":"142","subtitulo":"PASCUA Y TIEMPO ORDINARIO. CICLO C \/ 27 DE ABRIL AL 22 DE JUNIO","orden":"0","portada":"1","idioma":"spa","booktrailer":"","resenas":"","editorial":[{"ID":6390,"post_author":"3","post_date":"2022-07-28 17:51:08","post_date_gmt":"2022-07-28 15:51:08","post_content":"","post_title":"VERBO DIVINO","post_excerpt":"","post_status":"publish","comment_status":"closed","ping_status":"closed","post_password":"","post_name":"verbo-divino","to_ping":"","pinged":"","post_modified":"2022-07-28 17:51:08","post_modified_gmt":"2022-07-28 15:51:08","post_content_filtered":"","post_parent":0,"guid":"http:\/\/dev.claret.cat\/editorial\/verbo-divino\/","menu_order":0,"post_type":"editorial","post_mime_type":"","comment_count":"0","filter":"raw"}]},"aioseo_notices":[],"_links":{"self":[{"href":"https:\/\/www.claret.cat\/es\/wp-json\/wp\/v2\/product\/1017941","targetHints":{"allow":["GET"]}}],"collection":[{"href":"https:\/\/www.claret.cat\/es\/wp-json\/wp\/v2\/product"}],"about":[{"href":"https:\/\/www.claret.cat\/es\/wp-json\/wp\/v2\/types\/product"}],"wp:featuredmedia":[{"embeddable":true,"href":"https:\/\/www.claret.cat\/es\/wp-json\/wp\/v2\/media\/1018371"}],"wp:attachment":[{"href":"https:\/\/www.claret.cat\/es\/wp-json\/wp\/v2\/media?parent=1017941"}],"wp:term":[{"taxonomy":"product_brand","embeddable":true,"href":"https:\/\/www.claret.cat\/es\/wp-json\/wp\/v2\/product_brand?post=1017941"},{"taxonomy":"product_cat","embeddable":true,"href":"https:\/\/www.claret.cat\/es\/wp-json\/wp\/v2\/product_cat?post=1017941"},{"taxonomy":"product_tag","embeddable":true,"href":"https:\/\/www.claret.cat\/es\/wp-json\/wp\/v2\/product_tag?post=1017941"}],"curies":[{"name":"wp","href":"https:\/\/api.w.org\/{rel}","templated":true}]}}