{"id":1017944,"date":"2025-04-11T16:06:01","date_gmt":"2025-04-11T14:06:01","guid":{"rendered":"https:\/\/www.claret.cat\/llibre\/la-practica-de-la-justicia-y-la-misericordia-con-los-pobres-9788410630970\/"},"modified":"2025-04-15T13:07:23","modified_gmt":"2025-04-15T11:07:23","slug":"la-practica-de-la-justicia-y-la-misericordia-con-los-pobres-9788410630970","status":"publish","type":"product","link":"https:\/\/www.claret.cat\/es\/libro\/la-practica-de-la-justicia-y-la-misericordia-con-los-pobres-9788410630970\/","title":{"rendered":"LA PR\u00c1CTICA DE LA JUSTICIA Y LA MISERICORDIA CON LOS POBRES"},"content":{"rendered":"<p><strong>Justicia y misericordia en tiempos de opresi\u00f3n: una lectura actual del cap\u00edtulo 4 del libro de Daniel.<\/strong><\/p>\n<p><span style='color: black'>Este estudio profundo del <\/span><strong>cap\u00edtulo 4 del libro de Daniel<\/strong> ofrece una clave teol\u00f3gica, hist\u00f3rica y social para comprender las crisis de injusticia, pobreza y abuso de poder que marcaron tanto la \u00e9poca b\u00edblica como el mundo contempor\u00e1neo. A trav\u00e9s del an\u00e1lisis del <strong>vers\u00edculo 24<\/strong>, emerge una propuesta sorprendente: <strong>la pr\u00e1ctica de la justicia y la misericordia con los pobres<\/strong> como camino para la transformaci\u00f3n personal y social, seg\u00fan el plan de Dios.<\/p>\n<p>La autora emplea herramientas del <strong>m\u00e9todo hist\u00f3rico-cr\u00edtico<\/strong> y de la <strong>pragmaling\u00fc\u00edstica<\/strong> para ofrecer una interpretaci\u00f3n rigurosa y actualizada, que ilumina el contexto opresivo del reinado de <strong>Nabucodonosor<\/strong> y lo conecta con los desaf\u00edos del presente. Este estudio interpela al lector a descubrir el valor de la <strong>justicia<\/strong>, a identificar los mecanismos de opresi\u00f3n y a reconocer los espacios donde <strong>Dios se revela en medio de la historia humana<\/strong>.<\/p>\n<p>Una obra indispensable para quienes buscan una lectura comprometida y esperanzadora de los <strong>textos apocal\u00edpticos<\/strong> y su impacto en contextos de crisis social y econ\u00f3mica.<\/p>\n","protected":false},"excerpt":{"rendered":"<p>ZOSSI CAMPI, MARIANA<\/p>\n","protected":false},"featured_media":1018360,"template":"","meta":{"_acf_changed":false,"om_disable_all_campaigns":false,"rs_blank_template":"","rs_page_bg_color":"","slide_template_v7":"","inline_featured_image":false,"_monsterinsights_skip_tracking":false,"_monsterinsights_sitenote_active":false,"_monsterinsights_sitenote_note":"","_monsterinsights_sitenote_category":0},"product_brand":[],"product_cat":[511,283,275,413,285,419,542,92],"product_tag":[],"class_list":{"0":"post-1017944","1":"product","2":"type-product","3":"status-publish","4":"has-post-thumbnail","6":"product_cat-eclesiologia-teologia-1_espiritualidad","7":"product_cat-eclesiologia-teologia","8":"product_cat-fonamental","9":"product_cat-fundamental","10":"product_cat-pastoral-teologia","11":"product_cat-pastoral-teologia-1_espiritualidad","12":"product_cat-vida-religiosa-1_espiritualidad-spa","13":"product_cat-vida-religiosa","15":"first","16":"instock","17":"taxable","18":"shipping-taxable","19":"purchasable","20":"product-type-simple"},"acf":{"autor":"ZOSSI CAMPI, MARIANA","codart":"841063097","libros-coleccion":"","ediciones":"1","encuadernacion":"R\u00fastica","fecha_de_publicacion":"11\/04\/2025","novedad":"1","paginas":"264","subtitulo":"EL GOBIERNO QUERIDO POR DIOS EN DANIEL 4","orden":"0","portada":"1","idioma":"spa","booktrailer":"","resenas":"","editorial":[{"ID":6390,"post_author":"3","post_date":"2022-07-28 17:51:08","post_date_gmt":"2022-07-28 15:51:08","post_content":"","post_title":"VERBO DIVINO","post_excerpt":"","post_status":"publish","comment_status":"closed","ping_status":"closed","post_password":"","post_name":"verbo-divino","to_ping":"","pinged":"","post_modified":"2022-07-28 17:51:08","post_modified_gmt":"2022-07-28 15:51:08","post_content_filtered":"","post_parent":0,"guid":"http:\/\/dev.claret.cat\/editorial\/verbo-divino\/","menu_order":0,"post_type":"editorial","post_mime_type":"","comment_count":"0","filter":"raw"}]},"aioseo_notices":[],"_links":{"self":[{"href":"https:\/\/www.claret.cat\/es\/wp-json\/wp\/v2\/product\/1017944","targetHints":{"allow":["GET"]}}],"collection":[{"href":"https:\/\/www.claret.cat\/es\/wp-json\/wp\/v2\/product"}],"about":[{"href":"https:\/\/www.claret.cat\/es\/wp-json\/wp\/v2\/types\/product"}],"wp:featuredmedia":[{"embeddable":true,"href":"https:\/\/www.claret.cat\/es\/wp-json\/wp\/v2\/media\/1018360"}],"wp:attachment":[{"href":"https:\/\/www.claret.cat\/es\/wp-json\/wp\/v2\/media?parent=1017944"}],"wp:term":[{"taxonomy":"product_brand","embeddable":true,"href":"https:\/\/www.claret.cat\/es\/wp-json\/wp\/v2\/product_brand?post=1017944"},{"taxonomy":"product_cat","embeddable":true,"href":"https:\/\/www.claret.cat\/es\/wp-json\/wp\/v2\/product_cat?post=1017944"},{"taxonomy":"product_tag","embeddable":true,"href":"https:\/\/www.claret.cat\/es\/wp-json\/wp\/v2\/product_tag?post=1017944"}],"curies":[{"name":"wp","href":"https:\/\/api.w.org\/{rel}","templated":true}]}}