{"id":1018043,"date":"2025-04-14T11:30:02","date_gmt":"2025-04-14T09:30:02","guid":{"rendered":"https:\/\/www.claret.cat\/llibre\/cocina-vegana-para-todos-los-dias-9788411081412\/"},"modified":"2025-04-14T17:30:22","modified_gmt":"2025-04-14T15:30:22","slug":"cocina-vegana-para-todos-los-dias-9788411081412","status":"publish","type":"product","link":"https:\/\/www.claret.cat\/es\/libro\/cocina-vegana-para-todos-los-dias-9788411081412\/","title":{"rendered":"COCINA VEGANA PARA TODOS LOS D\u00cdAS"},"content":{"rendered":"<p>Autora del bestseller Cocina india vegana<\/p>\n<p> En su nuevo libro, Richa Hingle despliega sus habilidades gastron\u00f3micas para ense\u00f1arnos a preparar deliciosos platos internacionales rebosantes de aroma casero. Adem\u00e1s de presentarnos una gran cantidad de salsas impresionantes, esta obra nos descubre ideas provenientes de distintas tradiciones gastron\u00f3micas, as\u00ed como asombrosas combinaciones de alimentos que desatar\u00e1n nuestra creatividad d\u00eda tras d\u00eda.<\/p>\n<p> Todas las recetas destacan por su asombrosa profundidad de sabor, son f\u00e1ciles de elaborar e incluyen opciones para quienes sufren alg\u00fan tipo de alergia. Los curris, los estofados, las sopas, los s\u00e1ndwiches y la nueva generaci\u00f3n de hamburguesas vegetales de Richa, entre muchos otros platos, acabar\u00e1n convirti\u00e9ndose en indispensables en nuestra cocina. <br \/>Aprender\u00e1s a preparar:<\/p>\n<p> \u00b7 Arroz frito al curri verde <\/p>\n<p> \u00b7 Coliflor crujiente Kung Pao<\/p>\n<p> \u00b7 Hamburguesas de garbanzos y jaca <\/p>\n<p> \u00b7 Pizza Alfredo de espinacas <\/p>\n<p> \u00b7 Trocitos de tiramis\u00fa<\/p>\n<p> \u00b7 Y m\u00e1s&#x2026;<\/p>\n","protected":false},"excerpt":{"rendered":"<p>HINGLE, RICHA<\/p>\n","protected":false},"featured_media":1018186,"template":"","meta":{"_acf_changed":false,"om_disable_all_campaigns":false,"rs_blank_template":"","rs_page_bg_color":"","slide_template_v7":"","inline_featured_image":false,"_monsterinsights_skip_tracking":false,"_monsterinsights_sitenote_active":false,"_monsterinsights_sitenote_note":"","_monsterinsights_sitenote_category":0},"product_brand":[],"product_cat":[553,103],"product_tag":[],"class_list":{"0":"post-1018043","1":"product","2":"type-product","3":"status-publish","4":"has-post-thumbnail","6":"product_cat-cocina","7":"product_cat-cuina","9":"first","10":"instock","11":"taxable","12":"shipping-taxable","13":"purchasable","14":"product-type-simple"},"acf":{"autor":"HINGLE, RICHA","codart":"841108141","libros-coleccion":"Nutrici\u00f3n y salud","ediciones":"1","encuadernacion":"R\u00fastica","fecha_de_publicacion":"01\/01\/2025","novedad":"1","paginas":"272","subtitulo":"150 DELICIOSAS RECETAS CON TODO UN MUNDO DE SABORES","orden":"0","portada":"0","idioma":"spa","booktrailer":"","resenas":"","editorial":[{"ID":148187,"post_author":"3","post_date":"2022-10-14 11:56:18","post_date_gmt":"2022-10-14 09:56:18","post_content":"","post_title":"Gaia Ediciones","post_excerpt":"","post_status":"publish","comment_status":"closed","ping_status":"closed","post_password":"","post_name":"gaia-ediciones","to_ping":"","pinged":"","post_modified":"2022-10-14 11:56:18","post_modified_gmt":"2022-10-14 09:56:18","post_content_filtered":"","post_parent":0,"guid":"http:\/\/dev.claret.cat\/editorial\/gaia-ediciones\/","menu_order":0,"post_type":"editorial","post_mime_type":"","comment_count":"0","filter":"raw"}]},"aioseo_notices":[],"_links":{"self":[{"href":"https:\/\/www.claret.cat\/es\/wp-json\/wp\/v2\/product\/1018043","targetHints":{"allow":["GET"]}}],"collection":[{"href":"https:\/\/www.claret.cat\/es\/wp-json\/wp\/v2\/product"}],"about":[{"href":"https:\/\/www.claret.cat\/es\/wp-json\/wp\/v2\/types\/product"}],"wp:featuredmedia":[{"embeddable":true,"href":"https:\/\/www.claret.cat\/es\/wp-json\/wp\/v2\/media\/1018186"}],"wp:attachment":[{"href":"https:\/\/www.claret.cat\/es\/wp-json\/wp\/v2\/media?parent=1018043"}],"wp:term":[{"taxonomy":"product_brand","embeddable":true,"href":"https:\/\/www.claret.cat\/es\/wp-json\/wp\/v2\/product_brand?post=1018043"},{"taxonomy":"product_cat","embeddable":true,"href":"https:\/\/www.claret.cat\/es\/wp-json\/wp\/v2\/product_cat?post=1018043"},{"taxonomy":"product_tag","embeddable":true,"href":"https:\/\/www.claret.cat\/es\/wp-json\/wp\/v2\/product_tag?post=1018043"}],"curies":[{"name":"wp","href":"https:\/\/api.w.org\/{rel}","templated":true}]}}