{"id":1018110,"date":"2025-04-14T13:05:01","date_gmt":"2025-04-14T11:05:01","guid":{"rendered":"https:\/\/www.claret.cat\/llibre\/el-libro-endemoniado-9788467975710\/"},"modified":"2025-04-14T13:05:13","modified_gmt":"2025-04-14T11:05:13","slug":"el-libro-endemoniado-9788467975710","status":"publish","type":"product","link":"https:\/\/www.claret.cat\/es\/libro\/el-libro-endemoniado-9788467975710\/","title":{"rendered":"EL LIBRO ENDEMONIADO"},"content":{"rendered":"<p>Mientras que en todos los reinos vecinos apenas pueden combatir la pobreza, las cat\u00e1strofes m\u00e1gicas y las criaturas mitol\u00f3gicas, en Viterland todo es prosperidad, alegr\u00eda y fiestas. Lo que no sabe el pueblo es que tanta felicidad es fruto del Baelorit Grimorium, un libro maldito que encierra en su interior a un demonio y que concede todos los deseos deseos del monarca regente? Aunque el l\u00edmite de esos deseos es mil y, cuando se haga la \u00faltima petici\u00f3n, el demonio escapar\u00e1 y probablemente querr\u00e1 vengarse por los a\u00f1os encerrado. La situaci\u00f3n es cr\u00edtica, as\u00ed que la reina usa su pen\u00faltimo deseo para averiguar c\u00f3mo seguir utilizando el grimorio y que este conceda otros mil deseos m\u00e1s. La respuesta supone un desaf\u00edo para el cual s\u00f3lo unos pocos est\u00e1n preparados, as\u00ed que la misi\u00f3n es clara: mandar a Gregor (el soldado m\u00e1s valiente e insensato del reino), a Lenore (la hija del hechicero de la corte, buena en magia cuando recuerda los hechizos) y a Viv (la exploradora m\u00e1s optimista y en\u00e9rgica de Viterland) a reiniciar el contador del grimorio. Si lo consiguen ser\u00e1 un milagro.<\/p>\n","protected":false},"excerpt":{"rendered":"<p>FERNANDO LLOR \/ ALICIA GARCIA<\/p>\n","protected":false},"featured_media":1018111,"template":"","meta":{"_acf_changed":false,"om_disable_all_campaigns":false,"rs_blank_template":"","rs_page_bg_color":"","slide_template_v7":"","inline_featured_image":false,"_monsterinsights_skip_tracking":false,"_monsterinsights_sitenote_active":false,"_monsterinsights_sitenote_note":"","_monsterinsights_sitenote_category":0},"product_brand":[],"product_cat":[132,364,134,362],"product_tag":[],"class_list":{"0":"post-1018110","1":"product","2":"type-product","3":"status-publish","4":"has-post-thumbnail","6":"product_cat-lectures-per-preadolescents-6-12-anys","7":"product_cat-comics-infantil-3_infantil-juvenil-spa","8":"product_cat-comics","9":"product_cat-libros-preadolescentes-6-12-anos","11":"first","12":"instock","13":"taxable","14":"shipping-taxable","15":"purchasable","16":"product-type-simple"},"acf":{"autor":"FERNANDO LLOR \/ ALICIA GARCIA","codart":"846797571","libros-coleccion":"FORA DE COL.LECCI\u00d3","ediciones":"1","encuadernacion":"Carton\u00e9","fecha_de_publicacion":"01\/04\/2025","novedad":"1","paginas":"120","subtitulo":"","orden":"0","portada":"0","idioma":"spa","booktrailer":"","resenas":"","editorial":[{"ID":6315,"post_author":"3","post_date":"2022-07-28 17:49:33","post_date_gmt":"2022-07-28 15:49:33","post_content":"","post_title":"NORMA EDITORIAL S.A","post_excerpt":"","post_status":"publish","comment_status":"closed","ping_status":"closed","post_password":"","post_name":"norma-editorial-s-a","to_ping":"","pinged":"","post_modified":"2022-07-28 17:49:33","post_modified_gmt":"2022-07-28 15:49:33","post_content_filtered":"","post_parent":0,"guid":"http:\/\/dev.claret.cat\/editorial\/norma-editorial-s-a\/","menu_order":0,"post_type":"editorial","post_mime_type":"","comment_count":"0","filter":"raw"}]},"aioseo_notices":[],"_links":{"self":[{"href":"https:\/\/www.claret.cat\/es\/wp-json\/wp\/v2\/product\/1018110","targetHints":{"allow":["GET"]}}],"collection":[{"href":"https:\/\/www.claret.cat\/es\/wp-json\/wp\/v2\/product"}],"about":[{"href":"https:\/\/www.claret.cat\/es\/wp-json\/wp\/v2\/types\/product"}],"wp:featuredmedia":[{"embeddable":true,"href":"https:\/\/www.claret.cat\/es\/wp-json\/wp\/v2\/media\/1018111"}],"wp:attachment":[{"href":"https:\/\/www.claret.cat\/es\/wp-json\/wp\/v2\/media?parent=1018110"}],"wp:term":[{"taxonomy":"product_brand","embeddable":true,"href":"https:\/\/www.claret.cat\/es\/wp-json\/wp\/v2\/product_brand?post=1018110"},{"taxonomy":"product_cat","embeddable":true,"href":"https:\/\/www.claret.cat\/es\/wp-json\/wp\/v2\/product_cat?post=1018110"},{"taxonomy":"product_tag","embeddable":true,"href":"https:\/\/www.claret.cat\/es\/wp-json\/wp\/v2\/product_tag?post=1018110"}],"curies":[{"name":"wp","href":"https:\/\/api.w.org\/{rel}","templated":true}]}}