{"id":1018250,"date":"2025-04-15T11:00:38","date_gmt":"2025-04-15T09:00:38","guid":{"rendered":"https:\/\/www.claret.cat\/llibre\/aprende-a-leer-sin-prisa-con-los-zoobots-9788412933529\/"},"modified":"2025-04-15T13:50:34","modified_gmt":"2025-04-15T11:50:34","slug":"aprende-a-leer-sin-prisa-con-los-zoobots-9788412933529","status":"publish","type":"product","link":"https:\/\/www.claret.cat\/es\/libro\/aprende-a-leer-sin-prisa-con-los-zoobots-9788412933529\/","title":{"rendered":"APRENDE A LEER SIN PRISA CON LOS ZOOBOTS"},"content":{"rendered":"<p>Una tarde, Elena y Enzo se colaron a jugar en el taller de sus padres y la liaron a lo grande con la inteligencia artificial. Fue por culpa de una idea: &#8216;\u00bfqu\u00e9 pasar\u00e1 si se mezcla un robot con un animal?&#8217;&#8230; Y nacieron Los zoobots.<br \/> Kim ha adoptado al zoobot Colidr\u00f3n y est\u00e1 deseando ir al parque a hacerlo volar. Pero no consigue dirigir bien al zoobot y todos los vuelos son un desastre. \u00bfEstar\u00e1 estropeado el control remoto? <\/p>\n<p> Una colecci\u00f3n para aprender a leer sin prisa. En min\u00fasculas, con letra grande y bien espaciada, tipograf\u00eda de lectura f\u00e1cil y texto rimado. <br \/> En cada cuento te esperan nuevos personajes.<\/p>\n","protected":false},"excerpt":{"rendered":"<p>CLEMENTE, EVA<\/p>\n","protected":false},"featured_media":1018389,"template":"","meta":{"_acf_changed":false,"om_disable_all_campaigns":false,"rs_blank_template":"","rs_page_bg_color":"","slide_template_v7":"","inline_featured_image":false,"_monsterinsights_skip_tracking":false,"_monsterinsights_sitenote_active":false,"_monsterinsights_sitenote_note":"","_monsterinsights_sitenote_category":0},"product_brand":[],"product_cat":[132,362],"product_tag":[],"class_list":{"0":"post-1018250","1":"product","2":"type-product","3":"status-publish","4":"has-post-thumbnail","6":"product_cat-lectures-per-preadolescents-6-12-anys","7":"product_cat-libros-preadolescentes-6-12-anos","9":"first","10":"instock","11":"taxable","12":"shipping-taxable","13":"purchasable","14":"product-type-simple"},"acf":{"autor":"CLEMENTE, EVA","codart":"841293352","libros-coleccion":"FORA DE COL.LECCI\u00d3","ediciones":"1","encuadernacion":"R\u00fastica","fecha_de_publicacion":"01\/03\/2025","novedad":"1","paginas":"45","subtitulo":"KIM Y COLIDR\u00d3N, AVENTURAS SIN CONTROL","orden":"0","portada":"0","idioma":"spa","booktrailer":"","resenas":"","editorial":[{"ID":1018246,"post_author":"3","post_date":"2025-04-15 11:00:20","post_date_gmt":"2025-04-15 09:00:20","post_content":"","post_title":"Emonautas","post_excerpt":"","post_status":"publish","comment_status":"closed","ping_status":"closed","post_password":"","post_name":"emonautas","to_ping":"","pinged":"","post_modified":"2025-04-15 11:00:20","post_modified_gmt":"2025-04-15 09:00:20","post_content_filtered":"","post_parent":0,"guid":"https:\/\/www.claret.cat\/editorial\/emonautas\/","menu_order":0,"post_type":"editorial","post_mime_type":"","comment_count":"0","filter":"raw"}]},"aioseo_notices":[],"_links":{"self":[{"href":"https:\/\/www.claret.cat\/es\/wp-json\/wp\/v2\/product\/1018250","targetHints":{"allow":["GET"]}}],"collection":[{"href":"https:\/\/www.claret.cat\/es\/wp-json\/wp\/v2\/product"}],"about":[{"href":"https:\/\/www.claret.cat\/es\/wp-json\/wp\/v2\/types\/product"}],"wp:featuredmedia":[{"embeddable":true,"href":"https:\/\/www.claret.cat\/es\/wp-json\/wp\/v2\/media\/1018389"}],"wp:attachment":[{"href":"https:\/\/www.claret.cat\/es\/wp-json\/wp\/v2\/media?parent=1018250"}],"wp:term":[{"taxonomy":"product_brand","embeddable":true,"href":"https:\/\/www.claret.cat\/es\/wp-json\/wp\/v2\/product_brand?post=1018250"},{"taxonomy":"product_cat","embeddable":true,"href":"https:\/\/www.claret.cat\/es\/wp-json\/wp\/v2\/product_cat?post=1018250"},{"taxonomy":"product_tag","embeddable":true,"href":"https:\/\/www.claret.cat\/es\/wp-json\/wp\/v2\/product_tag?post=1018250"}],"curies":[{"name":"wp","href":"https:\/\/api.w.org\/{rel}","templated":true}]}}