{"id":1018299,"date":"2025-04-15T12:40:35","date_gmt":"2025-04-15T10:40:35","guid":{"rendered":"https:\/\/www.claret.cat\/llibre\/matar-a-una-sombra-9788427053793\/"},"modified":"2025-04-15T13:01:17","modified_gmt":"2025-04-15T11:01:17","slug":"matar-a-una-sombra-9788427053793","status":"publish","type":"product","link":"https:\/\/www.claret.cat\/es\/libro\/matar-a-una-sombra-9788427053793\/","title":{"rendered":"MATAR A UNA SOMBRA"},"content":{"rendered":"<p>Bestseller instant\u00e1neo de The New York Times. La \u00fanica forma de vencer la oscuridad\u2026 es convertirse en ella.En un reino sumido en la oscuridad, un caballero deber\u00e1 descubrir los secretos que se ocultan en las sombras.<br \/> Jude Maddox no sabe nada del amor y ni siquiera de la luz. Lo \u00fanico que ha conocido en la vida es el deber, ineludible y sombr\u00edo, de su posici\u00f3n como \u00abla Mano de la Muerte\u00bb, liderando a los Caballeros de la Estrella Eterna en una tierra acechada por peligros. Jude siente la vida correr por sus venas de verdad la primera vez que ve a Kiara, una joven con ojos salvajes de color \u00e1mbar, tan fiera, desafiante y r\u00e1pida como las bestias de la sombra mismas.\u00a0<br \/> Los Caballeros temen a su comandante, con su actitud severa, implacable y despiadada. Pero la joven Kiara Frey solo ve en \u00e9l a un l\u00edder, un hombre determinado que sabe c\u00f3mo sobrevivir. Alguien que, en el fondo, no es tan diferente de ella. Pero el deseo que siente por \u00e9l es tan peligroso como las sombras que combaten&#8230; e igual de irresistibles.<br \/> En un reino al borde del colapso, los Caballeros deber\u00e1n aventurarse al oscuro coraz\u00f3n de la tierra y descubrir los secretos de las sombras veladas. All\u00ed, el mal acechar\u00e1 sus mentes y se alimentar\u00e1 de su carne. Traicionar\u00e1 sus sentidos. Exceder\u00e1 cualquier pesadilla. Y la mayor\u00eda de ellos perecer\u00e1.<br \/> Pero no tienen otra opci\u00f3n. Porque la \u00fanica forma de luchar contra la oscuridad&#8230; es convertirse en ella.<\/p>\n<p> \u00abUn debut arrollador.\u00bb Publishers Weekly<\/p>\n","protected":false},"excerpt":{"rendered":"<p>QUINN, KATHERINE<\/p>\n","protected":false},"featured_media":1018340,"template":"","meta":{"_acf_changed":false,"om_disable_all_campaigns":false,"rs_blank_template":"","rs_page_bg_color":"","slide_template_v7":"","inline_featured_image":false,"_monsterinsights_skip_tracking":false,"_monsterinsights_sitenote_active":false,"_monsterinsights_sitenote_note":"","_monsterinsights_sitenote_category":0},"product_brand":[],"product_cat":[133,117,566,363,127,357],"product_tag":[],"class_list":{"0":"post-1018299","1":"product","2":"type-product","3":"status-publish","4":"has-post-thumbnail","6":"product_cat-lectures-per-adolescents-12-18-anys","7":"product_cat-juvenil","8":"product_cat-juvenil-3_infantil-juvenil-spa-spa","9":"product_cat-lecturas-por-adolescentes-12-18-anos","10":"product_cat-novella-contemporania","11":"product_cat-novela-contemporanea","13":"first","14":"instock","15":"taxable","16":"shipping-taxable","17":"purchasable","18":"product-type-simple"},"acf":{"autor":"QUINN, KATHERINE","codart":"842705379","libros-coleccion":"FORA DE COL.LECCI\u00d3","ediciones":"1","encuadernacion":"R\u00fastica","fecha_de_publicacion":"01\/04\/2025","novedad":"1","paginas":"524","subtitulo":"","orden":"0","portada":"0","idioma":"spa","booktrailer":"","resenas":"","editorial":[{"ID":6303,"post_author":"3","post_date":"2022-07-28 17:49:17","post_date_gmt":"2022-07-28 15:49:17","post_content":"","post_title":"MARTINEZ ROCA","post_excerpt":"","post_status":"publish","comment_status":"closed","ping_status":"closed","post_password":"","post_name":"martinez-roca","to_ping":"","pinged":"","post_modified":"2022-07-28 17:49:17","post_modified_gmt":"2022-07-28 15:49:17","post_content_filtered":"","post_parent":0,"guid":"http:\/\/dev.claret.cat\/editorial\/martinez-roca\/","menu_order":0,"post_type":"editorial","post_mime_type":"","comment_count":"0","filter":"raw"}]},"aioseo_notices":[],"_links":{"self":[{"href":"https:\/\/www.claret.cat\/es\/wp-json\/wp\/v2\/product\/1018299","targetHints":{"allow":["GET"]}}],"collection":[{"href":"https:\/\/www.claret.cat\/es\/wp-json\/wp\/v2\/product"}],"about":[{"href":"https:\/\/www.claret.cat\/es\/wp-json\/wp\/v2\/types\/product"}],"wp:featuredmedia":[{"embeddable":true,"href":"https:\/\/www.claret.cat\/es\/wp-json\/wp\/v2\/media\/1018340"}],"wp:attachment":[{"href":"https:\/\/www.claret.cat\/es\/wp-json\/wp\/v2\/media?parent=1018299"}],"wp:term":[{"taxonomy":"product_brand","embeddable":true,"href":"https:\/\/www.claret.cat\/es\/wp-json\/wp\/v2\/product_brand?post=1018299"},{"taxonomy":"product_cat","embeddable":true,"href":"https:\/\/www.claret.cat\/es\/wp-json\/wp\/v2\/product_cat?post=1018299"},{"taxonomy":"product_tag","embeddable":true,"href":"https:\/\/www.claret.cat\/es\/wp-json\/wp\/v2\/product_tag?post=1018299"}],"curies":[{"name":"wp","href":"https:\/\/api.w.org\/{rel}","templated":true}]}}