{"id":1018302,"date":"2025-04-15T12:40:59","date_gmt":"2025-04-15T10:40:59","guid":{"rendered":"https:\/\/www.claret.cat\/llibre\/el-hombre-sin-nombre-9788445019603\/"},"modified":"2025-04-15T12:46:28","modified_gmt":"2025-04-15T10:46:28","slug":"el-hombre-sin-nombre-9788445019603","status":"publish","type":"product","link":"https:\/\/www.claret.cat\/es\/libro\/el-hombre-sin-nombre-9788445019603\/","title":{"rendered":"EL HOMBRE SIN NOMBRE"},"content":{"rendered":"<p>El nuevo thriller con elementos sobrenaturales de Carlos Sis\u00ed mezcla acci\u00f3n trepidante con una reflexi\u00f3n sobre el m\u00e1s alla.El brote y espectacular auge de una nueva droga, el Luminis, o Aetheris, seg\u00fan d\u00f3nde preguntes, ha provocado una crisis sanitaria nacional. El Grupo de Homicidios de la Polic\u00eda Nacional de Madrid, encabezado por Rebeca Laza investiga una serie de asesinatos relacionados con la droga, que tiene un efecto sorprendente sobre sus consumidores: los que la toman, terminan por ver y comunicarse con fantasmas.<br \/> Aunque las autoridades sanitarias advierten que se trata tan solo de un efecto alucin\u00f3geno del estupefaciente, la realidad parece demostrar otra cosa. La situaci\u00f3n se complica cuando aparece la figura de un hombre sin nombre, un sicario; un asesino invicto, concentrado y despiadado, que tendr\u00e1 mucho que decir en la trayectoria del Aetheris y la vida de Rebeca.<\/p>\n","protected":false},"excerpt":{"rendered":"<p>SIS\u00cd, CARLOS<\/p>\n","protected":false},"featured_media":1018303,"template":"","meta":{"_acf_changed":false,"om_disable_all_campaigns":false,"rs_blank_template":"","rs_page_bg_color":"","slide_template_v7":"","inline_featured_image":false,"_monsterinsights_skip_tracking":false,"_monsterinsights_sitenote_active":false,"_monsterinsights_sitenote_note":"","_monsterinsights_sitenote_category":0},"product_brand":[],"product_cat":[127,357],"product_tag":[],"class_list":{"0":"post-1018302","1":"product","2":"type-product","3":"status-publish","4":"has-post-thumbnail","6":"product_cat-novella-contemporania","7":"product_cat-novela-contemporanea","9":"first","10":"instock","11":"taxable","12":"shipping-taxable","13":"purchasable","14":"product-type-simple"},"acf":{"autor":"SIS\u00cd, CARLOS","codart":"844501960","libros-coleccion":"BIBLIOTECA CARLOS SISI","ediciones":"1","encuadernacion":"R\u00fastica","fecha_de_publicacion":"01\/04\/2025","novedad":"1","paginas":"0","subtitulo":"","orden":"0","portada":"0","idioma":"spa","booktrailer":"","resenas":"","editorial":[{"ID":6308,"post_author":"3","post_date":"2022-07-28 17:49:24","post_date_gmt":"2022-07-28 15:49:24","post_content":"","post_title":"Minotauro","post_excerpt":"","post_status":"publish","comment_status":"closed","ping_status":"closed","post_password":"","post_name":"minotauro","to_ping":"","pinged":"","post_modified":"2022-07-28 17:49:24","post_modified_gmt":"2022-07-28 15:49:24","post_content_filtered":"","post_parent":0,"guid":"http:\/\/dev.claret.cat\/editorial\/minotauro\/","menu_order":0,"post_type":"editorial","post_mime_type":"","comment_count":"0","filter":"raw"}]},"aioseo_notices":[],"_links":{"self":[{"href":"https:\/\/www.claret.cat\/es\/wp-json\/wp\/v2\/product\/1018302","targetHints":{"allow":["GET"]}}],"collection":[{"href":"https:\/\/www.claret.cat\/es\/wp-json\/wp\/v2\/product"}],"about":[{"href":"https:\/\/www.claret.cat\/es\/wp-json\/wp\/v2\/types\/product"}],"wp:featuredmedia":[{"embeddable":true,"href":"https:\/\/www.claret.cat\/es\/wp-json\/wp\/v2\/media\/1018303"}],"wp:attachment":[{"href":"https:\/\/www.claret.cat\/es\/wp-json\/wp\/v2\/media?parent=1018302"}],"wp:term":[{"taxonomy":"product_brand","embeddable":true,"href":"https:\/\/www.claret.cat\/es\/wp-json\/wp\/v2\/product_brand?post=1018302"},{"taxonomy":"product_cat","embeddable":true,"href":"https:\/\/www.claret.cat\/es\/wp-json\/wp\/v2\/product_cat?post=1018302"},{"taxonomy":"product_tag","embeddable":true,"href":"https:\/\/www.claret.cat\/es\/wp-json\/wp\/v2\/product_tag?post=1018302"}],"curies":[{"name":"wp","href":"https:\/\/api.w.org\/{rel}","templated":true}]}}