{"id":1018332,"date":"2025-04-15T12:55:25","date_gmt":"2025-04-15T10:55:25","guid":{"rendered":"https:\/\/www.claret.cat\/llibre\/la-meva-mama-llibre-de-cartro-en-forma-de-cor-9788413899480\/"},"modified":"2025-10-20T20:17:23","modified_gmt":"2025-10-20T18:17:23","slug":"la-meva-mama-llibre-de-cartro-en-forma-de-cor-9788413899480","status":"publish","type":"product","link":"https:\/\/www.claret.cat\/es\/libro\/la-meva-mama-llibre-de-cartro-en-forma-de-cor-9788413899480\/","title":{"rendered":"LA MEVA MAMA. LLIBRE DE CARTR\u00d3 EN FORMA DE COR"},"content":{"rendered":"<p>Un llibre supertendre en forma de cor per a totes les mares del m\u00f3n.Les nostres mares ens cuiden, ens ensenyen, ens abracen i ens fan sentir \u00fanics. Aquest preci\u00f3s llibre de cartr\u00f3, amb forma de cor, \u00e9s el regal perfecte per celebrar l\u2019amor tan especial que uneix una mare i la seva criatura.<br \/> A trav\u00e9s d\u2019una hist\u00f2ria rimada i unes il\u00b7lustracions molt tendres, els petits es veuran reflectits en les accions dels animalons: abra\u00e7ar-se, jugar, aprendre&#8230; sempre acompanyats de la seva mare.<br \/> Amb estampats brillants i un format \u00fanic, aquest llibre posa en valor l\u2019amor incondicional de la mama. Les seves p\u00e0gines ens conviden a compartir moments inoblidables en fam\u00edlia:<br \/> La meva mama m&#8221;abra\u00e7a quan tinc por i em sento infinitament millor.<br \/> Ella m&#8221;ensenya paraules curtes, llargues i originals. Fem un equip sensacional!<br \/> La meva mama em fa pessigolles inesperades, que em desperten grans riallades.<br \/> Els seus petons s\u00f3n molt diferents. Petits, mitjans, grossos, per\u00f2 sempre sorprenents.<br \/> El meu cor i el de la meva mama bateguen compassats. El nostre amor \u00e9s de veritat!<br \/> Un llibre amb un format diferent, en forma de cor, amb decoracions estampades de colors a cada p\u00e0gina, il\u00b7lustracions super originals i brillants, i un missatge molt clar amb qu\u00e8 els nostres petits se sentiran estimats i cuidats.<br \/> Una lectura especial per compartir i recordar el vincle \u00fanic amb la mare.<br \/> Recomanat per a 1, 2, 3 anys.<br \/> Un altre llibre de la col\u00b7lecci\u00f3:<\/p>\n<p> El meu papa. Llibre de cartr\u00f3 en forma de cor<\/p>\n","protected":false},"excerpt":{"rendered":"<p>SAMBA, GINA<\/p>\n","protected":false},"featured_media":1018333,"template":"","meta":{"_acf_changed":false,"om_disable_all_campaigns":false,"rs_blank_template":"","rs_page_bg_color":"","slide_template_v7":"","inline_featured_image":false,"_monsterinsights_skip_tracking":false,"_monsterinsights_sitenote_active":false,"_monsterinsights_sitenote_note":"","_monsterinsights_sitenote_category":0},"product_brand":[],"product_cat":[131,361],"product_tag":[],"class_list":{"0":"post-1018332","1":"product","2":"type-product","3":"status-publish","4":"has-post-thumbnail","6":"product_cat-contes-per-infants-0-6-anys","7":"product_cat-cuentos-para-ninos-0-6-anos","9":"first","10":"instock","11":"taxable","12":"shipping-taxable","13":"purchasable","14":"product-type-simple"},"acf":{"autor":"SAMBA, GINA","codart":"841389948","libros-coleccion":"FORA DE COL.LECCI\u00d3","ediciones":"1","encuadernacion":"Carton\u00e9","fecha_de_publicacion":"01\/04\/2025","novedad":"1","paginas":"10","subtitulo":"","orden":"0","portada":"0","idioma":"cat","booktrailer":"","resenas":"","editorial":[{"ID":6249,"post_author":"3","post_date":"2022-07-28 17:48:09","post_date_gmt":"2022-07-28 15:48:09","post_content":"","post_title":"Estrella Polar","post_excerpt":"","post_status":"publish","comment_status":"closed","ping_status":"closed","post_password":"","post_name":"estrella-polar","to_ping":"","pinged":"","post_modified":"2022-07-28 17:48:09","post_modified_gmt":"2022-07-28 15:48:09","post_content_filtered":"","post_parent":0,"guid":"http:\/\/dev.claret.cat\/editorial\/estrella-polar\/","menu_order":0,"post_type":"editorial","post_mime_type":"","comment_count":"0","filter":"raw"}]},"aioseo_notices":[],"_links":{"self":[{"href":"https:\/\/www.claret.cat\/es\/wp-json\/wp\/v2\/product\/1018332","targetHints":{"allow":["GET"]}}],"collection":[{"href":"https:\/\/www.claret.cat\/es\/wp-json\/wp\/v2\/product"}],"about":[{"href":"https:\/\/www.claret.cat\/es\/wp-json\/wp\/v2\/types\/product"}],"wp:featuredmedia":[{"embeddable":true,"href":"https:\/\/www.claret.cat\/es\/wp-json\/wp\/v2\/media\/1018333"}],"wp:attachment":[{"href":"https:\/\/www.claret.cat\/es\/wp-json\/wp\/v2\/media?parent=1018332"}],"wp:term":[{"taxonomy":"product_brand","embeddable":true,"href":"https:\/\/www.claret.cat\/es\/wp-json\/wp\/v2\/product_brand?post=1018332"},{"taxonomy":"product_cat","embeddable":true,"href":"https:\/\/www.claret.cat\/es\/wp-json\/wp\/v2\/product_cat?post=1018332"},{"taxonomy":"product_tag","embeddable":true,"href":"https:\/\/www.claret.cat\/es\/wp-json\/wp\/v2\/product_tag?post=1018332"}],"curies":[{"name":"wp","href":"https:\/\/api.w.org\/{rel}","templated":true}]}}