{"id":1018335,"date":"2025-04-15T13:00:01","date_gmt":"2025-04-15T11:00:01","guid":{"rendered":"https:\/\/www.claret.cat\/llibre\/dream-box-adrenalyn-xl-202425-9788427874251\/"},"modified":"2025-05-09T19:40:19","modified_gmt":"2025-05-09T17:40:19","slug":"dream-box-adrenalyn-xl-202425-9788427874251","status":"publish","type":"product","link":"https:\/\/www.claret.cat\/es\/libro\/dream-box-adrenalyn-xl-202425-9788427874251\/","title":{"rendered":"DREAM BOX ADRENALYN XL 2024-25"},"content":{"rendered":"<p>La DREAM BOX BAL\u00d3N DE ORO \u201cDYNASTY\u201d de la magn\u00edfica colecci\u00f3n de Trading Cards Adrenalyn XL LaLiga EA Sports 2024-25 es una aut\u00e9ntica pieza de coleccionista, de tirada limitada, que te permite obtener muchas cards espectaculares de la colecci\u00f3n.<\/p>\n<p>En esta espectacular caja encontrar\u00e1s 25 CARDS EXCLUSIVAS:<\/p>\n<p>-16 cards BAL\u00d3N DE ORO DYNASTY.<br \/>-2 CARDS \u00daNICA:<\/p>\n<p>INIESTA.<br \/>KROOS.<br \/>-3 NUEVOS DIAMANTES<\/p>\n<p>ANTONIU ROCA (RCD Espanyol)<br \/>BAJCETIC (UD Las Palmas)<br \/>ARAMBURU (Real Sociedad)<br \/>-3 nuevas Cards EDICI\u00d3N LIMITADA.<\/p>\n<p>GERARD MORENO (Villarreal CF)<br \/>ARTHUR (Girona FC)<br \/>JOAN GARCIA (RCD Espanyol)<\/p>\n<p>-1 Nuevo BAL\u00d3N DE ORO (JULI\u00c1N \u00c1LVAREZ -Atl\u00e9tico de Madrid-)<\/p>\n<p>EXTRA! Y con 1.000 aut\u00f3grafos originales disponibles de cracks de LaLiga escondidos en 1.000 cajas.<\/p>\n<p>200 aut\u00f3grafos de:<\/p>\n<p>BORJA IGLESIAS (RC Celta)<br \/>M\u00cdCHEL (Entrenador \u2013 Girona FC)<br \/>KIRIAN (UD Las Palmas)<br \/>YEREMY PINO (Villarreal CF)<br \/>100 aut\u00f3grafos de:<\/p>\n<p>BARRIOS (Atl\u00e9tico de Madrid)<br \/>50 aut\u00f3grafos de:<\/p>\n<p>GRIEZMANN (Atl\u00e9tico de Madrid)<br \/>NICO WILLIAMS (Athletic Club)<br \/>Colecciona los grandes cracks de LaLiga, los ENERGY, los DIAMANTES los SUPER CRACKS, los BALONES DE ORO\u2026 \u00a1Todos! Mbapp\u00e9, Lamine Yamal, Juli\u00e1n \u00c1lvarez, Nico Williams\u2026<\/p>\n","protected":false},"excerpt":{"rendered":"<p>PANINI<\/p>\n","protected":false},"featured_media":1020817,"template":"","meta":{"_acf_changed":false,"om_disable_all_campaigns":false,"rs_blank_template":"","rs_page_bg_color":"","slide_template_v7":"","inline_featured_image":false,"_monsterinsights_skip_tracking":false,"_monsterinsights_sitenote_active":false,"_monsterinsights_sitenote_note":"","_monsterinsights_sitenote_category":0},"product_brand":[],"product_cat":[90,540],"product_tag":[],"class_list":{"0":"post-1018335","1":"product","2":"type-product","3":"status-publish","4":"has-post-thumbnail","6":"product_cat-altres","7":"product_cat-otros","9":"first","10":"outofstock","11":"taxable","12":"shipping-taxable","13":"purchasable","14":"product-type-simple"},"acf":{"autor":"PANINI","codart":"842787425","libros-coleccion":"","ediciones":"1","encuadernacion":"R\u00fastica","fecha_de_publicacion":"15\/04\/2025","novedad":"0","paginas":"1","subtitulo":"","orden":"0","portada":"0","idioma":"spa","booktrailer":"","resenas":"","editorial":[{"ID":148633,"post_author":"3","post_date":"2022-10-14 11:59:46","post_date_gmt":"2022-10-14 09:59:46","post_content":"","post_title":"PANINI","post_excerpt":"","post_status":"publish","comment_status":"closed","ping_status":"closed","post_password":"","post_name":"panini","to_ping":"","pinged":"","post_modified":"2022-10-14 11:59:46","post_modified_gmt":"2022-10-14 09:59:46","post_content_filtered":"","post_parent":0,"guid":"http:\/\/dev.claret.cat\/editorial\/panini\/","menu_order":0,"post_type":"editorial","post_mime_type":"","comment_count":"0","filter":"raw"}]},"aioseo_notices":[],"_links":{"self":[{"href":"https:\/\/www.claret.cat\/es\/wp-json\/wp\/v2\/product\/1018335","targetHints":{"allow":["GET"]}}],"collection":[{"href":"https:\/\/www.claret.cat\/es\/wp-json\/wp\/v2\/product"}],"about":[{"href":"https:\/\/www.claret.cat\/es\/wp-json\/wp\/v2\/types\/product"}],"wp:featuredmedia":[{"embeddable":true,"href":"https:\/\/www.claret.cat\/es\/wp-json\/wp\/v2\/media\/1020817"}],"wp:attachment":[{"href":"https:\/\/www.claret.cat\/es\/wp-json\/wp\/v2\/media?parent=1018335"}],"wp:term":[{"taxonomy":"product_brand","embeddable":true,"href":"https:\/\/www.claret.cat\/es\/wp-json\/wp\/v2\/product_brand?post=1018335"},{"taxonomy":"product_cat","embeddable":true,"href":"https:\/\/www.claret.cat\/es\/wp-json\/wp\/v2\/product_cat?post=1018335"},{"taxonomy":"product_tag","embeddable":true,"href":"https:\/\/www.claret.cat\/es\/wp-json\/wp\/v2\/product_tag?post=1018335"}],"curies":[{"name":"wp","href":"https:\/\/api.w.org\/{rel}","templated":true}]}}