{"id":1018349,"date":"2025-04-15T13:05:02","date_gmt":"2025-04-15T11:05:02","guid":{"rendered":"https:\/\/www.claret.cat\/llibre\/cartes-damor-9788466433631\/"},"modified":"2025-04-29T19:50:06","modified_gmt":"2025-04-29T17:50:06","slug":"cartes-damor-9788466433631","status":"publish","type":"product","link":"https:\/\/www.claret.cat\/es\/libro\/cartes-damor-9788466433631\/","title":{"rendered":"CARTES D&#8217;AMOR"},"content":{"rendered":"<p>TOTS TENIM UNA CARTA PENDENT D\u2019ESCRIUREUn llibre \u00fanic i col\u00b7lectiu que recupera\u00a0el valor de la carta manuscritaUn recull d\u2019hist\u00f2ries emotives que,\u00a0gr\u00e0cies a la iniciativa \u00abCartes d\u2019amor\u00bb\u00a0a les xarxes socials, es publiquen en un llibre.<br \/> Un homenatge \u00fanic a la m\u00e0gia\u00a0de la carta manuscrita.<\/p>\n<p> A Cartes d\u2019amor trobareu una selecci\u00f3 de les cartes manuscrites que ens han arribat des de tots els racons del pa\u00eds i m\u00e9s enll\u00e0, testimonis sincers d\u2019emocions sinceres que han unit generacions, han trencat silencis i han donat veu a sentiments inexpressats. Cartes entre pares i fills, entre amics, entre amants, entre germans, cartes d\u2019enyor, de gratitud, d\u2019esperan\u00e7a i de records inesborrables.<br \/> En un temps dominat pels missatges breus i ef\u00edmers, aquest llibre reivindica la carta manuscrita com un acte de valentia i autenticitat, una manera d\u2019aturar el temps i preservar all\u00f2 que realment importa.<br \/> Un llibre per llegir i rellegir, per recordar i per inspirar.<br \/> I, sobretot, un llibre per regalar.<\/p>\n<p> D\u2019una mare al seu fill<br \/> \u00abAquesta \u00e9s una carta enviada al vent amb l\u2019esperan\u00e7a que bufi prou i arribi fins a les estrelles o on sigui que vas marxar\u00bb.<\/p>\n<p> D\u2019un home al seu amor plat\u00f2nic<br \/> \u00abT\u2019he estimat amb desesper, amb la set de la terra eixorca d\u2019Anantapur, que ni els monsons poden redimir\u00bb.<\/p>\n<p> D\u2019un net a la seva \u00e0via <br \/> \u00abI, de sobte, em duies aquell pom de violetes acabades de collir per dur a casa, amb lligall de fil. Vull que s\u00e0pigues que fins i tot n\u2019he arribat a collir de silvestres a l\u2019obaga de Vallromanes. Veus?\u00bb.<br \/> \u00a0<br \/> D\u2019una dona al seu company de vida<br \/> \u00abEl que realment pesava era el fil silent que ens anava unint p\u00e0gina a p\u00e0gina. La m\u00e0gia de saber-nos alhora lluny i a prop. Cada vespre m\u2019anaves omplint una mica m\u00e9s l\u2019\u00e0nima\u00bb.<br \/> \u00a0<br \/> D\u2019una filla al seu pare<br \/> \u00abEt penso molt, et recordo el millor que puc, treballo culpa i penediment lenta i silenciosament, per\u00f2 no et parlo. Feia anys que no et parlava fins que he comen\u00e7at aquesta carta que em connecta amb tu\u00bb.<br \/> \u00a0<br \/> D\u2019una germana al seu germ\u00e0<br \/> \u00abNo s\u00e9 per qu\u00e8 ens costa tant dir t\u2019estimo, abra\u00e7ar-nos i fer-nos petons. S\u00e9 que no cal, per\u00f2 ara tinc la necessitat de dir-t\u2019ho. T\u2019estimo. T\u2019estimo molt\u00edssim i em costa molt d\u2019imaginar un dem\u00e0 sense tu\u00bb.<br \/> \u00a0<br \/> Instagram: @cartes_damor<br \/> TikTok: @cartes_damor<\/p>\n","protected":false},"excerpt":{"rendered":"<p>AA.VV.<\/p>\n","protected":false},"featured_media":1018350,"template":"","meta":{"_acf_changed":false,"om_disable_all_campaigns":false,"rs_blank_template":"","rs_page_bg_color":"","slide_template_v7":"","inline_featured_image":false,"_monsterinsights_skip_tracking":false,"_monsterinsights_sitenote_active":false,"_monsterinsights_sitenote_note":"","_monsterinsights_sitenote_category":0},"product_brand":[],"product_cat":[127,357],"product_tag":[],"class_list":{"0":"post-1018349","1":"product","2":"type-product","3":"status-publish","4":"has-post-thumbnail","6":"product_cat-novella-contemporania","7":"product_cat-novela-contemporanea","9":"first","10":"instock","11":"taxable","12":"shipping-taxable","13":"purchasable","14":"product-type-simple"},"acf":{"autor":"AA.VV.","codart":"846643363","libros-coleccion":"","ediciones":"1","encuadernacion":"Carton\u00e9","fecha_de_publicacion":"01\/04\/2025","novedad":"1","paginas":"284","subtitulo":"UN HOMENATGE A LA CARTA MANUSCRITA","orden":"0","portada":"0","idioma":"cat","booktrailer":"","resenas":"","editorial":[{"ID":6166,"post_author":"3","post_date":"2022-07-28 17:46:19","post_date_gmt":"2022-07-28 15:46:19","post_content":"","post_title":"Columna CAT","post_excerpt":"","post_status":"publish","comment_status":"closed","ping_status":"closed","post_password":"","post_name":"columna-cat","to_ping":"","pinged":"","post_modified":"2022-07-28 17:46:19","post_modified_gmt":"2022-07-28 15:46:19","post_content_filtered":"","post_parent":0,"guid":"http:\/\/dev.claret.cat\/editorial\/columna-cat\/","menu_order":0,"post_type":"editorial","post_mime_type":"","comment_count":"0","filter":"raw"}]},"aioseo_notices":[],"_links":{"self":[{"href":"https:\/\/www.claret.cat\/es\/wp-json\/wp\/v2\/product\/1018349","targetHints":{"allow":["GET"]}}],"collection":[{"href":"https:\/\/www.claret.cat\/es\/wp-json\/wp\/v2\/product"}],"about":[{"href":"https:\/\/www.claret.cat\/es\/wp-json\/wp\/v2\/types\/product"}],"wp:featuredmedia":[{"embeddable":true,"href":"https:\/\/www.claret.cat\/es\/wp-json\/wp\/v2\/media\/1018350"}],"wp:attachment":[{"href":"https:\/\/www.claret.cat\/es\/wp-json\/wp\/v2\/media?parent=1018349"}],"wp:term":[{"taxonomy":"product_brand","embeddable":true,"href":"https:\/\/www.claret.cat\/es\/wp-json\/wp\/v2\/product_brand?post=1018349"},{"taxonomy":"product_cat","embeddable":true,"href":"https:\/\/www.claret.cat\/es\/wp-json\/wp\/v2\/product_cat?post=1018349"},{"taxonomy":"product_tag","embeddable":true,"href":"https:\/\/www.claret.cat\/es\/wp-json\/wp\/v2\/product_tag?post=1018349"}],"curies":[{"name":"wp","href":"https:\/\/api.w.org\/{rel}","templated":true}]}}