{"id":1018448,"date":"2025-04-15T17:20:01","date_gmt":"2025-04-15T15:20:01","guid":{"rendered":"https:\/\/www.claret.cat\/llibre\/juana-de-arco-la-sombrosa-aventura-de-la-doncella-de-orleans-9788490614525\/"},"modified":"2026-04-02T11:11:02","modified_gmt":"2026-04-02T09:11:02","slug":"juana-de-arco-la-sombrosa-aventura-de-la-doncella-de-orleans-9788490614525","status":"publish","type":"product","link":"https:\/\/www.claret.cat\/es\/libro\/juana-de-arco-la-sombrosa-aventura-de-la-doncella-de-orleans-9788490614525\/","title":{"rendered":"JUANA DE ARCO. LA SOMBROSA AVENTURA DE LA DONCELLA DE ORLEANS"},"content":{"rendered":"<p>Un relato realista, vigoroso, dram\u00e1tico, magn\u00edfico y evocador, que nos transporta a la Guerra de los Cien A\u00f1os. La acci\u00f3n gira en torno a la figura sublime y valerosa de Juana de Arco.<\/p>\n","protected":false},"excerpt":{"rendered":"<p>TWAIN, MARK<\/p>\n","protected":false},"featured_media":1018449,"template":"","meta":{"_acf_changed":false,"om_disable_all_campaigns":false,"rs_blank_template":"","rs_page_bg_color":"","slide_template_v7":"","inline_featured_image":false,"_monsterinsights_skip_tracking":false,"_monsterinsights_sitenote_active":false,"_monsterinsights_sitenote_note":"","_monsterinsights_sitenote_category":0},"product_brand":[],"product_cat":[549,99,95,545],"product_tag":[],"class_list":{"0":"post-1018448","1":"product","2":"type-product","3":"status-publish","4":"has-post-thumbnail","6":"product_cat-biografias","7":"product_cat-biografies","8":"product_cat-santoral","9":"product_cat-santoral-1_espiritualidad-spa","11":"first","12":"instock","13":"taxable","14":"shipping-taxable","15":"purchasable","16":"product-type-simple"},"acf":{"autor":"TWAIN, MARK","codart":"849061452","libros-coleccion":"Arcaduz","ediciones":"1","encuadernacion":"R\u00fastica","fecha_de_publicacion":"01\/09\/2016","novedad":"0","paginas":"440","subtitulo":"LA ASOMBROSA AVENTURA DE LA DONCELLA DE ORLE\u00c1NS","orden":"0","portada":"0","idioma":"spa","booktrailer":"","resenas":"","editorial":[{"ID":148621,"post_author":"3","post_date":"2022-10-14 11:59:41","post_date_gmt":"2022-10-14 09:59:41","post_content":"","post_title":"PALABRA","post_excerpt":"","post_status":"publish","comment_status":"closed","ping_status":"closed","post_password":"","post_name":"palabra","to_ping":"","pinged":"","post_modified":"2022-10-14 11:59:41","post_modified_gmt":"2022-10-14 09:59:41","post_content_filtered":"","post_parent":0,"guid":"http:\/\/dev.claret.cat\/editorial\/palabra\/","menu_order":0,"post_type":"editorial","post_mime_type":"","comment_count":"0","filter":"raw"}],"autores-libros":[{"ID":164092,"post_author":"3","post_date":"2022-10-14 17:44:17","post_date_gmt":"2022-10-14 15:44:17","post_content":"","post_title":"MARK TWAIN","post_excerpt":"","post_status":"publish","comment_status":"closed","ping_status":"closed","post_password":"","post_name":"mark-twain","to_ping":"","pinged":"","post_modified":"2022-10-14 17:44:17","post_modified_gmt":"2022-10-14 15:44:17","post_content_filtered":"","post_parent":0,"guid":"http:\/\/dev.claret.cat\/autor\/mark-twain\/","menu_order":0,"post_type":"autor","post_mime_type":"","comment_count":"0","filter":"raw"}]},"aioseo_notices":[],"_links":{"self":[{"href":"https:\/\/www.claret.cat\/es\/wp-json\/wp\/v2\/product\/1018448","targetHints":{"allow":["GET"]}}],"collection":[{"href":"https:\/\/www.claret.cat\/es\/wp-json\/wp\/v2\/product"}],"about":[{"href":"https:\/\/www.claret.cat\/es\/wp-json\/wp\/v2\/types\/product"}],"wp:featuredmedia":[{"embeddable":true,"href":"https:\/\/www.claret.cat\/es\/wp-json\/wp\/v2\/media\/1018449"}],"wp:attachment":[{"href":"https:\/\/www.claret.cat\/es\/wp-json\/wp\/v2\/media?parent=1018448"}],"wp:term":[{"taxonomy":"product_brand","embeddable":true,"href":"https:\/\/www.claret.cat\/es\/wp-json\/wp\/v2\/product_brand?post=1018448"},{"taxonomy":"product_cat","embeddable":true,"href":"https:\/\/www.claret.cat\/es\/wp-json\/wp\/v2\/product_cat?post=1018448"},{"taxonomy":"product_tag","embeddable":true,"href":"https:\/\/www.claret.cat\/es\/wp-json\/wp\/v2\/product_tag?post=1018448"}],"curies":[{"name":"wp","href":"https:\/\/api.w.org\/{rel}","templated":true}]}}