{"id":1018619,"date":"2025-04-17T12:46:26","date_gmt":"2025-04-17T10:46:26","guid":{"rendered":"https:\/\/www.claret.cat\/llibre\/spectacular-ed-limitada-9788410239197\/"},"modified":"2025-04-22T17:05:54","modified_gmt":"2025-04-22T15:05:54","slug":"spectacular-ed-limitada-9788410239197","status":"publish","type":"product","link":"https:\/\/www.claret.cat\/es\/libro\/spectacular-ed-limitada-9788410239197\/","title":{"rendered":"SPECTACULAR (ED. LIMITADA)"},"content":{"rendered":"<p>Los copos de nieve caen sin cesar.Las invitaciones est\u00e1n llegando.Y la magia de la Gran V\u00edspera inunda el Imperio Meridional.\u00a0Es la v\u00edspera de la Gran V\u00edspera y Scarlett Dragna planea una espectacular celebraci\u00f3n en la ciudad. Donatella busca el regalo perfecto. A Julian, el verde le sienta incre\u00edblemente bien. Y a Legend.Bueno, es una pena que a Legend no le entusiasme la Gran V\u00edspera, aunque Tella espera que la perfecci\u00f3n de su regalo lo haga cambiar de idea. Por desgracia, todav\u00eda no ha encontrado el regalo que busca.Enmarcado despu\u00e9s de los sucesos de la saga Caraval, este delicioso relato invita a los lectores a adentrarse en esta fabulosa aventura festiva, llena de aut\u00f3matas, caramelos envenenados, bolas de nieve, diversi\u00f3n y, si Tella se sale con la suya, amor.Bienvenidos de nuevo al mundo de Caraval&#8230; donde ni siquiera las fiestas son lo que parecen.<\/p>\n","protected":false},"excerpt":{"rendered":"<p>GARBER, STEPHANIE<\/p>\n","protected":false},"featured_media":1018620,"template":"","meta":{"_acf_changed":false,"om_disable_all_campaigns":false,"rs_blank_template":"","rs_page_bg_color":"","slide_template_v7":"","inline_featured_image":false,"_monsterinsights_skip_tracking":false,"_monsterinsights_sitenote_active":false,"_monsterinsights_sitenote_note":"","_monsterinsights_sitenote_category":0},"product_brand":[],"product_cat":[133,566,117,363],"product_tag":[],"class_list":{"0":"post-1018619","1":"product","2":"type-product","3":"status-publish","4":"has-post-thumbnail","6":"product_cat-lectures-per-adolescents-12-18-anys","7":"product_cat-juvenil-3_infantil-juvenil-spa-spa","8":"product_cat-juvenil","9":"product_cat-lecturas-por-adolescentes-12-18-anos","11":"first","12":"instock","13":"taxable","14":"shipping-taxable","15":"purchasable","16":"product-type-simple"},"acf":{"autor":"GARBER, STEPHANIE","codart":"841023919","libros-coleccion":"#Fantasy","ediciones":"1","encuadernacion":"Carton\u00e9","fecha_de_publicacion":"01\/11\/2024","novedad":"1","paginas":"203","subtitulo":"","orden":"0","portada":"0","idioma":"spa","booktrailer":"","resenas":"","editorial":[{"ID":148715,"post_author":"3","post_date":"2022-10-14 12:00:25","post_date_gmt":"2022-10-14 10:00:25","post_content":"","post_title":"Puck","post_excerpt":"","post_status":"publish","comment_status":"closed","ping_status":"closed","post_password":"","post_name":"puck","to_ping":"","pinged":"","post_modified":"2022-10-14 12:00:25","post_modified_gmt":"2022-10-14 10:00:25","post_content_filtered":"","post_parent":0,"guid":"http:\/\/dev.claret.cat\/editorial\/puck\/","menu_order":0,"post_type":"editorial","post_mime_type":"","comment_count":"0","filter":"raw"}]},"aioseo_notices":[],"_links":{"self":[{"href":"https:\/\/www.claret.cat\/es\/wp-json\/wp\/v2\/product\/1018619","targetHints":{"allow":["GET"]}}],"collection":[{"href":"https:\/\/www.claret.cat\/es\/wp-json\/wp\/v2\/product"}],"about":[{"href":"https:\/\/www.claret.cat\/es\/wp-json\/wp\/v2\/types\/product"}],"wp:featuredmedia":[{"embeddable":true,"href":"https:\/\/www.claret.cat\/es\/wp-json\/wp\/v2\/media\/1018620"}],"wp:attachment":[{"href":"https:\/\/www.claret.cat\/es\/wp-json\/wp\/v2\/media?parent=1018619"}],"wp:term":[{"taxonomy":"product_brand","embeddable":true,"href":"https:\/\/www.claret.cat\/es\/wp-json\/wp\/v2\/product_brand?post=1018619"},{"taxonomy":"product_cat","embeddable":true,"href":"https:\/\/www.claret.cat\/es\/wp-json\/wp\/v2\/product_cat?post=1018619"},{"taxonomy":"product_tag","embeddable":true,"href":"https:\/\/www.claret.cat\/es\/wp-json\/wp\/v2\/product_tag?post=1018619"}],"curies":[{"name":"wp","href":"https:\/\/api.w.org\/{rel}","templated":true}]}}