{"id":1018637,"date":"2025-04-17T12:51:02","date_gmt":"2025-04-17T10:51:02","guid":{"rendered":"https:\/\/www.claret.cat\/llibre\/la-maldicion-del-amor-verdadero-9788419252494\/"},"modified":"2026-02-26T19:40:06","modified_gmt":"2026-02-26T18:40:06","slug":"la-maldicion-del-amor-verdadero-9788419252494","status":"publish","type":"product","link":"https:\/\/www.claret.cat\/es\/libro\/la-maldicion-del-amor-verdadero-9788419252494\/","title":{"rendered":"LA MALDICI\u00d3N DEL AMOR VERDADERO"},"content":{"rendered":"<p>DE AMOR Y DE MALDICIONES\u00a0<br \/>Dos villanos, una chica y una batalla mortal\u00a0para conseguir un final feliz.Evangeline Fox viaj\u00f3 al Glorioso Norte buscando\u00a0su \u00abfelices para siempre\u00bb y parece que\u00a0lo ha conseguido: est\u00e1 casada con un atractivo\u00a0pr\u00edncipe y vive en un castillo legendario. Pero\u00a0no tiene ni idea del devastador precio que ha\u00a0pagado por ese cuento de hadas. Desconoce\u00a0lo que ha perdido y su marido va a asegurarse\u00a0de que no lo descubra nunca. pero antes\u00a0debe matar a Jacks, el Pr\u00edncipe de Corazones.En esta obra, la cautivadora y esperada conclusi\u00f3n\u00a0de la trilog\u00eda \u00c9rase una vez un coraz\u00f3n\u00a0roto, se derramar\u00e1 sangre, se robar\u00e1n\u00a0algunos corazones y el amor verdadero ser\u00e1\u00a0puesto a prueba.Que gane el mejor villano<\/p>\n","protected":false},"excerpt":{"rendered":"<p>GARBER, STEPHANIE<\/p>\n","protected":false},"featured_media":1018638,"template":"","meta":{"_acf_changed":false,"om_disable_all_campaigns":false,"rs_blank_template":"","rs_page_bg_color":"","slide_template_v7":"","inline_featured_image":false,"_monsterinsights_skip_tracking":false,"_monsterinsights_sitenote_active":false,"_monsterinsights_sitenote_note":"","_monsterinsights_sitenote_category":0},"product_brand":[],"product_cat":[133,566,117,363],"product_tag":[],"class_list":{"0":"post-1018637","1":"product","2":"type-product","3":"status-publish","4":"has-post-thumbnail","6":"product_cat-lectures-per-adolescents-12-18-anys","7":"product_cat-juvenil-3_infantil-juvenil-spa-spa","8":"product_cat-juvenil","9":"product_cat-lecturas-por-adolescentes-12-18-anos","11":"first","12":"instock","13":"taxable","14":"shipping-taxable","15":"purchasable","16":"product-type-simple"},"acf":{"autor":"GARBER, STEPHANIE","codart":"841925249","libros-coleccion":"#Fantasy","ediciones":"1","encuadernacion":"R\u00fastica","fecha_de_publicacion":"01\/02\/2024","novedad":"1","paginas":"381","subtitulo":"","orden":"0","portada":"0","idioma":"spa","booktrailer":"","resenas":"","editorial":[{"ID":148715,"post_author":"3","post_date":"2022-10-14 12:00:25","post_date_gmt":"2022-10-14 10:00:25","post_content":"","post_title":"Puck","post_excerpt":"","post_status":"publish","comment_status":"closed","ping_status":"closed","post_password":"","post_name":"puck","to_ping":"","pinged":"","post_modified":"2022-10-14 12:00:25","post_modified_gmt":"2022-10-14 10:00:25","post_content_filtered":"","post_parent":0,"guid":"http:\/\/dev.claret.cat\/editorial\/puck\/","menu_order":0,"post_type":"editorial","post_mime_type":"","comment_count":"0","filter":"raw"}]},"aioseo_notices":[],"_links":{"self":[{"href":"https:\/\/www.claret.cat\/es\/wp-json\/wp\/v2\/product\/1018637","targetHints":{"allow":["GET"]}}],"collection":[{"href":"https:\/\/www.claret.cat\/es\/wp-json\/wp\/v2\/product"}],"about":[{"href":"https:\/\/www.claret.cat\/es\/wp-json\/wp\/v2\/types\/product"}],"wp:featuredmedia":[{"embeddable":true,"href":"https:\/\/www.claret.cat\/es\/wp-json\/wp\/v2\/media\/1018638"}],"wp:attachment":[{"href":"https:\/\/www.claret.cat\/es\/wp-json\/wp\/v2\/media?parent=1018637"}],"wp:term":[{"taxonomy":"product_brand","embeddable":true,"href":"https:\/\/www.claret.cat\/es\/wp-json\/wp\/v2\/product_brand?post=1018637"},{"taxonomy":"product_cat","embeddable":true,"href":"https:\/\/www.claret.cat\/es\/wp-json\/wp\/v2\/product_cat?post=1018637"},{"taxonomy":"product_tag","embeddable":true,"href":"https:\/\/www.claret.cat\/es\/wp-json\/wp\/v2\/product_tag?post=1018637"}],"curies":[{"name":"wp","href":"https:\/\/api.w.org\/{rel}","templated":true}]}}