{"id":1018670,"date":"2025-04-17T13:00:02","date_gmt":"2025-04-17T11:00:02","guid":{"rendered":"https:\/\/www.claret.cat\/llibre\/liberame-9788417854492\/"},"modified":"2025-07-09T12:20:44","modified_gmt":"2025-07-09T10:20:44","slug":"liberame-9788417854492","status":"publish","type":"product","link":"https:\/\/www.claret.cat\/es\/libro\/liberame-9788417854492\/","title":{"rendered":"LIB\u00c9RAME"},"content":{"rendered":"<p>tictactictactic\u00a0Ya casiha llegado la hora de la guerra.Juliette ha escapado hasta el Punto Omega.Es un lugar para gente como ella -para personas que tienen dones-,\u00a0y tambi\u00e9n es el cuartel general de la resistencia rebelde.Por fin es libre de El Restablecimiento, libre de su plan\u00a0para usarla como arma, y libre para amar a Adam.Pero Juliette nunca se librar\u00e1 de su tacto letal. O de Warner,\u00a0que quiere a Juliette m\u00e1s de lo que ella jam\u00e1s imagin\u00f3.Perseguida por su pasado y aterrada por su futuro,\u00a0Juliette sabe que, en el presente, deber\u00e1 tomar algunas decisiones\u00a0que pueden cambiarle la vida.\u00a0Decisiones que quiz\u00e1s impliquen escoger entre su coraz\u00f3n.\u00a0y la vida de Adam.Nuestros labios se tocany s\u00e9 que me voy a romper por las costuras.Me besa como si me hubiese perdido y\u00a0encontrado y me estuviera escapando\u00a0y nunca me fuese a soltar. A veces quiero\u00a0gritar, a veces quiero derrumbarme,\u00a0quiero morir sabiendo que he conocido\u00a0c\u00f3mo era vivir en este beso, en este\u00a0coraz\u00f3n, en esta suav\u00edsima explosi\u00f3n que\u00a0me hace sentir como si me hubiera bebido\u00a0un sorbo de sol, como si me hubiera\u00a0zampado 8, 9 y 10 nubes.Esto.Esto me duele por todas partes.<\/p>\n","protected":false},"excerpt":{"rendered":"<p>MAFI, TAHEREH<\/p>\n","protected":false},"featured_media":1018671,"template":"","meta":{"_acf_changed":false,"om_disable_all_campaigns":false,"rs_blank_template":"","rs_page_bg_color":"","slide_template_v7":"","inline_featured_image":false,"_monsterinsights_skip_tracking":false,"_monsterinsights_sitenote_active":false,"_monsterinsights_sitenote_note":"","_monsterinsights_sitenote_category":0},"product_brand":[],"product_cat":[133,566,117,363],"product_tag":[],"class_list":{"0":"post-1018670","1":"product","2":"type-product","3":"status-publish","4":"has-post-thumbnail","6":"product_cat-lectures-per-adolescents-12-18-anys","7":"product_cat-juvenil-3_infantil-juvenil-spa-spa","8":"product_cat-juvenil","9":"product_cat-lecturas-por-adolescentes-12-18-anos","11":"first","12":"instock","13":"taxable","14":"shipping-taxable","15":"purchasable","16":"product-type-simple"},"acf":{"autor":"MAFI, TAHEREH","codart":"841785449","libros-coleccion":"#CienciaFicci\u00f3n","ediciones":"1","encuadernacion":"R\u00fastica","fecha_de_publicacion":"01\/05\/2022","novedad":"1","paginas":"475","subtitulo":"","orden":"0","portada":"0","idioma":"spa","booktrailer":"","resenas":"","editorial":[{"ID":148715,"post_author":"3","post_date":"2022-10-14 12:00:25","post_date_gmt":"2022-10-14 10:00:25","post_content":"","post_title":"Puck","post_excerpt":"","post_status":"publish","comment_status":"closed","ping_status":"closed","post_password":"","post_name":"puck","to_ping":"","pinged":"","post_modified":"2022-10-14 12:00:25","post_modified_gmt":"2022-10-14 10:00:25","post_content_filtered":"","post_parent":0,"guid":"http:\/\/dev.claret.cat\/editorial\/puck\/","menu_order":0,"post_type":"editorial","post_mime_type":"","comment_count":"0","filter":"raw"}]},"aioseo_notices":[],"_links":{"self":[{"href":"https:\/\/www.claret.cat\/es\/wp-json\/wp\/v2\/product\/1018670","targetHints":{"allow":["GET"]}}],"collection":[{"href":"https:\/\/www.claret.cat\/es\/wp-json\/wp\/v2\/product"}],"about":[{"href":"https:\/\/www.claret.cat\/es\/wp-json\/wp\/v2\/types\/product"}],"wp:featuredmedia":[{"embeddable":true,"href":"https:\/\/www.claret.cat\/es\/wp-json\/wp\/v2\/media\/1018671"}],"wp:attachment":[{"href":"https:\/\/www.claret.cat\/es\/wp-json\/wp\/v2\/media?parent=1018670"}],"wp:term":[{"taxonomy":"product_brand","embeddable":true,"href":"https:\/\/www.claret.cat\/es\/wp-json\/wp\/v2\/product_brand?post=1018670"},{"taxonomy":"product_cat","embeddable":true,"href":"https:\/\/www.claret.cat\/es\/wp-json\/wp\/v2\/product_cat?post=1018670"},{"taxonomy":"product_tag","embeddable":true,"href":"https:\/\/www.claret.cat\/es\/wp-json\/wp\/v2\/product_tag?post=1018670"}],"curies":[{"name":"wp","href":"https:\/\/api.w.org\/{rel}","templated":true}]}}