{"id":1018682,"date":"2025-04-17T13:01:12","date_gmt":"2025-04-17T11:01:12","guid":{"rendered":"https:\/\/www.claret.cat\/llibre\/piel-radiante-en-8-pasos-9788441551510\/"},"modified":"2025-04-17T13:02:50","modified_gmt":"2025-04-17T11:02:50","slug":"piel-radiante-en-8-pasos-9788441551510","status":"publish","type":"product","link":"https:\/\/www.claret.cat\/es\/libro\/piel-radiante-en-8-pasos-9788441551510\/","title":{"rendered":"PIEL RADIANTE EN 8 PASOS"},"content":{"rendered":"<p>Aprende a analizar tu piel y a escanear cosm\u00e9ticos para crear tu rutina facial transformadora para una piel radiante.Tu piel es \u00fanica, por lo que no hay rutina facial que responda igual en todas las personas. En esta gu\u00eda pr\u00e1ctica del cuidado de la piel, la Dra. Candy Hern\u00e1ndez pone a tu alcance m\u00e1s de 15 a\u00f1os de experiencia en el campo del antienvejecimiento para que reviertas la aparici\u00f3n de los signos de la edad creando una rutina cosm\u00e9tica realmente eficaz para tu piel.Se acab\u00f3 comprar cosm\u00e9ticos ciegas: aprende a analizar el contenido de serums y cremas, qu\u00e9 ingredientes son los mejores para tu complexi\u00f3n y cu\u00e1les deber\u00edas evitar.\u00a1Convi\u00e9rtete en un aut\u00e9ntico &#8221;skincare expert&#8221; y descubre tu mejor piel!<\/p>\n","protected":false},"excerpt":{"rendered":"<p>HERN\u00c1NDEZ TOYOS (DRA. CANDY), CANDY JULIANA<\/p>\n","protected":false},"featured_media":1018683,"template":"","meta":{"_acf_changed":false,"om_disable_all_campaigns":false,"rs_blank_template":"","rs_page_bg_color":"","slide_template_v7":"","inline_featured_image":false,"_monsterinsights_skip_tracking":false,"_monsterinsights_sitenote_active":false,"_monsterinsights_sitenote_note":"","_monsterinsights_sitenote_category":0},"product_brand":[],"product_cat":[547,97],"product_tag":[],"class_list":{"0":"post-1018682","1":"product","2":"type-product","3":"status-publish","4":"has-post-thumbnail","6":"product_cat-salud","7":"product_cat-salut","9":"first","10":"instock","11":"taxable","12":"shipping-taxable","13":"purchasable","14":"product-type-simple"},"acf":{"autor":"HERN\u00c1NDEZ TOYOS (DRA. CANDY), CANDY JULIANA","codart":"844155151","libros-coleccion":"Libros Singulares","ediciones":"1","encuadernacion":"R\u00fastica","fecha_de_publicacion":"01\/04\/2025","novedad":"1","paginas":"224","subtitulo":"DESCUBRE TU VERDADERA BELLEZA","orden":"0","portada":"0","idioma":"spa","booktrailer":"","resenas":"","editorial":[{"ID":147434,"post_author":"3","post_date":"2022-10-14 11:50:33","post_date_gmt":"2022-10-14 09:50:33","post_content":"","post_title":"ANAYA MULTIMEDIA","post_excerpt":"","post_status":"publish","comment_status":"closed","ping_status":"closed","post_password":"","post_name":"anaya-multimedia","to_ping":"","pinged":"","post_modified":"2022-10-14 11:50:33","post_modified_gmt":"2022-10-14 09:50:33","post_content_filtered":"","post_parent":0,"guid":"http:\/\/dev.claret.cat\/editorial\/anaya-multimedia\/","menu_order":0,"post_type":"editorial","post_mime_type":"","comment_count":"0","filter":"raw"}]},"aioseo_notices":[],"_links":{"self":[{"href":"https:\/\/www.claret.cat\/es\/wp-json\/wp\/v2\/product\/1018682","targetHints":{"allow":["GET"]}}],"collection":[{"href":"https:\/\/www.claret.cat\/es\/wp-json\/wp\/v2\/product"}],"about":[{"href":"https:\/\/www.claret.cat\/es\/wp-json\/wp\/v2\/types\/product"}],"wp:featuredmedia":[{"embeddable":true,"href":"https:\/\/www.claret.cat\/es\/wp-json\/wp\/v2\/media\/1018683"}],"wp:attachment":[{"href":"https:\/\/www.claret.cat\/es\/wp-json\/wp\/v2\/media?parent=1018682"}],"wp:term":[{"taxonomy":"product_brand","embeddable":true,"href":"https:\/\/www.claret.cat\/es\/wp-json\/wp\/v2\/product_brand?post=1018682"},{"taxonomy":"product_cat","embeddable":true,"href":"https:\/\/www.claret.cat\/es\/wp-json\/wp\/v2\/product_cat?post=1018682"},{"taxonomy":"product_tag","embeddable":true,"href":"https:\/\/www.claret.cat\/es\/wp-json\/wp\/v2\/product_tag?post=1018682"}],"curies":[{"name":"wp","href":"https:\/\/api.w.org\/{rel}","templated":true}]}}