{"id":1018753,"date":"2025-04-17T17:30:02","date_gmt":"2025-04-17T15:30:02","guid":{"rendered":"https:\/\/www.claret.cat\/llibre\/martirios-de-santas-del-primer-cristianismo-bilingue-9788412835045\/"},"modified":"2025-04-22T16:56:01","modified_gmt":"2025-04-22T14:56:01","slug":"martirios-de-santas-del-primer-cristianismo-bilingue-9788412835045","status":"publish","type":"product","link":"https:\/\/www.claret.cat\/es\/libro\/martirios-de-santas-del-primer-cristianismo-bilingue-9788412835045\/","title":{"rendered":"MARTIRIOS DE SANTAS DEL PRIMER CRISTIANISMO (BILING\u00dcE)"},"content":{"rendered":"<p>&#8216;Y tras decir estas cosas y sellarse a s\u00ed misma, invoc\u00f3 el nombre del Se\u00f1or. Entonces salieron cuatro leones y dos fieras. Los leones saltaron hacia ella y besaron las plantas de sus pies. Lo hicieron las fieras. Pero para que fuera completado el martirio mismo de esta atleta, lleg\u00f3 corriendo una de las fieras y le mordi\u00f3, pero no le hizo ni un moret\u00f3n. Surgi\u00f3 una voz de los cielos que dec\u00eda: \u201cLev\u00e1ntate, ponte de pie en este santo lugar y recibe tu premio. Has terminado la carrera y has preservado la fe\u201d. Y tras haberse hecho la voz, se produjo un estruendo tal que sacudi\u00f3 el lugar, todos temblaron y la santa dijo: \u201cPaga, se\u00f1or, al repulsivo proc\u00f3nsul seg\u00fan su coraz\u00f3n. Ven a reunirte con a tu esclava, oh, Dios&#8217;.<\/p>\n<p>Esta obra recoge un total de trece relatos martiriales cristianos protagonizados por mujeres, adem\u00e1s de las versiones resumidas de estos textos recogidas en el Sinaxario de Ann Arbor. Las historias de la fortaleza y sufrimiento de Tecla, Blandina, Perpetua, Tatiana, \u00c1gata, Agat\u00f3nica, Eufemia, Justina, Catalina, B\u00e1rbara, Luc\u00eda u Oliva fueron a lo largo de los siglos fuente de edificaci\u00f3n y estudio, a la vez que ayudaron a difundir el culto de estas santas. Muchos de estos textos han sido traducidos por vez primera en espa\u00f1ol en este volumen a partir del original griego o latino; en algunos casos, incluso, se trata de la primera traducci\u00f3n a cualquier lengua moderna.<\/p>\n","protected":false},"excerpt":{"rendered":"<p>AA. VV.<\/p>\n","protected":false},"featured_media":1018904,"template":"","meta":{"_acf_changed":false,"om_disable_all_campaigns":false,"rs_blank_template":"","rs_page_bg_color":"","slide_template_v7":"","inline_featured_image":false,"_monsterinsights_skip_tracking":false,"_monsterinsights_sitenote_active":false,"_monsterinsights_sitenote_note":"","_monsterinsights_sitenote_category":0},"product_brand":[],"product_cat":[90,540],"product_tag":[],"class_list":{"0":"post-1018753","1":"product","2":"type-product","3":"status-publish","4":"has-post-thumbnail","6":"product_cat-altres","7":"product_cat-otros","9":"first","10":"instock","11":"taxable","12":"shipping-taxable","13":"purchasable","14":"product-type-simple"},"acf":{"autor":"AA. VV.","codart":"841283504","libros-coleccion":"","ediciones":"1","encuadernacion":"Carpeta","fecha_de_publicacion":"01\/01\/2025","novedad":"1","paginas":"657","subtitulo":"","orden":"0","portada":"0","idioma":"spa","booktrailer":"","resenas":"","editorial":[{"ID":1018756,"post_author":"3","post_date":"2025-04-17 17:35:01","post_date_gmt":"2025-04-17 15:35:01","post_content":"","post_title":"Editorial Rhemata","post_excerpt":"","post_status":"publish","comment_status":"closed","ping_status":"closed","post_password":"","post_name":"editorial-rhemata","to_ping":"","pinged":"","post_modified":"2025-04-17 17:35:01","post_modified_gmt":"2025-04-17 15:35:01","post_content_filtered":"","post_parent":0,"guid":"https:\/\/www.claret.cat\/editorial\/editorial-rhemata\/","menu_order":0,"post_type":"editorial","post_mime_type":"","comment_count":"0","filter":"raw"}]},"aioseo_notices":[],"_links":{"self":[{"href":"https:\/\/www.claret.cat\/es\/wp-json\/wp\/v2\/product\/1018753","targetHints":{"allow":["GET"]}}],"collection":[{"href":"https:\/\/www.claret.cat\/es\/wp-json\/wp\/v2\/product"}],"about":[{"href":"https:\/\/www.claret.cat\/es\/wp-json\/wp\/v2\/types\/product"}],"wp:featuredmedia":[{"embeddable":true,"href":"https:\/\/www.claret.cat\/es\/wp-json\/wp\/v2\/media\/1018904"}],"wp:attachment":[{"href":"https:\/\/www.claret.cat\/es\/wp-json\/wp\/v2\/media?parent=1018753"}],"wp:term":[{"taxonomy":"product_brand","embeddable":true,"href":"https:\/\/www.claret.cat\/es\/wp-json\/wp\/v2\/product_brand?post=1018753"},{"taxonomy":"product_cat","embeddable":true,"href":"https:\/\/www.claret.cat\/es\/wp-json\/wp\/v2\/product_cat?post=1018753"},{"taxonomy":"product_tag","embeddable":true,"href":"https:\/\/www.claret.cat\/es\/wp-json\/wp\/v2\/product_tag?post=1018753"}],"curies":[{"name":"wp","href":"https:\/\/api.w.org\/{rel}","templated":true}]}}