{"id":101879,"date":"2022-10-12T08:13:12","date_gmt":"2022-10-12T06:13:12","guid":{"rendered":"http:\/\/dev.claret.cat\/producte\/el-robot-del-bosc\/"},"modified":"2026-04-07T18:45:17","modified_gmt":"2026-04-07T16:45:17","slug":"el-robot-del-bosc-9788491016366","status":"publish","type":"product","link":"https:\/\/www.claret.cat\/es\/libro\/el-robot-del-bosc-9788491016366\/","title":{"rendered":"EL ROBOT DEL BOSC"},"content":{"rendered":"<p>La Mus i el Wagner, una rata i un os, troben un robot enmig de la carretera. Decideixen emportar-se&#8221;l a casa i arreglar-lo. El seu nom \u00e9s Bitmax i t\u00e9 una professi\u00f3 molt estranya: \u00e9s ajudador! Amb els habitants del Bosc Blau viuran aventures i ajudaran tothom que ho necessiti.<\/p>\n","protected":false},"excerpt":{"rendered":"<p>COPONS RAMON, JAUME<\/p>\n","protected":false},"featured_media":1005740,"template":"","meta":{"_acf_changed":false,"om_disable_all_campaigns":false,"rs_blank_template":"","rs_page_bg_color":"","slide_template_v7":"","inline_featured_image":false,"_monsterinsights_skip_tracking":false,"_monsterinsights_sitenote_active":false,"_monsterinsights_sitenote_note":"","_monsterinsights_sitenote_category":0},"product_brand":[],"product_cat":[132,362],"product_tag":[],"class_list":{"0":"post-101879","1":"product","2":"type-product","3":"status-publish","4":"has-post-thumbnail","6":"product_cat-lectures-per-preadolescents-6-12-anys","7":"product_cat-libros-preadolescentes-6-12-anos","9":"first","10":"instock","11":"taxable","12":"shipping-taxable","13":"purchasable","14":"product-type-simple"},"acf":{"editorial":[{"ID":147650,"post_author":"3","post_date":"2022-10-14 11:52:12","post_date_gmt":"2022-10-14 09:52:12","post_content":"","post_title":"COMBEL EDITORIL","post_excerpt":"","post_status":"publish","comment_status":"closed","ping_status":"closed","post_password":"","post_name":"combel-editoril","to_ping":"","pinged":"","post_modified":"2022-10-14 11:52:12","post_modified_gmt":"2022-10-14 09:52:12","post_content_filtered":"","post_parent":0,"guid":"http:\/\/dev.claret.cat\/editorial\/combel-editoril\/","menu_order":0,"post_type":"editorial","post_mime_type":"","comment_count":"0","filter":"raw"}],"autor":"COPONS RAMON, JAUME","codart":"849101636","libros-coleccion":"FORA DE COL.LECCI\u00d3","ediciones":"1","encuadernacion":"Carton\u00e9","fecha_de_publicacion":"01\/09\/2020","novedad":"1","paginas":"72","subtitulo":"","orden":"0","portada":"0","idioma":"cat","autores-libros":[{"ID":158579,"post_author":"3","post_date":"2022-10-14 15:37:58","post_date_gmt":"2022-10-14 13:37:58","post_content":"","post_title":"JAUME COPONS RAMON","post_excerpt":"","post_status":"publish","comment_status":"closed","ping_status":"closed","post_password":"","post_name":"jaume-copons-ramon","to_ping":"","pinged":"","post_modified":"2022-10-14 15:37:58","post_modified_gmt":"2022-10-14 13:37:58","post_content_filtered":"","post_parent":0,"guid":"http:\/\/dev.claret.cat\/autor\/jaume-copons-ramon\/","menu_order":0,"post_type":"autor","post_mime_type":"","comment_count":"0","filter":"raw"}],"booktrailer":"","resenas":""},"aioseo_notices":[],"_links":{"self":[{"href":"https:\/\/www.claret.cat\/es\/wp-json\/wp\/v2\/product\/101879","targetHints":{"allow":["GET"]}}],"collection":[{"href":"https:\/\/www.claret.cat\/es\/wp-json\/wp\/v2\/product"}],"about":[{"href":"https:\/\/www.claret.cat\/es\/wp-json\/wp\/v2\/types\/product"}],"wp:featuredmedia":[{"embeddable":true,"href":"https:\/\/www.claret.cat\/es\/wp-json\/wp\/v2\/media\/1005740"}],"wp:attachment":[{"href":"https:\/\/www.claret.cat\/es\/wp-json\/wp\/v2\/media?parent=101879"}],"wp:term":[{"taxonomy":"product_brand","embeddable":true,"href":"https:\/\/www.claret.cat\/es\/wp-json\/wp\/v2\/product_brand?post=101879"},{"taxonomy":"product_cat","embeddable":true,"href":"https:\/\/www.claret.cat\/es\/wp-json\/wp\/v2\/product_cat?post=101879"},{"taxonomy":"product_tag","embeddable":true,"href":"https:\/\/www.claret.cat\/es\/wp-json\/wp\/v2\/product_tag?post=101879"}],"curies":[{"name":"wp","href":"https:\/\/api.w.org\/{rel}","templated":true}]}}