{"id":101906,"date":"2022-10-12T08:13:35","date_gmt":"2022-10-12T06:13:35","guid":{"rendered":"http:\/\/dev.claret.cat\/producte\/guia-de-vins-de-catalunya-2021-i-el-rosello-la\/"},"modified":"2023-01-28T15:09:39","modified_gmt":"2023-01-28T14:09:39","slug":"guia-de-vins-de-catalunya-2021-i-el-rosello-la-9788494929328","status":"publish","type":"product","link":"https:\/\/www.claret.cat\/es\/libro\/guia-de-vins-de-catalunya-2021-i-el-rosello-la-9788494929328\/","title":{"rendered":"GUIA DE VINS DE CATALUNYA 2021 I EL ROSELL\u00d3, LA"},"content":{"rendered":"<p>\u00c9s la tretzena edici\u00f3 des de 2008 d&#8221;un producte que, des de l&#8221;an\u00e0lisi hist\u00f2rica de l&#8221;entorn de la vinya i del seu desenvolupament des de la seva aparici\u00f3 a Catalunya, ha contribu\u00eft a generar un debat al voltant dels canvis que des de 1965 fins a 2008 han dibuixat una vinya catalana nova i for\u00e7a desnaturalitzada. En valorar l&#8221;\u00fas del concepte &#8216;denominaci\u00f3 d&#8221;origen&#8217; que altres llocs fan servir, els autors han tret cada any l&#8221;entrellat de les defici\u00e8ncies d&#8221;un discurs comercial que no t\u00e9 cap profunditat i que durant molts anys s&#8221;ha encarregat de justificar qualsevol canvi a la vinya, sempre en perjudici de la hist\u00f2ria vit\u00edcola catalana.  La Guia de Vins de Catalunya presenta de nou enguany els tastos a cegues de 1349 vins de tots els racons de Catalunya, que els cellers aporten volunt\u00e0riament per a l&#8221;an\u00e0lisi i valoraci\u00f3 de l&#8221;equip de tast; que els tasta i els puntua amb una breu descripci\u00f3 i afegint una exhaustiva fitxa t\u00e8cnica que ajudar\u00e0 el lector a triar la millor opci\u00f3 per a aprofundir en el coneixement dels vins catalans.<\/p>\n","protected":false},"excerpt":{"rendered":"<p>IA ALCOVER, JORDI &#8211; NARANJO, SILV<\/p>\n","protected":false},"featured_media":101907,"template":"","meta":{"_acf_changed":false,"om_disable_all_campaigns":false,"rs_blank_template":"","rs_page_bg_color":"","slide_template_v7":"","inline_featured_image":false,"_monsterinsights_skip_tracking":false,"_monsterinsights_sitenote_active":false,"_monsterinsights_sitenote_note":"","_monsterinsights_sitenote_category":0},"product_brand":[],"product_cat":[103],"product_tag":[],"class_list":{"0":"post-101906","1":"product","2":"type-product","3":"status-publish","4":"has-post-thumbnail","6":"product_cat-cuina","8":"first","9":"instock","10":"taxable","11":"shipping-taxable","12":"purchasable","13":"product-type-simple"},"acf":{"editorial":[{"ID":148842,"post_author":"3","post_date":"2022-10-14 12:01:25","post_date_gmt":"2022-10-14 10:01:25","post_content":"","post_title":"Sub. La Subversiva Lectura","post_excerpt":"","post_status":"publish","comment_status":"closed","ping_status":"closed","post_password":"","post_name":"sub-la-subversiva-lectura","to_ping":"","pinged":"","post_modified":"2022-10-14 12:01:25","post_modified_gmt":"2022-10-14 10:01:25","post_content_filtered":"","post_parent":0,"guid":"http:\/\/dev.claret.cat\/editorial\/sub-la-subversiva-lectura\/","menu_order":0,"post_type":"editorial","post_mime_type":"","comment_count":"0","filter":"raw"}],"autor":"IA ALCOVER, JORDI - NARANJO, SILV","codart":"849492932","libros-coleccion":"","ediciones":"1","encuadernacion":"R\u00fastica","fecha_de_publicacion":"01\/10\/2020","novedad":"1","paginas":"480","subtitulo":"","orden":"0","portada":"0","idioma":"cat"},"aioseo_notices":[],"_links":{"self":[{"href":"https:\/\/www.claret.cat\/es\/wp-json\/wp\/v2\/product\/101906","targetHints":{"allow":["GET"]}}],"collection":[{"href":"https:\/\/www.claret.cat\/es\/wp-json\/wp\/v2\/product"}],"about":[{"href":"https:\/\/www.claret.cat\/es\/wp-json\/wp\/v2\/types\/product"}],"wp:featuredmedia":[{"embeddable":true,"href":"https:\/\/www.claret.cat\/es\/wp-json\/wp\/v2\/media\/101907"}],"wp:attachment":[{"href":"https:\/\/www.claret.cat\/es\/wp-json\/wp\/v2\/media?parent=101906"}],"wp:term":[{"taxonomy":"product_brand","embeddable":true,"href":"https:\/\/www.claret.cat\/es\/wp-json\/wp\/v2\/product_brand?post=101906"},{"taxonomy":"product_cat","embeddable":true,"href":"https:\/\/www.claret.cat\/es\/wp-json\/wp\/v2\/product_cat?post=101906"},{"taxonomy":"product_tag","embeddable":true,"href":"https:\/\/www.claret.cat\/es\/wp-json\/wp\/v2\/product_tag?post=101906"}],"curies":[{"name":"wp","href":"https:\/\/api.w.org\/{rel}","templated":true}]}}