{"id":1019202,"date":"2025-04-25T17:06:58","date_gmt":"2025-04-25T15:06:58","guid":{"rendered":"https:\/\/www.claret.cat\/llibre\/33-miradas-del-papa-francisco-9788428573320\/"},"modified":"2025-11-19T19:55:12","modified_gmt":"2025-11-19T18:55:12","slug":"33-miradas-del-papa-francisco-9788428573320","status":"publish","type":"product","link":"https:\/\/www.claret.cat\/es\/libro\/33-miradas-del-papa-francisco-9788428573320\/","title":{"rendered":"33 MIRADAS DEL PAPA FRANCISCO"},"content":{"rendered":"<p>El periodista <strong>Juan Vicente Boo<\/strong>, desde la privilegiada perspectiva  que le da su basta experiencia como <strong>corresponsal en el Vaticano<\/strong> y como columnista en Alfa y Omega, <strong>refleja en este libro la riqu\u00edsima visi\u00f3n del Papa sobre el presente y el futuro de la Iglesia<\/strong> y de su tarea evangelizadora en un momento en el que, seg\u00fan el pont\u00edfice, <strong>\u00abno estamos viviendo simplemente una \u00e9poca de cambios, sino un cambio de \u00e9poca\u00bb<\/strong>. A trav\u00e9s de esta selecci\u00f3n de sus publicaciones, <strong>Boo condensa los a\u00f1os decisivos del pontificado de Francisco, de 2019 a 2014<\/strong>, mostr\u00e1ndonos la intensa actividad de <strong>un papa que lleva el tim\u00f3n de la barca de Pedro en tiempos convulsos<\/strong>, con un hondo conocimiento del mundo actual, pero <strong>sin apartar su mirada de Jes\u00fas<\/strong>.<\/p>\n","protected":false},"excerpt":{"rendered":"<p>BOO, JUAN VICENTE<\/p>\n","protected":false},"featured_media":1019512,"template":"","meta":{"_acf_changed":false,"om_disable_all_campaigns":false,"rs_blank_template":"","rs_page_bg_color":"","slide_template_v7":"","inline_featured_image":false,"_monsterinsights_skip_tracking":false,"_monsterinsights_sitenote_active":false,"_monsterinsights_sitenote_note":"","_monsterinsights_sitenote_category":0},"product_brand":[],"product_cat":[92,542],"product_tag":[640,641,639,614],"class_list":{"0":"post-1019202","1":"product","2":"type-product","3":"status-publish","4":"has-post-thumbnail","6":"product_cat-vida-religiosa","7":"product_cat-vida-religiosa-1_espiritualidad-spa","8":"product_tag-conclave","9":"product_tag-iglesia-catolica","10":"product_tag-libro-catolico","11":"product_tag-papa-francisco","13":"first","14":"instock","15":"taxable","16":"shipping-taxable","17":"purchasable","18":"product-type-simple"},"acf":{"autor":"BOO, JUAN VICENTE","codart":"842857332","libros-coleccion":"SAN PABLO - CAMINOS","ediciones":"1","encuadernacion":"R\u00fastica","fecha_de_publicacion":"17\/04\/2025","novedad":"1","paginas":"164","subtitulo":"LOS A\u00d1OS DECISIVOS ","orden":"0","portada":"1","idioma":"spa","booktrailer":"","resenas":"","editorial":[{"ID":6356,"post_author":"3","post_date":"2022-07-28 17:50:26","post_date_gmt":"2022-07-28 15:50:26","post_content":"","post_title":"SAN PABLO COMUNICACI\u00d3N","post_excerpt":"","post_status":"publish","comment_status":"closed","ping_status":"closed","post_password":"","post_name":"san-pablo-comunicacion","to_ping":"","pinged":"","post_modified":"2022-07-28 17:50:26","post_modified_gmt":"2022-07-28 15:50:26","post_content_filtered":"","post_parent":0,"guid":"http:\/\/dev.claret.cat\/editorial\/san-pablo-comunicacion\/","menu_order":0,"post_type":"editorial","post_mime_type":"","comment_count":"0","filter":"raw"}],"autores-libros":"","traductores-libros":"","ilustradores-libros":"","formato":"","linkebook":"","precioebook":"","ebookportada":false,"ficha":"","muestra":"","presentacion":"","recomendamos":"","mas_vendido":""},"aioseo_notices":[],"_links":{"self":[{"href":"https:\/\/www.claret.cat\/es\/wp-json\/wp\/v2\/product\/1019202","targetHints":{"allow":["GET"]}}],"collection":[{"href":"https:\/\/www.claret.cat\/es\/wp-json\/wp\/v2\/product"}],"about":[{"href":"https:\/\/www.claret.cat\/es\/wp-json\/wp\/v2\/types\/product"}],"wp:featuredmedia":[{"embeddable":true,"href":"https:\/\/www.claret.cat\/es\/wp-json\/wp\/v2\/media\/1019512"}],"wp:attachment":[{"href":"https:\/\/www.claret.cat\/es\/wp-json\/wp\/v2\/media?parent=1019202"}],"wp:term":[{"taxonomy":"product_brand","embeddable":true,"href":"https:\/\/www.claret.cat\/es\/wp-json\/wp\/v2\/product_brand?post=1019202"},{"taxonomy":"product_cat","embeddable":true,"href":"https:\/\/www.claret.cat\/es\/wp-json\/wp\/v2\/product_cat?post=1019202"},{"taxonomy":"product_tag","embeddable":true,"href":"https:\/\/www.claret.cat\/es\/wp-json\/wp\/v2\/product_tag?post=1019202"}],"curies":[{"name":"wp","href":"https:\/\/api.w.org\/{rel}","templated":true}]}}