{"id":1019261,"date":"2025-04-26T13:02:03","date_gmt":"2025-04-26T11:02:03","guid":{"rendered":"https:\/\/www.claret.cat\/llibre\/en-un-rayo-de-sol-2-9788417442385\/"},"modified":"2025-05-13T12:25:33","modified_gmt":"2025-05-13T10:25:33","slug":"en-un-rayo-de-sol-2-9788417442385","status":"publish","type":"product","link":"https:\/\/www.claret.cat\/es\/libro\/en-un-rayo-de-sol-2-9788417442385\/","title":{"rendered":"EN UN RAYO DE SOL #2"},"content":{"rendered":"<p>Dos l\u00edneas temporales. Segundas oportunidades. Un amor.    Tras darse a conocer entre nosotros con Piruetas, la celebrada memoria gr\u00e1fica de sus doce a\u00f1os como patinadora de competici\u00f3n, Tillie Walden se desplaza ahora hasta los confines de la galaxia para ofrecernos una historia en la que su sensibilidad gr\u00e1fica alcanza cotas literalmente estratosf\u00e9ricas.    Desarrollada como webc\u00f3mic entre 2016 y 2017 y tomando su t\u00edtulo de la canci\u00f3n de Belle and Sebastian Asleep on a Sunbeam, la joven autora tejana firma una monumental sinfon\u00eda neocl\u00e1sica que pulsa las teclas del romance, la p\u00e9rdida, la curaci\u00f3n de las heridas y la conveniencia de las segundas oportunidades. Una obra, en definitiva, sobre el amor como principal vertebrador de las relaciones humanas.<\/p>\n","protected":false},"excerpt":{"rendered":"<p>WALDEN, TILLIE<\/p>\n","protected":false},"featured_media":1020972,"template":"","meta":{"_acf_changed":false,"om_disable_all_campaigns":false,"rs_blank_template":"","rs_page_bg_color":"","slide_template_v7":"","inline_featured_image":false,"_monsterinsights_skip_tracking":false,"_monsterinsights_sitenote_active":false,"_monsterinsights_sitenote_note":"","_monsterinsights_sitenote_category":0},"product_brand":[],"product_cat":[108,558],"product_tag":[],"class_list":{"0":"post-1019261","1":"product","2":"type-product","3":"status-publish","4":"has-post-thumbnail","6":"product_cat-comic","7":"product_cat-comic-3_infantil-juvenil-spa-spa","9":"first","10":"instock","11":"taxable","12":"shipping-taxable","13":"purchasable","14":"product-type-simple"},"acf":{"autor":"WALDEN, TILLIE","codart":"841744238","libros-coleccion":"NOVELA GRAFICA","ediciones":"1","encuadernacion":"R\u00fastica","fecha_de_publicacion":"01\/04\/2019","novedad":"1","paginas":"276","subtitulo":"","orden":"0","portada":"0","idioma":"spa","booktrailer":"","resenas":"","editorial":[{"ID":147823,"post_author":"3","post_date":"2022-10-14 11:53:29","post_date_gmt":"2022-10-14 09:53:29","post_content":"","post_title":"Ediciones La C\u00fapula","post_excerpt":"","post_status":"publish","comment_status":"closed","ping_status":"closed","post_password":"","post_name":"ediciones-la-cupula","to_ping":"","pinged":"","post_modified":"2022-10-14 11:53:29","post_modified_gmt":"2022-10-14 09:53:29","post_content_filtered":"","post_parent":0,"guid":"http:\/\/dev.claret.cat\/editorial\/ediciones-la-cupula\/","menu_order":0,"post_type":"editorial","post_mime_type":"","comment_count":"0","filter":"raw"}]},"aioseo_notices":[],"_links":{"self":[{"href":"https:\/\/www.claret.cat\/es\/wp-json\/wp\/v2\/product\/1019261","targetHints":{"allow":["GET"]}}],"collection":[{"href":"https:\/\/www.claret.cat\/es\/wp-json\/wp\/v2\/product"}],"about":[{"href":"https:\/\/www.claret.cat\/es\/wp-json\/wp\/v2\/types\/product"}],"wp:featuredmedia":[{"embeddable":true,"href":"https:\/\/www.claret.cat\/es\/wp-json\/wp\/v2\/media\/1020972"}],"wp:attachment":[{"href":"https:\/\/www.claret.cat\/es\/wp-json\/wp\/v2\/media?parent=1019261"}],"wp:term":[{"taxonomy":"product_brand","embeddable":true,"href":"https:\/\/www.claret.cat\/es\/wp-json\/wp\/v2\/product_brand?post=1019261"},{"taxonomy":"product_cat","embeddable":true,"href":"https:\/\/www.claret.cat\/es\/wp-json\/wp\/v2\/product_cat?post=1019261"},{"taxonomy":"product_tag","embeddable":true,"href":"https:\/\/www.claret.cat\/es\/wp-json\/wp\/v2\/product_tag?post=1019261"}],"curies":[{"name":"wp","href":"https:\/\/api.w.org\/{rel}","templated":true}]}}