{"id":1019321,"date":"2025-04-29T10:30:15","date_gmt":"2025-04-29T08:30:15","guid":{"rendered":"https:\/\/www.claret.cat\/llibre\/aplicacion-de-la-sinodalidad-9788491365945\/"},"modified":"2026-01-14T12:56:02","modified_gmt":"2026-01-14T11:56:02","slug":"aplicacion-de-la-sinodalidad-9788491365945","status":"publish","type":"product","link":"https:\/\/www.claret.cat\/es\/libro\/aplicacion-de-la-sinodalidad-9788491365945\/","title":{"rendered":"APLICACI\u00d3N DE LA SINODALIDAD"},"content":{"rendered":"<p><strong class='ql-size-large'>El cardenal Llu\u00eds Mart\u00ednez Sistach analiza el futuro y los retos de la Iglesia Cat\u00f3lica<\/strong><\/p>\n<p>Este libro profundiza en la pr\u00e1ctica de la <strong>sinodalidad en la Iglesia cat\u00f3lica<\/strong>, abordando su aplicaci\u00f3n concreta en la vida cristiana, la oraci\u00f3n, la celebraci\u00f3n de la fe y el compromiso con la misi\u00f3n eclesial. El autor destaca c\u00f3mo la sinodalidad promueve una participaci\u00f3n activa del <strong>laicado<\/strong>, reconociendo sus derechos y responsabilidades dentro del <strong>pueblo de Dios<\/strong>. Asimismo, se se\u00f1ala el desaf\u00edo de superar el <strong>clericalismo<\/strong>, una barrera persistente que obstaculiza la vivencia plena de una <strong>Iglesia verdaderamente sinodal<\/strong>. Una obra clave para comprender <strong>el papel transformador de la sinodalidad en la renovaci\u00f3n eclesial actual<\/strong>.<\/p>\n<p><\/p>\n<p><strong><em>Aplicaci\u00f3n de la sinodalidad<\/em><\/strong> est\u00e1 dirigido a lectores que desean <strong>comprender y llevar a la pr\u00e1ctica el camino sinodal de la Iglesia<\/strong>, impulsado por el papa Francisco, desde una perspectiva teol\u00f3gica, can\u00f3nica y pastoral. Es especialmente indicado para:<\/p>\n<ul>\n<li><strong>Obispos, sacerdotes y di\u00e1conos<\/strong>, interesados en ejercer su ministerio dentro de una Iglesia sinodal y corresponsable.<\/li>\n<li><strong>Laicos y laicas comprometidos<\/strong>, miembros de consejos pastorales, parroquiales o diocesanos, y de movimientos eclesiales.<\/li>\n<li><strong>Religiosos y religiosas<\/strong>, que buscan integrar la sinodalidad en la vida comunitaria y en la misi\u00f3n evangelizadora.<\/li>\n<li><strong>Agentes de pastoral y responsables eclesiales<\/strong>, que necesitan criterios claros para aplicar la sinodalidad en estructuras y procesos pastorales.<\/li>\n<li><strong>Estudiantes y docentes de teolog\u00eda, derecho can\u00f3nico y eclesiolog\u00eda<\/strong>, como obra de referencia para comprender la sinodalidad hoy.<\/li>\n<li><strong>Personas interesadas en el futuro de la Iglesia<\/strong>, que desean profundizar en el significado del \u201ccaminar juntos\u201d como estilo de vida cristiana.<\/li>\n<\/ul>\n<p><\/p>\n<p><\/p>\n<p><em>*Este&nbsp;libro ha sido imprimido con&nbsp;<\/em><a href='https:\/\/www.claret.cat\/ecoedicio\/' rel='noopener noreferrer' target='_blank'><em>papel certificado&nbsp;<\/em><\/a><em>por el Forest Stewardship&nbsp;Council&nbsp;(FSC), que cumple con los principios de gesti\u00f3n econ\u00f3mica, social y ambiental sostenibles.<\/em><\/p>\n<p><a href='https:\/\/www.claret.cat\/llibre\/aplicacio-de-la-sinodalitat-9788491365938\/' rel='noopener noreferrer' target='_blank'>Disponible en catal\u00e1n.<\/a><\/p>\n","protected":false},"excerpt":{"rendered":"<p>MART\u00cdNEZ SISTACH, LLU\u00cdS<\/p>\n","protected":false},"featured_media":1073783,"template":"","meta":{"_acf_changed":false,"om_disable_all_campaigns":false,"rs_blank_template":"","rs_page_bg_color":"","slide_template_v7":"","inline_featured_image":false,"_monsterinsights_skip_tracking":false,"_monsterinsights_sitenote_active":false,"_monsterinsights_sitenote_note":"","_monsterinsights_sitenote_category":0},"product_brand":[],"product_cat":[93,543,581,308],"product_tag":[],"class_list":{"0":"post-1019321","1":"product","2":"type-product","3":"status-publish","4":"has-post-thumbnail","6":"product_cat-eclesiologia","7":"product_cat-eclesiologia-es","8":"product_cat-editorial-claret","9":"product_cat-castella","11":"first","12":"instock","13":"taxable","14":"shipping-taxable","15":"purchasable","16":"product-type-simple"},"acf":{"autor":"MART\u00cdNEZ SISTACH, LLU\u00cdS","codart":"849136594","libros-coleccion":"FUERA DE COLECCI\u00d3N","ediciones":"1","encuadernacion":"R\u00fastica","fecha_de_publicacion":"20\/05\/2025","novedad":"1","paginas":"100","subtitulo":"","orden":"10","portada":"1","idioma":"spa","booktrailer":"<iframe width=\"948\" height=\"533\" src=\"https:\/\/www.youtube.com\/embed\/AQ8TYY0POL0?si=ddpEHA8BQGJqB6ka\" title=\"YouTube video player\" frameborder=\"0\" allow=\"accelerometer; autoplay; clipboard-write; encrypted-media; gyroscope; picture-in-picture; web-share\" referrerpolicy=\"strict-origin-when-cross-origin\" allowfullscreen><\/iframe>","resenas":"<p>Religi\u00f3n Digital, 27\/05\/2025<\/p>\n<p><a href=\"https:\/\/www.religiondigital.org\/libros\/Cardenal-Sistach-sinodalidad-irreversible-clericalismo_0_2783121685.html\" rel=\"noopener noreferrer\" target=\"_blank\">https:\/\/www.religiondigital.org\/libros\/Cardenal-Sistach-sinodalidad-irreversible-clericalismo_0_2783121685.html<\/a><\/p>\n<p><\/p>\n<p>Religi\u00f3n Digital, 05\/06\/2025<\/p>\n<p><a href=\"https:\/\/www.religiondigital.org\/libros\/Cardenal-Martinez-Sistach-sinodalidad-clericalismo_0_2785821412.html\" rel=\"noopener noreferrer\" target=\"_blank\">https:\/\/www.religiondigital.org\/libros\/Cardenal-Martinez-Sistach-sinodalidad-clericalismo_0_2785821412.html<\/a><\/p>\n<p><\/p>\n<p>Catalunya Cristiana, 08\/06\/2025<\/p>\n<p><a href=\"https:\/\/drive.google.com\/file\/d\/1Z8ZB0L0su-p4onPF3o8QGWrBx5uAMvxT\/view?usp=sharing\" rel=\"noopener noreferrer\" target=\"_blank\">https:\/\/drive.google.com\/file\/d\/1Z8ZB0L0su-p4onPF3o8QGWrBx5uAMvxT\/view?usp=sharing<\/a><\/p>\n<p><\/p>\n<p>Catalunya Cristiana, 13\/07\/2025<\/p>\n<p><a href=\"https:\/\/drive.google.com\/file\/d\/1t6PS3TzgmuKd0FNPBz0o1ZnsuqVrwgdZ\/view?usp=sharing\" rel=\"noopener noreferrer\" target=\"_blank\">https:\/\/drive.google.com\/file\/d\/1t6PS3TzgmuKd0FNPBz0o1ZnsuqVrwgdZ\/view?usp=sharing<\/a><\/p>\n<p><\/p>\n<p>Religi\u00f3n Digital, 30\/09\/2025<\/p>\n<p><a href=\"https:\/\/www.religiondigital.org\/libros\/Lluis-Martinez-Sistach-sinodalidad-marcha_0_2820917884.html\" rel=\"noopener noreferrer\" target=\"_blank\">https:\/\/www.religiondigital.org\/libros\/Lluis-Martinez-Sistach-sinodalidad-marcha_0_2820917884.html<\/a><\/p>\n","editorial":[{"ID":6158,"post_author":"3","post_date":"2022-07-28 17:46:08","post_date_gmt":"2022-07-28 15:46:08","post_content":"","post_title":"CLARET","post_excerpt":"","post_status":"publish","comment_status":"closed","ping_status":"closed","post_password":"","post_name":"claret","to_ping":"","pinged":"","post_modified":"2022-07-28 17:46:08","post_modified_gmt":"2022-07-28 15:46:08","post_content_filtered":"","post_parent":0,"guid":"http:\/\/dev.claret.cat\/editorial\/claret\/","menu_order":0,"post_type":"editorial","post_mime_type":"","comment_count":"0","filter":"raw"}],"autores-libros":[{"ID":5735,"post_author":"3","post_date":"2022-07-28 17:30:20","post_date_gmt":"2022-07-28 15:30:20","post_content":"<span class=\"fontstyle0\">Llu\u00eds Mart\u00ednez Sistach va ser ordenat sacerdot el 1961. Es va doctorar el 1967 en dret civil i can\u00f2nic. El 1987 va ser consagrat bisbe titular d\u2019Algesires i auxiliar de Barcelona. El 1991 va ser nomenat bisbe de Tortosa. El 2004 va ser nomenat Arquebisbe Metropolit\u00e0 de Barcelona. El 2007 el papa Benet XVI el va nomenar cardenal. El 2013 va participar al Conclave que va escollir el cardenal Jorge Mario Bergoglio com a Papa. El papa Francesc, el 2015, va fer efectiva la seva ren\u00fancia al capdavant de l\u2019arquebisbat de Barcelona.<\/span>","post_title":"LLU\u00cdS MART\u00cdNEZ SISTACH","post_excerpt":"","post_status":"publish","comment_status":"closed","ping_status":"closed","post_password":"","post_name":"lluis-martinez-sistach","to_ping":"","pinged":"","post_modified":"2025-05-29 17:23:33","post_modified_gmt":"2025-05-29 15:23:33","post_content_filtered":"","post_parent":0,"guid":"http:\/\/dev.claret.cat\/autor\/lluis-martinez-sistach\/","menu_order":0,"post_type":"autor","post_mime_type":"","comment_count":"0","filter":"raw"}],"linkebook":"","ficha":"849136594_1746704926.pdf","muestra":"","precioebook":"0","presentacion":""},"aioseo_notices":[],"_links":{"self":[{"href":"https:\/\/www.claret.cat\/es\/wp-json\/wp\/v2\/product\/1019321","targetHints":{"allow":["GET"]}}],"collection":[{"href":"https:\/\/www.claret.cat\/es\/wp-json\/wp\/v2\/product"}],"about":[{"href":"https:\/\/www.claret.cat\/es\/wp-json\/wp\/v2\/types\/product"}],"wp:featuredmedia":[{"embeddable":true,"href":"https:\/\/www.claret.cat\/es\/wp-json\/wp\/v2\/media\/1073783"}],"wp:attachment":[{"href":"https:\/\/www.claret.cat\/es\/wp-json\/wp\/v2\/media?parent=1019321"}],"wp:term":[{"taxonomy":"product_brand","embeddable":true,"href":"https:\/\/www.claret.cat\/es\/wp-json\/wp\/v2\/product_brand?post=1019321"},{"taxonomy":"product_cat","embeddable":true,"href":"https:\/\/www.claret.cat\/es\/wp-json\/wp\/v2\/product_cat?post=1019321"},{"taxonomy":"product_tag","embeddable":true,"href":"https:\/\/www.claret.cat\/es\/wp-json\/wp\/v2\/product_tag?post=1019321"}],"curies":[{"name":"wp","href":"https:\/\/api.w.org\/{rel}","templated":true}]}}