{"id":1019324,"date":"2025-04-29T10:45:16","date_gmt":"2025-04-29T08:45:16","guid":{"rendered":"https:\/\/www.claret.cat\/llibre\/aplicacio-de-la-sinodalitat-9788491365938\/"},"modified":"2026-01-14T12:52:22","modified_gmt":"2026-01-14T11:52:22","slug":"aplicacio-de-la-sinodalitat-9788491365938","status":"publish","type":"product","link":"https:\/\/www.claret.cat\/es\/libro\/aplicacio-de-la-sinodalitat-9788491365938\/","title":{"rendered":"APLICACI\u00d3 DE LA SINODALITAT"},"content":{"rendered":"<p><strong class='ql-size-large'>El cardenal Llu\u00eds Mart\u00ednez Sistach analitza el futur i els reptes de l&#8217;Esgl\u00e9sia Cat\u00f2lica<\/strong><\/p>\n<p><\/p>\n<p>L\u2019autor reflexiona sobre l\u2019aplicaci\u00f3 pr\u00e0ctica de la <strong>sinodalitat a l\u2019Esgl\u00e9sia cat\u00f2lica<\/strong>, tant en la vida quotidiana dels cristians com en la seva <strong>missi\u00f3 pastoral i evangelitzadora<\/strong>. La sinodalitat impregna la preg\u00e0ria, la celebraci\u00f3 de la fe i la disponibilitat al servei del <strong>projecte evang\u00e8lic<\/strong>.<\/p>\n<p><\/p>\n<p>L\u2019obra posa especial \u00e8mfasi en el paper fonamental del <strong>la\u00efcat<\/strong>, promovent el reconeixement efectiu dels seus <strong>drets i deures en el poble de D\u00e9u<\/strong>. Tamb\u00e9 denuncia els obstacles que suposa el <strong>clericalisme<\/strong>, encara molt present, i que cal superar per avan\u00e7ar cap a una <strong>Esgl\u00e9sia m\u00e9s participativa i corresponsable<\/strong>.<\/p>\n<p><\/p>\n<p><strong>Aplicaci\u00f3 de la sinodalitat<\/strong> s\u2019adre\u00e7a a lectors que volen entendre i portar a la pr\u00e0ctica el cam\u00ed sinodal impulsat pel papa Francesc, amb una mirada rigorosa, eclesial i pastoral. \u00c9s una obra pensada no nom\u00e9s per con\u00e8ixer la sinodalitat, sin\u00f3 sobretot per viure-la i aplicar-la en la realitat concreta de l\u2019Esgl\u00e9sia. \u00c9s un llibre ideal per a:<\/p>\n<p><\/p>\n<ul>\n<li><strong>Bisbes, preveres i diaques,<\/strong> que desitgen aprofundir en l\u2019exercici del seu ministeri dins una Esgl\u00e9sia sinodal, corresponsable i missionera.<\/li>\n<li><strong>Laics i laiques<\/strong>, membres de consells pastorals i parroquials, equips diocesans o moviments eclesials, que volen participar activament en els processos de discerniment i decisi\u00f3 de l\u2019Esgl\u00e9sia.<\/li>\n<li><strong>Religiosos i religioses<\/strong> interessats a integrar la sinodalitat en la seva vida comunit\u00e0ria i missi\u00f3 evangelitzadora.<\/li>\n<li>Agents de pastoral, formadors i responsables eclesials, que cerquen criteris clars per aplicar la sinodalitat a les estructures, als processos pastorals i a la vida quotidiana de les comunitats cristianes.<\/li>\n<li><strong>Estudiants i docents <\/strong>de teologia, dret can\u00f2nic i eclesiologia, com a obra de refer\u00e8ncia per comprendre la dimensi\u00f3 teol\u00f2gica, can\u00f2nica i pastoral de la sinodalitat.<\/li>\n<li>Persones interessades en el futur i l&#8217;actualitat de l\u2019Esgl\u00e9sia cat\u00f2lica.<\/li>\n<\/ul>\n<p><\/p>\n<p><strong><em>*Aquest llibre ha estat impr\u00e8s amb paper certificat pel&nbsp;<\/em><\/strong> <a href='https:\/\/fsc.org\/en' rel='noopener noreferrer' target='_blank'><strong><em>Forest Stewardship Council (FSC)<\/em><\/strong><\/a> <strong><em>, que compleix amb els principis de gesti\u00f3 econ\u00f2mica, social i ambiental sostenibles.<\/em><\/strong><\/p>\n<p><\/p>\n<p><a href='https:\/\/www.claret.cat\/llibre\/aplicacion-de-la-sinodalidad-9788491365945\/' rel='noopener noreferrer' target='_blank'>Disponible en castell\u00e0.<\/a><\/p>\n<p><\/p>\n","protected":false},"excerpt":{"rendered":"<p>MART\u00cdNEZ SISTACH, LLU\u00cdS<\/p>\n","protected":false},"featured_media":1073781,"template":"","meta":{"_acf_changed":false,"om_disable_all_campaigns":false,"rs_blank_template":"","rs_page_bg_color":"","slide_template_v7":"","inline_featured_image":false,"_monsterinsights_skip_tracking":false,"_monsterinsights_sitenote_active":false,"_monsterinsights_sitenote_note":"","_monsterinsights_sitenote_category":0},"product_brand":[],"product_cat":[307,543,93,581],"product_tag":[],"class_list":{"0":"post-1019324","1":"product","2":"type-product","3":"status-publish","4":"has-post-thumbnail","6":"product_cat-catala","7":"product_cat-eclesiologia-es","8":"product_cat-eclesiologia","9":"product_cat-editorial-claret","11":"first","12":"instock","13":"taxable","14":"shipping-taxable","15":"purchasable","16":"product-type-simple"},"acf":{"autor":"MART\u00cdNEZ SISTACH, LLU\u00cdS","codart":"849136593","libros-coleccion":"FORA DE COL.LECCI\u00d3","ediciones":"1","encuadernacion":"R\u00fastica","fecha_de_publicacion":"20\/05\/2025","novedad":"1","paginas":"100","subtitulo":"","orden":"9","portada":"1","idioma":"cat","booktrailer":"<iframe width=\"948\" height=\"533\" src=\"https:\/\/www.youtube.com\/embed\/F8Gs2P-r9uU?si=nEDoigjkd8FMuWJs\" title=\"YouTube video player\" frameborder=\"0\" allow=\"accelerometer; autoplay; clipboard-write; encrypted-media; gyroscope; picture-in-picture; web-share\" referrerpolicy=\"strict-origin-when-cross-origin\" allowfullscreen><\/iframe>","resenas":"<p>Catalunya Religi\u00f3, 12\/05\/2025<\/p>\n<p><a href=\"https:\/\/www.catalunyareligio.cat\/ca\/cardenal-sistach-publicara-nou-llibre-sobre-futur\" rel=\"noopener noreferrer\" target=\"_blank\">https:\/\/www.catalunyareligio.cat\/ca\/cardenal-sistach-publicara-nou-llibre-sobre-futur<\/a><\/p>\n<p><\/p>\n<p>Ag\u00e8ncia Flama, 27\/05\/2025<\/p>\n<p><a href=\"https:\/\/www.agenciaflama.cat\/cardenal-sistach-la-sinodalitat-es-un-proces-irreversible-i-ajudara-a-posar-fi-al-clericalisme\/\" rel=\"noopener noreferrer\" target=\"_blank\">https:\/\/www.agenciaflama.cat\/cardenal-sistach-la-sinodalitat-es-un-proces-irreversible-i-ajudara-a-posar-fi-al-clericalisme\/<\/a><\/p>\n<p><\/p>\n<p>Religi\u00f3n Digital, 27\/05\/2025<\/p>\n<p><a href=\"https:\/\/www.religiondigital.org\/libros\/Cardenal-Sistach-sinodalidad-irreversible-clericalismo_0_2783121685.html\" rel=\"noopener noreferrer\" target=\"_blank\">https:\/\/www.religiondigital.org\/libros\/Cardenal-Sistach-sinodalidad-irreversible-clericalismo_0_2783121685.html<\/a><\/p>\n<p><\/p>\n<p>Catalunya Religi\u00f3, 20\/05\/2025<\/p>\n<p><a href=\"https:\/\/www.catalunyareligio.cat\/ca\/blog\/llibres-recomanats\/aplicacio-sinodalitat-319659\" rel=\"noopener noreferrer\" target=\"_blank\">https:\/\/www.catalunyareligio.cat\/ca\/blog\/llibres-recomanats\/aplicacio-sinodalitat-319659<\/a><\/p>\n<p><\/p>\n<p>Ag\u00e8ncia Flama, 04\/06\/2025<\/p>\n<p><a href=\"https:\/\/www.agenciaflama.cat\/el-cardenal-sistach-presentara-el-seu-nou-llibre-sobre-la-sinodalitat-a-la-libreria-claret-de-barcelona\/\" rel=\"noopener noreferrer\" target=\"_blank\">https:\/\/www.agenciaflama.cat\/el-cardenal-sistach-presentara-el-seu-nou-llibre-sobre-la-sinodalitat-a-la-libreria-claret-de-barcelona\/<\/a><\/p>\n<p><\/p>\n<p>Catalunya Cristiana, 05\/06\/2025<\/p>\n<p><a href=\"https:\/\/www.catalunyacristiana.cat\/cardenal-martinez-sistach-si-la-sinodalitat-no-tira-endavant-el-clericalisme-continuara-existint\" rel=\"noopener noreferrer\" target=\"_blank\">https:\/\/www.catalunyacristiana.cat\/cardenal-martinez-sistach-si-la-sinodalitat-no-tira-endavant-el-clericalisme-continuara-existint<\/a><\/p>\n<p><\/p>\n<p>Religi\u00f3n Digital, 05\/06\/2025<\/p>\n<p><a href=\"https:\/\/www.religiondigital.org\/libros\/Cardenal-Martinez-Sistach-sinodalidad-clericalismo_0_2785821412.html\" rel=\"noopener noreferrer\" target=\"_blank\">https:\/\/www.religiondigital.org\/libros\/Cardenal-Martinez-Sistach-sinodalidad-clericalismo_0_2785821412.html<\/a><\/p>\n<p><\/p>\n<p>Catalunya Religi\u00f3, 07\/06\/2025<\/p>\n<p><a href=\"https:\/\/www.catalunyareligio.cat\/ca\/cardenal-sistach-presenta-seu-nou-llibre-nomes\" rel=\"noopener noreferrer\" target=\"_blank\">https:\/\/www.catalunyareligio.cat\/ca\/cardenal-sistach-presenta-seu-nou-llibre-nomes<\/a><\/p>\n<p><\/p>\n<p>Catalunya Cristiana, 08\/06\/2025<\/p>\n<p><a href=\"https:\/\/drive.google.com\/file\/d\/1WcXCVYGB7xA4sIH6Mg_NPD63MhvH83Ve\/view?usp=sharing\" rel=\"noopener noreferrer\" target=\"_blank\">https:\/\/drive.google.com\/file\/d\/1WcXCVYGB7xA4sIH6Mg_NPD63MhvH83Ve\/view?usp=sharing<\/a><\/p>\n<p><\/p>\n<p>Revista Foc Nou, 01\/07\/2025<\/p>\n<p><a href=\"https:\/\/drive.google.com\/file\/d\/1A-rNXc5wFPFQLHNnB7W4o41-OSCy9Ka0\/view?usp=sharing \" rel=\"noopener noreferrer\" target=\"_blank\">https:\/\/drive.google.com\/file\/d\/1A-rNXc5wFPFQLHNnB7W4o41-OSCy9Ka0\/view?usp=sharing <\/a><\/p>\n<p><\/p>\n<p>Catalunya Cristiana, 13\/07\/2025<\/p>\n<p><a href=\"https:\/\/drive.google.com\/file\/d\/1El7VuKIckHqPfnfE5Pxs6S8MzsVQ0N3N\/view?usp=sharing\" rel=\"noopener noreferrer\" target=\"_blank\">https:\/\/drive.google.com\/file\/d\/1El7VuKIckHqPfnfE5Pxs6S8MzsVQ0N3N\/view?usp=sharing<\/a><\/p>\n<p><\/p>\n<p>Ag\u00e8ncia Flama, 29\/09\/2025<\/p>\n<p><a href=\"https:\/\/www.agenciaflama.cat\/lluis-martinez-sistach-tarragona\/\" rel=\"noopener noreferrer\" target=\"_blank\">https:\/\/www.agenciaflama.cat\/lluis-martinez-sistach-tarragona\/<\/a><\/p>\n<p><\/p>\n<p>Catalunya Cristiana, 29\/09\/2025<\/p>\n<p><a href=\"https:\/\/www.catalunyacristiana.cat\/lluis-martinez-sistach-la-sinodalitat-no-te-marxa-enrere\" rel=\"noopener noreferrer\" target=\"_blank\">https:\/\/www.catalunyacristiana.cat\/lluis-martinez-sistach-la-sinodalitat-no-te-marxa-enrere<\/a><\/p>\n<p><\/p>\n<p>Catalunya Religi\u00f3, 30\/09\/2025<\/p>\n<p><a href=\"https:\/\/www.catalunyareligio.cat\/ca\/cardenal-sistach-davant-clericalisme-solucio-es\" rel=\"noopener noreferrer\" target=\"_blank\">https:\/\/www.catalunyareligio.cat\/ca\/cardenal-sistach-davant-clericalisme-solucio-es<\/a><\/p>\n<p><\/p>\n<p>Religi\u00f3n Digital, 30\/09\/2025<\/p>\n<p><a href=\"https:\/\/www.religiondigital.org\/libros\/Lluis-Martinez-Sistach-sinodalidad-marcha_0_2820917884.html\" rel=\"noopener noreferrer\" target=\"_blank\">https:\/\/www.religiondigital.org\/libros\/Lluis-Martinez-Sistach-sinodalidad-marcha_0_2820917884.html<\/a><\/p>\n<p><\/p>\n<p>Arquebisbat de Tarragona, 30\/10\/2025<\/p>\n<p><a href=\"https:\/\/www.arquebisbattarragona.cat\/2025\/09\/30\/el-cardenal-lluis-martinez-sistach-inaugura-les-formacions-permanents-del-clergat-diocesa-del-nou-curs\/\" rel=\"noopener noreferrer\" target=\"_blank\">https:\/\/www.arquebisbattarragona.cat\/2025\/09\/30\/el-cardenal-lluis-martinez-sistach-inaugura-les-formacions-permanents-del-clergat-diocesa-del-nou-curs\/<\/a><\/p>\n","editorial":[{"ID":6158,"post_author":"3","post_date":"2022-07-28 17:46:08","post_date_gmt":"2022-07-28 15:46:08","post_content":"","post_title":"CLARET","post_excerpt":"","post_status":"publish","comment_status":"closed","ping_status":"closed","post_password":"","post_name":"claret","to_ping":"","pinged":"","post_modified":"2022-07-28 17:46:08","post_modified_gmt":"2022-07-28 15:46:08","post_content_filtered":"","post_parent":0,"guid":"http:\/\/dev.claret.cat\/editorial\/claret\/","menu_order":0,"post_type":"editorial","post_mime_type":"","comment_count":"0","filter":"raw"}],"autores-libros":[{"ID":5735,"post_author":"3","post_date":"2022-07-28 17:30:20","post_date_gmt":"2022-07-28 15:30:20","post_content":"<span class=\"fontstyle0\">Llu\u00eds Mart\u00ednez Sistach va ser ordenat sacerdot el 1961. Es va doctorar el 1967 en dret civil i can\u00f2nic. El 1987 va ser consagrat bisbe titular d\u2019Algesires i auxiliar de Barcelona. El 1991 va ser nomenat bisbe de Tortosa. El 2004 va ser nomenat Arquebisbe Metropolit\u00e0 de Barcelona. El 2007 el papa Benet XVI el va nomenar cardenal. El 2013 va participar al Conclave que va escollir el cardenal Jorge Mario Bergoglio com a Papa. El papa Francesc, el 2015, va fer efectiva la seva ren\u00fancia al capdavant de l\u2019arquebisbat de Barcelona.<\/span>","post_title":"LLU\u00cdS MART\u00cdNEZ SISTACH","post_excerpt":"","post_status":"publish","comment_status":"closed","ping_status":"closed","post_password":"","post_name":"lluis-martinez-sistach","to_ping":"","pinged":"","post_modified":"2025-05-29 17:23:33","post_modified_gmt":"2025-05-29 15:23:33","post_content_filtered":"","post_parent":0,"guid":"http:\/\/dev.claret.cat\/autor\/lluis-martinez-sistach\/","menu_order":0,"post_type":"autor","post_mime_type":"","comment_count":"0","filter":"raw"}],"traductores-libros":"","ilustradores-libros":"","formato":"","linkebook":"","precioebook":"0","ebookportada":false,"ficha":"849136593_1746705093.pdf","muestra":"","presentacion":"<iframe width=\"948\" height=\"533\" src=\"https:\/\/www.youtube.com\/embed\/LRVgXiW7Uqc?si=J3O-MVzMrWg1mAFM\" title=\"YouTube video player\" frameborder=\"0\" allow=\"accelerometer; autoplay; clipboard-write; encrypted-media; gyroscope; picture-in-picture; web-share\" referrerpolicy=\"strict-origin-when-cross-origin\" allowfullscreen><\/iframe>","recomendamos":"","mas_vendido":""},"aioseo_notices":[],"_links":{"self":[{"href":"https:\/\/www.claret.cat\/es\/wp-json\/wp\/v2\/product\/1019324","targetHints":{"allow":["GET"]}}],"collection":[{"href":"https:\/\/www.claret.cat\/es\/wp-json\/wp\/v2\/product"}],"about":[{"href":"https:\/\/www.claret.cat\/es\/wp-json\/wp\/v2\/types\/product"}],"wp:featuredmedia":[{"embeddable":true,"href":"https:\/\/www.claret.cat\/es\/wp-json\/wp\/v2\/media\/1073781"}],"wp:attachment":[{"href":"https:\/\/www.claret.cat\/es\/wp-json\/wp\/v2\/media?parent=1019324"}],"wp:term":[{"taxonomy":"product_brand","embeddable":true,"href":"https:\/\/www.claret.cat\/es\/wp-json\/wp\/v2\/product_brand?post=1019324"},{"taxonomy":"product_cat","embeddable":true,"href":"https:\/\/www.claret.cat\/es\/wp-json\/wp\/v2\/product_cat?post=1019324"},{"taxonomy":"product_tag","embeddable":true,"href":"https:\/\/www.claret.cat\/es\/wp-json\/wp\/v2\/product_tag?post=1019324"}],"curies":[{"name":"wp","href":"https:\/\/api.w.org\/{rel}","templated":true}]}}