{"id":1019468,"date":"2025-04-30T12:25:02","date_gmt":"2025-04-30T10:25:02","guid":{"rendered":"https:\/\/www.claret.cat\/llibre\/desafios-actuales-de-la-via-religiosa-revista-frontera-hegian-128-9789513111281\/"},"modified":"2025-07-28T11:47:41","modified_gmt":"2025-07-28T09:47:41","slug":"revista-frontera-128-desafios-actuales-de-la-via-religiosa-9789513111281","status":"publish","type":"product","link":"https:\/\/www.claret.cat\/es\/libro\/revista-frontera-128-desafios-actuales-de-la-via-religiosa-9789513111281\/","title":{"rendered":"REVISTA FRONTERA, 128. DESAF\u00cdOS ACTUALES DE LA VIA RELIGIOSA"},"content":{"rendered":"","protected":false},"excerpt":{"rendered":"<p>D\u00cdAZ SARIEGO, JES\u00daS<\/p>\n","protected":false},"featured_media":1048414,"template":"","meta":{"_acf_changed":false,"om_disable_all_campaigns":false,"rs_blank_template":"","rs_page_bg_color":"","slide_template_v7":"","inline_featured_image":false,"_monsterinsights_skip_tracking":false,"_monsterinsights_sitenote_active":false,"_monsterinsights_sitenote_note":"","_monsterinsights_sitenote_category":0},"product_brand":[],"product_cat":[92,542],"product_tag":[],"class_list":{"0":"post-1019468","1":"product","2":"type-product","3":"status-publish","4":"has-post-thumbnail","6":"product_cat-vida-religiosa","7":"product_cat-vida-religiosa-1_espiritualidad-spa","9":"first","10":"instock","11":"taxable","12":"shipping-taxable","13":"purchasable","14":"product-type-simple"},"acf":{"autor":"D\u00cdAZ SARIEGO, JES\u00daS","codart":"951311128","libros-coleccion":"","ediciones":"1","encuadernacion":"R\u00fastica","fecha_de_publicacion":"30\/04\/2025","novedad":"1","paginas":"128","subtitulo":"","orden":"0","portada":"0","idioma":"spa","booktrailer":"","resenas":"","editorial":[{"ID":6224,"post_author":"3","post_date":"2022-07-28 17:47:33","post_date_gmt":"2022-07-28 15:47:33","post_content":"","post_title":"EDITORIAL FRONTERA","post_excerpt":"","post_status":"publish","comment_status":"closed","ping_status":"closed","post_password":"","post_name":"editorial-frontera","to_ping":"","pinged":"","post_modified":"2022-07-28 17:47:33","post_modified_gmt":"2022-07-28 15:47:33","post_content_filtered":"","post_parent":0,"guid":"http:\/\/dev.claret.cat\/editorial\/editorial-frontera\/","menu_order":0,"post_type":"editorial","post_mime_type":"","comment_count":"0","filter":"raw"}]},"aioseo_notices":[],"_links":{"self":[{"href":"https:\/\/www.claret.cat\/es\/wp-json\/wp\/v2\/product\/1019468","targetHints":{"allow":["GET"]}}],"collection":[{"href":"https:\/\/www.claret.cat\/es\/wp-json\/wp\/v2\/product"}],"about":[{"href":"https:\/\/www.claret.cat\/es\/wp-json\/wp\/v2\/types\/product"}],"wp:featuredmedia":[{"embeddable":true,"href":"https:\/\/www.claret.cat\/es\/wp-json\/wp\/v2\/media\/1048414"}],"wp:attachment":[{"href":"https:\/\/www.claret.cat\/es\/wp-json\/wp\/v2\/media?parent=1019468"}],"wp:term":[{"taxonomy":"product_brand","embeddable":true,"href":"https:\/\/www.claret.cat\/es\/wp-json\/wp\/v2\/product_brand?post=1019468"},{"taxonomy":"product_cat","embeddable":true,"href":"https:\/\/www.claret.cat\/es\/wp-json\/wp\/v2\/product_cat?post=1019468"},{"taxonomy":"product_tag","embeddable":true,"href":"https:\/\/www.claret.cat\/es\/wp-json\/wp\/v2\/product_tag?post=1019468"}],"curies":[{"name":"wp","href":"https:\/\/api.w.org\/{rel}","templated":true}]}}