{"id":1019491,"date":"2025-04-30T13:10:26","date_gmt":"2025-04-30T11:10:26","guid":{"rendered":"https:\/\/www.claret.cat\/llibre\/disney-baby-stitch-hace-castillos-de-arena-9788418939259\/"},"modified":"2025-04-30T13:26:22","modified_gmt":"2025-04-30T11:26:22","slug":"disney-baby-stitch-hace-castillos-de-arena-9788418939259","status":"publish","type":"product","link":"https:\/\/www.claret.cat\/es\/libro\/disney-baby-stitch-hace-castillos-de-arena-9788418939259\/","title":{"rendered":"DISNEY BABY. STITCH HACE CASTILLOS DE ARENA"},"content":{"rendered":"<p>El peque\u00f1o extraterrestre Stitch est\u00e1 disfrutando de un d\u00eda en la playa con Lilo, Nani y David. De repente, un concurso de castillos de arena le da la oportunidad de mostrar un talento oculto.<\/p>\n","protected":false},"excerpt":{"rendered":"<p>DISNEY<\/p>\n","protected":false},"featured_media":1019492,"template":"","meta":{"_acf_changed":false,"om_disable_all_campaigns":false,"rs_blank_template":"","rs_page_bg_color":"","slide_template_v7":"","inline_featured_image":false,"_monsterinsights_skip_tracking":false,"_monsterinsights_sitenote_active":false,"_monsterinsights_sitenote_note":"","_monsterinsights_sitenote_category":0},"product_brand":[],"product_cat":[131,361],"product_tag":[],"class_list":{"0":"post-1019491","1":"product","2":"type-product","3":"status-publish","4":"has-post-thumbnail","6":"product_cat-contes-per-infants-0-6-anys","7":"product_cat-cuentos-para-ninos-0-6-anos","9":"first","10":"instock","11":"taxable","12":"shipping-taxable","13":"purchasable","14":"product-type-simple"},"acf":{"autor":"DISNEY","codart":"841893925","libros-coleccion":"Disney Baby","ediciones":"1","encuadernacion":"Carton\u00e9","fecha_de_publicacion":"01\/09\/2022","novedad":"1","paginas":"12","subtitulo":"MIS PRIMEROS CUENTOS","orden":"0","portada":"0","idioma":"spa","booktrailer":"","resenas":"","editorial":[{"ID":6289,"post_author":"3","post_date":"2022-07-28 17:48:59","post_date_gmt":"2022-07-28 15:48:59","post_content":"","post_title":"LIBROS DISNEY","post_excerpt":"","post_status":"publish","comment_status":"closed","ping_status":"closed","post_password":"","post_name":"libros-disney","to_ping":"","pinged":"","post_modified":"2022-07-28 17:48:59","post_modified_gmt":"2022-07-28 15:48:59","post_content_filtered":"","post_parent":0,"guid":"http:\/\/dev.claret.cat\/editorial\/libros-disney\/","menu_order":0,"post_type":"editorial","post_mime_type":"","comment_count":"0","filter":"raw"}]},"aioseo_notices":[],"_links":{"self":[{"href":"https:\/\/www.claret.cat\/es\/wp-json\/wp\/v2\/product\/1019491","targetHints":{"allow":["GET"]}}],"collection":[{"href":"https:\/\/www.claret.cat\/es\/wp-json\/wp\/v2\/product"}],"about":[{"href":"https:\/\/www.claret.cat\/es\/wp-json\/wp\/v2\/types\/product"}],"wp:featuredmedia":[{"embeddable":true,"href":"https:\/\/www.claret.cat\/es\/wp-json\/wp\/v2\/media\/1019492"}],"wp:attachment":[{"href":"https:\/\/www.claret.cat\/es\/wp-json\/wp\/v2\/media?parent=1019491"}],"wp:term":[{"taxonomy":"product_brand","embeddable":true,"href":"https:\/\/www.claret.cat\/es\/wp-json\/wp\/v2\/product_brand?post=1019491"},{"taxonomy":"product_cat","embeddable":true,"href":"https:\/\/www.claret.cat\/es\/wp-json\/wp\/v2\/product_cat?post=1019491"},{"taxonomy":"product_tag","embeddable":true,"href":"https:\/\/www.claret.cat\/es\/wp-json\/wp\/v2\/product_tag?post=1019491"}],"curies":[{"name":"wp","href":"https:\/\/api.w.org\/{rel}","templated":true}]}}