{"id":101957,"date":"2022-10-12T08:14:17","date_gmt":"2022-10-12T06:14:17","guid":{"rendered":"http:\/\/dev.claret.cat\/producte\/disset-pianos-2\/"},"modified":"2024-01-31T18:36:14","modified_gmt":"2024-01-31T17:36:14","slug":"disset-pianos-9788417423902","status":"publish","type":"product","link":"https:\/\/www.claret.cat\/es\/libro\/disset-pianos-9788417423902\/","title":{"rendered":"DISSET PIANOS"},"content":{"rendered":"<p>\u00abNo malvenguis els pianos\u00bb s\u00f3n les \u00faltimes paraules d&#8221;en P\u00e9ter, un restaurador de pianos d&#8221;origen roman\u00e8s que s&#8221;ha mort sobtadament. A pesar de tractar-se d&#8221;un m\u00f3n que li \u00e9s del tot desconegut, la seva dona, la Mei, decideix tirar endavant la seva petici\u00f3 tota sola. Per\u00f2 el determini va per una banda i la realitat, per una altra. No comptava que la botiga de pianos seria l&#8221;escenari de tantes situacions imprevistes i d&#8221;una desfilada de personatges de tota mena. Per tancar el comprom\u00eds, la Mei va a Bucarest per con\u00e8ixer la mare i la germana d&#8221;en P\u00e9ter i entra en contacte amb un m\u00f3n pertorbador.<br \/> Disset pianos novel\u00b7la les respostes als enigmes de la vida per vies insospitades. L&#8221;enigma del jo i l&#8221;enigma de l&#8221;altre. Com a les obres cl\u00e0ssiques de la literatura, la venda dels disset pianos \u00e9s un cam\u00ed cap al coneixement i la transformaci\u00f3.<\/p>\n","protected":false},"excerpt":{"rendered":"<p>SOLSONA, RAMON<\/p>\n","protected":false},"featured_media":101958,"template":"","meta":{"_acf_changed":false,"om_disable_all_campaigns":false,"rs_blank_template":"","rs_page_bg_color":"","slide_template_v7":"","inline_featured_image":false,"_monsterinsights_skip_tracking":false,"_monsterinsights_sitenote_active":false,"_monsterinsights_sitenote_note":"","_monsterinsights_sitenote_category":0},"product_brand":[],"product_cat":[127,357],"product_tag":[],"class_list":{"0":"post-101957","1":"product","2":"type-product","3":"status-publish","4":"has-post-thumbnail","6":"product_cat-novella-contemporania","7":"product_cat-novela-contemporanea","9":"first","10":"instock","11":"taxable","12":"shipping-taxable","13":"purchasable","14":"product-type-simple"},"acf":{"editorial":[{"ID":6281,"post_author":"3","post_date":"2022-07-28 17:48:50","post_date_gmt":"2022-07-28 15:48:50","post_content":"","post_title":"LABUTXACA","post_excerpt":"","post_status":"publish","comment_status":"closed","ping_status":"closed","post_password":"","post_name":"labutxaca","to_ping":"","pinged":"","post_modified":"2022-07-28 17:48:50","post_modified_gmt":"2022-07-28 15:48:50","post_content_filtered":"","post_parent":0,"guid":"http:\/\/dev.claret.cat\/editorial\/labutxaca\/","menu_order":0,"post_type":"editorial","post_mime_type":"","comment_count":"0","filter":"raw"}],"autor":"SOLSONA, RAMON","codart":"841742390","libros-coleccion":"LABUTXACA","ediciones":"1","encuadernacion":"R\u00fastica","fecha_de_publicacion":"01\/11\/2020","novedad":"1","paginas":"411","subtitulo":"","orden":"0","portada":"0","idioma":"cat","autores-libros":[{"ID":167758,"post_author":"3","post_date":"2022-10-14 18:13:47","post_date_gmt":"2022-10-14 16:13:47","post_content":"","post_title":"RAMON SOLSONA","post_excerpt":"","post_status":"publish","comment_status":"closed","ping_status":"closed","post_password":"","post_name":"ramon-solsona","to_ping":"","pinged":"","post_modified":"2022-10-14 18:13:47","post_modified_gmt":"2022-10-14 16:13:47","post_content_filtered":"","post_parent":0,"guid":"http:\/\/dev.claret.cat\/autor\/ramon-solsona\/","menu_order":0,"post_type":"autor","post_mime_type":"","comment_count":"0","filter":"raw"}]},"aioseo_notices":[],"_links":{"self":[{"href":"https:\/\/www.claret.cat\/es\/wp-json\/wp\/v2\/product\/101957","targetHints":{"allow":["GET"]}}],"collection":[{"href":"https:\/\/www.claret.cat\/es\/wp-json\/wp\/v2\/product"}],"about":[{"href":"https:\/\/www.claret.cat\/es\/wp-json\/wp\/v2\/types\/product"}],"wp:featuredmedia":[{"embeddable":true,"href":"https:\/\/www.claret.cat\/es\/wp-json\/wp\/v2\/media\/101958"}],"wp:attachment":[{"href":"https:\/\/www.claret.cat\/es\/wp-json\/wp\/v2\/media?parent=101957"}],"wp:term":[{"taxonomy":"product_brand","embeddable":true,"href":"https:\/\/www.claret.cat\/es\/wp-json\/wp\/v2\/product_brand?post=101957"},{"taxonomy":"product_cat","embeddable":true,"href":"https:\/\/www.claret.cat\/es\/wp-json\/wp\/v2\/product_cat?post=101957"},{"taxonomy":"product_tag","embeddable":true,"href":"https:\/\/www.claret.cat\/es\/wp-json\/wp\/v2\/product_tag?post=101957"}],"curies":[{"name":"wp","href":"https:\/\/api.w.org\/{rel}","templated":true}]}}