{"id":1019579,"date":"2025-04-30T14:21:37","date_gmt":"2025-04-30T12:21:37","guid":{"rendered":"https:\/\/www.claret.cat\/llibre\/fieras-y-ganados-bendecid-al-senor-daniel-381-9788422023876\/"},"modified":"2025-12-19T10:10:33","modified_gmt":"2025-12-19T09:10:33","slug":"fieras-y-ganados-bendecid-al-senor-daniel-381-9788422023876","status":"publish","type":"product","link":"https:\/\/www.claret.cat\/es\/libro\/fieras-y-ganados-bendecid-al-senor-daniel-381-9788422023876\/","title":{"rendered":"FIERAS Y GANADOS BENDECID AL SE\u00d1OR (DANIEL 3,81)"},"content":{"rendered":"<p>Edici\u00f3n p\u00f3stuma preparada por&nbsp;<strong>Pablo Cervera Barranco<\/strong><\/p>\n<p>Esta edici\u00f3n p\u00f3stuma de&nbsp;<em>\u00abFieras y ganados, bendecid al Se\u00f1or\u00bb (Daniel 3,81),&nbsp;<\/em>del pro\u00adfesor y reconocido biblista Manuel Iglesias Gon\u00adz\u00e1lez,&nbsp;SJ, viene a guiar al lector a trav\u00e9s de un singular bestiario b\u00edblico que va desde el perro y el lobo hasta el mosquito y el camello.<\/p>\n<p>Con prosa elegante y afinad\u00edsimo ojo cr\u00edtico, el P. Iglesias indaga en el significado y la rele\u00advancia que tienen los animales en el texto sa\u00adgrado, invitando al lector a la reflexi\u00f3n sobre el papel que juega cada uno de ellos en la his\u00adtoria de la salvaci\u00f3n. A lo largo de sus p\u00e1ginas se explora la simbolog\u00eda del cordero, la astucia de la serpiente, la humildad del asno y as\u00ed con otros tantos animales que desfilan por la Biblia.<\/p>\n<p>El libro, fruto sin duda de la sabidur\u00eda b\u00edblica y la profunda espiritualidad de uno de nuestros grandes maestros, resulta ser no solo una lectura amena sino tambi\u00e9n iluminadora, y as\u00ed han de sa\u00adludarlo quienes deseen ahondar en la riqueza de las Escrituras a trav\u00e9s de una perspectiva inusual y, sobre todo, profundamente reveladora.<\/p>\n","protected":false},"excerpt":{"rendered":"<p>IGLESIAS GONZ\u00c1LEZ, MANUEL<\/p>\n","protected":false},"featured_media":1020346,"template":"","meta":{"_acf_changed":false,"om_disable_all_campaigns":false,"rs_blank_template":"","rs_page_bg_color":"","slide_template_v7":"","inline_featured_image":false,"_monsterinsights_skip_tracking":false,"_monsterinsights_sitenote_active":false,"_monsterinsights_sitenote_note":"","_monsterinsights_sitenote_category":0},"product_brand":[],"product_cat":[470,210,271,409],"product_tag":[],"class_list":{"0":"post-1019579","1":"product","2":"type-product","3":"status-publish","4":"has-post-thumbnail","6":"product_cat-atlas","7":"product_cat-atles","8":"product_cat-en-general","9":"product_cat-en-general-pastoral-1_espiritualidad","11":"first","12":"instock","13":"taxable","14":"shipping-taxable","15":"purchasable","16":"product-type-simple"},"acf":{"autor":"IGLESIAS GONZ\u00c1LEZ, MANUEL","codart":"842202387","libros-coleccion":"BAC Popular","ediciones":"1","encuadernacion":"R\u00fastica","fecha_de_publicacion":"30\/04\/2025","novedad":"1","paginas":"128","subtitulo":"LOS ANIMALES EN LA BIBLIA","orden":"999","portada":"0","idioma":"spa","booktrailer":"","resenas":"","editorial":[{"ID":147509,"post_author":"3","post_date":"2022-10-14 11:51:07","post_date_gmt":"2022-10-14 09:51:07","post_content":"","post_title":"B.A.C.","post_excerpt":"","post_status":"publish","comment_status":"closed","ping_status":"closed","post_password":"","post_name":"b-a-c","to_ping":"","pinged":"","post_modified":"2022-10-14 11:51:07","post_modified_gmt":"2022-10-14 09:51:07","post_content_filtered":"","post_parent":0,"guid":"http:\/\/dev.claret.cat\/editorial\/b-a-c\/","menu_order":0,"post_type":"editorial","post_mime_type":"","comment_count":"0","filter":"raw"}]},"aioseo_notices":[],"_links":{"self":[{"href":"https:\/\/www.claret.cat\/es\/wp-json\/wp\/v2\/product\/1019579","targetHints":{"allow":["GET"]}}],"collection":[{"href":"https:\/\/www.claret.cat\/es\/wp-json\/wp\/v2\/product"}],"about":[{"href":"https:\/\/www.claret.cat\/es\/wp-json\/wp\/v2\/types\/product"}],"wp:featuredmedia":[{"embeddable":true,"href":"https:\/\/www.claret.cat\/es\/wp-json\/wp\/v2\/media\/1020346"}],"wp:attachment":[{"href":"https:\/\/www.claret.cat\/es\/wp-json\/wp\/v2\/media?parent=1019579"}],"wp:term":[{"taxonomy":"product_brand","embeddable":true,"href":"https:\/\/www.claret.cat\/es\/wp-json\/wp\/v2\/product_brand?post=1019579"},{"taxonomy":"product_cat","embeddable":true,"href":"https:\/\/www.claret.cat\/es\/wp-json\/wp\/v2\/product_cat?post=1019579"},{"taxonomy":"product_tag","embeddable":true,"href":"https:\/\/www.claret.cat\/es\/wp-json\/wp\/v2\/product_tag?post=1019579"}],"curies":[{"name":"wp","href":"https:\/\/api.w.org\/{rel}","templated":true}]}}